{"id":35619,"date":"2026-02-10T12:57:06","date_gmt":"2026-02-10T16:57:06","guid":{"rendered":"https:\/\/www.inuvika.com\/?page_id=35619"},"modified":"2026-04-08T06:56:38","modified_gmt":"2026-04-08T10:56:38","slug":"folhas-de-dados-whitepapers","status":"publish","type":"page","link":"https:\/\/www.inuvika.com\/pt\/datasheets-whitepapers\/","title":{"rendered":"Folhas de dados e documentos t\u00e9cnicos"},"content":{"rendered":"<div class=\"brz brz-root__container brz-reset-all brz-root__container-page\">\n<section id=\"gIoa9u2NnbCc_gIoa9u2NnbCc\" class=\"brz-section brz-css-d-section brz-css-ul09d8\">\n<div class=\"brz-section__content brz-section--boxed brz-css-d-sectionitem-bg brz-css-1qe0ib2\" data-brz-custom-id=\"hsJE95GbOloP\">\n<div class=\"brz-bg\">\n<div class=\"brz-bg-color\"><\/div>\n<div class=\"brz-bg-shape brz-bg-shape__bottom\"><\/div>\n<\/div>\n<div class=\"brz-container brz-css-d-sectionitem-container brz-css-zm0fza\">\n<div class=\"brz-row__container brz-css-d-row-row brz-css-1sdmqop\" data-brz-custom-id=\"rbiuhePINddB\">\n<div class=\"brz-row brz-css-d-row-container brz-css-r-row-container brz-css-1o86fc6\">\n<div class=\"brz-columns brz-css-d-column-column brz-css-1b1it8y\" data-brz-custom-id=\"pdXKVCpIhpfD\">\n<div class=\"brz-column__items brz-css-d-column-bg brz-css-9tboqy\">\n<div id=\"\" class=\"brz-css-d-wrapper brz-css-w3zibw brz-wrapper\">\n<div class=\"brz-wp-title brz-css-d-wppoststitle brz-css-osgan9\" data-brz-custom-id=\"agnDQlk2cXmj\"><span class=\"brz-wp-title-content\" style=\"min-height:20px\">Folhas de dados e documentos t\u00e9cnicos<\/span><\/div>\n<\/div>\n<\/div>\n<\/div>\n<div class=\"brz-columns brz-css-d-column-column brz-css-t2qvxb\" data-brz-custom-id=\"epZTDNDs_ayN\">\n<div class=\"brz-column__items brz-css-d-column-bg brz-css-1tq5ayn\">\n<div class=\"brz-wrapper-clone brz-flex-xs-wrap brz-css-d-cloneable brz-css-z7uhq4\" data-brz-custom-id=\"bgCmvR6l5As5\"><a class=\"brz-a brz-btn brz-css-d-button brz-css-h92dbz brz-css-d-button-bg brz-css-lwnjxu\" target=\"_self\" rel=\"noopener\" href=\"https:\/\/www.inuvika.com\/pt\/recursos-2\/\" data-brz-link-type=\"external\" data-brz-custom-id=\"fj5mwEHeeh1F\"><span data-brz-translate-text=\"1\" class=\"brz-span brz-text__editor\">Voltar para Recursos<\/span><\/a><\/div>\n<\/div>\n<\/div>\n<\/div>\n<\/div>\n<\/div>\n<\/div>\n<\/section>\n<section id=\"j6HhTi5gpnhu_j6HhTi5gpnhu\" class=\"brz-section brz-css-d-section brz-css-1iaiwgf\">\n<div class=\"brz-section__content brz-section--boxed brz-css-d-sectionitem-bg brz-css-1iijx5u\" data-brz-custom-id=\"ks19gZtdGsc4\">\n<div class=\"brz-container brz-css-d-sectionitem-container brz-css-4mhgrn\">\n<div id=\"\" class=\"brz-css-d-wrapper brz-css-r-wrapper brz-css-h5zao9 brz-wrapper\">\n<div class=\"brz-posts brz-css-d-posts brz-css-mbmexl\" data-brz-custom-id=\"n58jAktupAdB\">\n<div class=\"brz-posts__wrapper\">\n<div class=\"brz-posts__item\">\n<div class=\"brz-columns brz-css-d-column-column brz-css-r-column-column brz-css-130ve76\" data-brz-custom-id=\"tPEVxVJXC5lJ\">\n<div class=\"brz-column__items brz-css-d-column-bg brz-css-3glet5\">\n<div id=\"\" class=\"brz-css-d-wrapper brz-css-yu7ght brz-wrapper\">\n<div class=\"brz-image brz-css-d-image-owmjxg70clou-parent brz-css-8f0cxe\" data-brz-custom-id=\"owmJXg70clOu\"><img decoding=\"async\" class=\"brz-img\" src=\"https:\/\/www.inuvika.com\/wp-content\/uploads\/brizy\/imgs\/ResoluteOS_Resources_tile_800_400-526x263x88x0x350x263x1756393204.webp\" loading=\"lazy\" title=\"\"><\/div>\n<\/div>\n<div id=\"\" class=\"brz-css-d-wrapper brz-css-16m1o8y brz-wrapper\">\n<div class=\"brz-wp-title brz-css-d-wppoststitle brz-css-r-wppoststitle brz-css-1ybgjsr\" data-brz-custom-id=\"jVCTnDPH8zPe\"><span class=\"brz-wp-title-content\" style=\"min-height:20px\">Vis\u00e3o geral do ResoluteOS\u2122 - Folha de dados<\/span><\/div>\n<\/div>\n<div id=\"\" class=\"brz-css-d-wrapper brz-css-e9a0rp brz-wrapper\">\n<div class=\"brz-wp-post-excerpt brz-css-d-wppostexcerpt brz-css-r-wppostexcerpt brz-css-55bcz3\" data-brz-custom-id=\"pN160FcPw_jd\"><span class=\"brz-wp-post-excerpt-content\" style=\"min-height:20px\">O ResoluteOS \u00e9 o sistema operacional Linux thin client desenvolvido pela Inuvika que fornece com seguran\u00e7a desktops virtuais e aplicativos Inuvika OVD para qualquer dispositivo. Projetado para desempenho e simplicidade, ele transforma o hardware existente em endpoints seguros e gerenciados centralmente. O ResoluteOS combina tempos de inicializa\u00e7\u00e3o r\u00e1pidos, espa\u00e7o m\u00ednimo ocupado e controle de n\u00edvel empresarial, permitindo uma experi\u00eancia de espa\u00e7o de trabalho moderna em praticamente qualquer lugar. Fa\u00e7a o download deste whitepaper<\/span><\/div>\n<\/div>\n<div id=\"readmore\" class=\"brz-wrapper-clone brz-flex-xs-wrap brz-css-d-cloneable brz-css-hp189i\" data-brz-custom-id=\"bPWditVMojXY\"><a class=\"brz-a brz-btn brz-css-d-button brz-css-1en0s4x brz-css-d-button-bg brz-css-r-button-bg brz-css-3oxn7o\" target=\"_self\" rel=\"noopener\" href=\"https:\/\/www.inuvika.com\/pt\/recursos-2\/folha-de-dados-geral-do-resoluteos\/\" data-brz-link-type=\"external\" data-brz-custom-id=\"uMjPVLof7NGI\"><span data-brz-translate-text=\"1\" class=\"brz-span brz-text__editor\">LEIA MAIS<\/span><\/a><\/div>\n<\/div>\n<\/div>\n<\/div>\n<div class=\"brz-posts__item\">\n<div class=\"brz-columns brz-css-d-column-column brz-css-r-column-column brz-css-130ve76\" data-brz-custom-id=\"tPEVxVJXC5lJ\">\n<div class=\"brz-column__items brz-css-d-column-bg brz-css-3glet5\">\n<div id=\"\" class=\"brz-css-d-wrapper brz-css-yu7ght brz-wrapper\">\n<div class=\"brz-image brz-css-d-image-owmjxg70clou-parent brz-css-8f0cxe\" data-brz-custom-id=\"owmJXg70clOu\"><img decoding=\"async\" class=\"brz-img\" src=\"https:\/\/www.inuvika.com\/wp-content\/uploads\/brizy\/imgs\/inuvikalogodevices-397x263x23x0x350x263x1755797359.png\" loading=\"lazy\" title=\"\"><\/div>\n<\/div>\n<div id=\"\" class=\"brz-css-d-wrapper brz-css-16m1o8y brz-wrapper\">\n<div class=\"brz-wp-title brz-css-d-wppoststitle brz-css-r-wppoststitle brz-css-1ybgjsr\" data-brz-custom-id=\"jVCTnDPH8zPe\"><span class=\"brz-wp-title-content\" style=\"min-height:20px\">Vis\u00e3o geral do OVD Enterprise - Folha de dados<\/span><\/div>\n<\/div>\n<div id=\"\" class=\"brz-css-d-wrapper brz-css-e9a0rp brz-wrapper\">\n<div class=\"brz-wp-post-excerpt brz-css-d-wppostexcerpt brz-css-r-wppostexcerpt brz-css-55bcz3\" data-brz-custom-id=\"pN160FcPw_jd\"><span class=\"brz-wp-post-excerpt-content\" style=\"min-height:20px\">O Inuvika OVD Enterprise fornece aplicativos e desktops Windows e Linux aos usu\u00e1rios em qualquer dispositivo, em qualquer lugar. \u00c9 uma solu\u00e7\u00e3o robusta de aplicativos virtualizados que centraliza dados e aplicativos e protege informa\u00e7\u00f5es corporativas confidenciais, criando ambientes de espa\u00e7o de trabalho digital seguros e acess\u00edveis remotamente. Fa\u00e7a o download deste whitepaper<\/span><\/div>\n<\/div>\n<div id=\"readmore\" class=\"brz-wrapper-clone brz-flex-xs-wrap brz-css-d-cloneable brz-css-hp189i\" data-brz-custom-id=\"bPWditVMojXY\"><a class=\"brz-a brz-btn brz-css-d-button brz-css-1en0s4x brz-css-d-button-bg brz-css-r-button-bg brz-css-3oxn7o\" target=\"_self\" rel=\"noopener\" href=\"https:\/\/www.inuvika.com\/pt\/recursos-2\/folha-de-dados-de-visao-geral-do-ovd-enterprise\/\" data-brz-link-type=\"external\" data-brz-custom-id=\"uMjPVLof7NGI\"><span data-brz-translate-text=\"1\" class=\"brz-span brz-text__editor\">LEIA MAIS<\/span><\/a><\/div>\n<\/div>\n<\/div>\n<\/div>\n<div class=\"brz-posts__item\">\n<div class=\"brz-columns brz-css-d-column-column brz-css-r-column-column brz-css-130ve76\" data-brz-custom-id=\"tPEVxVJXC5lJ\">\n<div class=\"brz-column__items brz-css-d-column-bg brz-css-3glet5\">\n<div id=\"\" class=\"brz-css-d-wrapper brz-css-yu7ght brz-wrapper\">\n<div class=\"brz-image brz-css-d-image-owmjxg70clou-parent brz-css-8f0cxe\" data-brz-custom-id=\"owmJXg70clOu\"><img decoding=\"async\" class=\"brz-img\" src=\"https:\/\/www.inuvika.com\/wp-content\/uploads\/brizy\/imgs\/16076-393x263x21x0x350x263x1758902986.jpg\" loading=\"lazy\" title=\"Alternativa Citrix Workspace\"><\/div>\n<\/div>\n<div id=\"\" class=\"brz-css-d-wrapper brz-css-16m1o8y brz-wrapper\">\n<div class=\"brz-wp-title brz-css-d-wppoststitle brz-css-r-wppoststitle brz-css-1ybgjsr\" data-brz-custom-id=\"jVCTnDPH8zPe\"><span class=\"brz-wp-title-content\" style=\"min-height:20px\">A alternativa \u00e0 Citrix e \u00e0 VMware<\/span><\/div>\n<\/div>\n<div id=\"\" class=\"brz-css-d-wrapper brz-css-e9a0rp brz-wrapper\">\n<div class=\"brz-wp-post-excerpt brz-css-d-wppostexcerpt brz-css-r-wppostexcerpt brz-css-55bcz3\" data-brz-custom-id=\"pN160FcPw_jd\"><span class=\"brz-wp-post-excerpt-content\" style=\"min-height:20px\">O OVD Enterprise elimina a complexidade e reduz os custos associados \u00e0 Citrix e \u00e0 VMware. Ele fornece uma solu\u00e7\u00e3o integrada e direta que \u00e9 r\u00e1pida e f\u00e1cil de implementar, simples de gerenciar e oferece uma excelente experi\u00eancia ao usu\u00e1rio. Fa\u00e7a o download deste whitepaper<\/span><\/div>\n<\/div>\n<div id=\"readmore\" class=\"brz-wrapper-clone brz-flex-xs-wrap brz-css-d-cloneable brz-css-hp189i\" data-brz-custom-id=\"bPWditVMojXY\"><a class=\"brz-a brz-btn brz-css-d-button brz-css-1en0s4x brz-css-d-button-bg brz-css-r-button-bg brz-css-3oxn7o\" target=\"_self\" rel=\"noopener\" href=\"https:\/\/www.inuvika.com\/pt\/recursos-2\/a-alternativa-a-citrix-e-a-vmware\/\" data-brz-link-type=\"external\" data-brz-custom-id=\"uMjPVLof7NGI\"><span data-brz-translate-text=\"1\" class=\"brz-span brz-text__editor\">LEIA MAIS<\/span><\/a><\/div>\n<\/div>\n<\/div>\n<\/div>\n<div class=\"brz-posts__item\">\n<div class=\"brz-columns brz-css-d-column-column brz-css-r-column-column brz-css-130ve76\" data-brz-custom-id=\"tPEVxVJXC5lJ\">\n<div class=\"brz-column__items brz-css-d-column-bg brz-css-3glet5\">\n<div id=\"\" class=\"brz-css-d-wrapper brz-css-yu7ght brz-wrapper\">\n<div class=\"brz-image brz-css-d-image-owmjxg70clou-parent brz-css-8f0cxe\" data-brz-custom-id=\"owmJXg70clOu\"><img decoding=\"async\" class=\"brz-img\" src=\"https:\/\/www.inuvika.com\/wp-content\/uploads\/brizy\/imgs\/Screenshot-2026-02-02-at-23-41-22-Remote-Access-Business-Continuity-v1-03-25-20.pdf-436x263x43x0x350x263x1770055901.png\" loading=\"lazy\" title=\"\"><\/div>\n<\/div>\n<div id=\"\" class=\"brz-css-d-wrapper brz-css-16m1o8y brz-wrapper\">\n<div class=\"brz-wp-title brz-css-d-wppoststitle brz-css-r-wppoststitle brz-css-1ybgjsr\" data-brz-custom-id=\"jVCTnDPH8zPe\"><span class=\"brz-wp-title-content\" style=\"min-height:20px\">Acesso remoto e continuidade dos neg\u00f3cios<\/span><\/div>\n<\/div>\n<div id=\"\" class=\"brz-css-d-wrapper brz-css-e9a0rp brz-wrapper\">\n<div class=\"brz-wp-post-excerpt brz-css-d-wppostexcerpt brz-css-r-wppostexcerpt brz-css-55bcz3\" data-brz-custom-id=\"pN160FcPw_jd\"><span class=\"brz-wp-post-excerpt-content\" style=\"min-height:20px\">Com uma lista cada vez maior de riscos para as empresas, a necessidade de planejamento da continuidade dos neg\u00f3cios \u00e9 mais importante do que nunca. As interrup\u00e7\u00f5es atuais podem ser de origem humana (por exemplo, a\u00e7\u00f5es trabalhistas e amea\u00e7as cibern\u00e9ticas) e natural (por exemplo, emerg\u00eancias de sa\u00fade p\u00fablica e terremotos), portanto, voc\u00ea precisa preparar sua empresa para o inesperado. Fa\u00e7a o download deste whitepaper<\/span><\/div>\n<\/div>\n<div id=\"readmore\" class=\"brz-wrapper-clone brz-flex-xs-wrap brz-css-d-cloneable brz-css-hp189i\" data-brz-custom-id=\"bPWditVMojXY\"><a class=\"brz-a brz-btn brz-css-d-button brz-css-1en0s4x brz-css-d-button-bg brz-css-r-button-bg brz-css-3oxn7o\" target=\"_self\" rel=\"noopener\" href=\"https:\/\/www.inuvika.com\/pt\/recursos-2\/acesso-remoto-e-continuidade-dos-negocios\/\" data-brz-link-type=\"external\" data-brz-custom-id=\"uMjPVLof7NGI\"><span data-brz-translate-text=\"1\" class=\"brz-span brz-text__editor\">LEIA MAIS<\/span><\/a><\/div>\n<\/div>\n<\/div>\n<\/div>\n<div class=\"brz-posts__item\">\n<div class=\"brz-columns brz-css-d-column-column brz-css-r-column-column brz-css-130ve76\" data-brz-custom-id=\"tPEVxVJXC5lJ\">\n<div class=\"brz-column__items brz-css-d-column-bg brz-css-3glet5\">\n<div id=\"\" class=\"brz-css-d-wrapper brz-css-yu7ght brz-wrapper\">\n<div class=\"brz-image brz-css-d-image-owmjxg70clou-parent brz-css-8f0cxe\" data-brz-custom-id=\"owmJXg70clOu\"><img decoding=\"async\" class=\"brz-img\" src=\"https:\/\/www.inuvika.com\/wp-content\/uploads\/brizy\/imgs\/Screenshot-2026-01-23-at-21-59-29-Solution-Brief-Appl-Virtualization-in-Education-.pdf-421x263x35x0x350x263x1769185779.png\" loading=\"lazy\" title=\"\"><\/div>\n<\/div>\n<div id=\"\" class=\"brz-css-d-wrapper brz-css-16m1o8y brz-wrapper\">\n<div class=\"brz-wp-title brz-css-d-wppoststitle brz-css-r-wppoststitle brz-css-1ybgjsr\" data-brz-custom-id=\"jVCTnDPH8zPe\"><span class=\"brz-wp-title-content\" style=\"min-height:20px\">Entrega de aplicativos para educa\u00e7\u00e3o, de maneira inteligente<\/span><\/div>\n<\/div>\n<div id=\"\" class=\"brz-css-d-wrapper brz-css-e9a0rp brz-wrapper\">\n<div class=\"brz-wp-post-excerpt brz-css-d-wppostexcerpt brz-css-r-wppostexcerpt brz-css-55bcz3\" data-brz-custom-id=\"pN160FcPw_jd\"><span class=\"brz-wp-post-excerpt-content\" style=\"min-height:20px\">A oferta de aprendizagem mudou significativamente desde a pandemia. Embora o aprendizado baseado em tecnologia digital j\u00e1 estivesse causando um enorme impacto na forma como a educa\u00e7\u00e3o \u00e9 oferecida atualmente, o \u00fanico problema central que permanece \u00e9 a natureza est\u00e1tica de sua oferta. Fa\u00e7a o download deste whitepaper<\/span><\/div>\n<\/div>\n<div id=\"readmore\" class=\"brz-wrapper-clone brz-flex-xs-wrap brz-css-d-cloneable brz-css-hp189i\" data-brz-custom-id=\"bPWditVMojXY\"><a class=\"brz-a brz-btn brz-css-d-button brz-css-1en0s4x brz-css-d-button-bg brz-css-r-button-bg brz-css-3oxn7o\" target=\"_self\" rel=\"noopener\" href=\"https:\/\/www.inuvika.com\/pt\/recursos-2\/fornecimento-de-aplicativos-para-educacao-de-forma-inteligente\/\" data-brz-link-type=\"external\" data-brz-custom-id=\"uMjPVLof7NGI\"><span data-brz-translate-text=\"1\" class=\"brz-span brz-text__editor\">LEIA MAIS<\/span><\/a><\/div>\n<\/div>\n<\/div>\n<\/div>\n<div class=\"brz-posts__item\">\n<div class=\"brz-columns brz-css-d-column-column brz-css-r-column-column brz-css-130ve76\" data-brz-custom-id=\"tPEVxVJXC5lJ\">\n<div class=\"brz-column__items brz-css-d-column-bg brz-css-3glet5\">\n<div id=\"\" class=\"brz-css-d-wrapper brz-css-yu7ght brz-wrapper\">\n<div class=\"brz-image brz-css-d-image-owmjxg70clou-parent brz-css-8f0cxe\" data-brz-custom-id=\"owmJXg70clOu\"><img decoding=\"async\" class=\"brz-img\" src=\"https:\/\/www.inuvika.com\/wp-content\/uploads\/brizy\/imgs\/govback-394x263x22x0x350x263x1694616119.webp\" loading=\"lazy\" title=\"\"><\/div>\n<\/div>\n<div id=\"\" class=\"brz-css-d-wrapper brz-css-16m1o8y brz-wrapper\">\n<div class=\"brz-wp-title brz-css-d-wppoststitle brz-css-r-wppoststitle brz-css-1ybgjsr\" data-brz-custom-id=\"jVCTnDPH8zPe\"><span class=\"brz-wp-title-content\" style=\"min-height:20px\">Como a virtualiza\u00e7\u00e3o de aplicativos da Inuvika reduz o custo de fornecimento de aplicativos<\/span><\/div>\n<\/div>\n<div id=\"\" class=\"brz-css-d-wrapper brz-css-e9a0rp brz-wrapper\">\n<div class=\"brz-wp-post-excerpt brz-css-d-wppostexcerpt brz-css-r-wppostexcerpt brz-css-55bcz3\" data-brz-custom-id=\"pN160FcPw_jd\"><span class=\"brz-wp-post-excerpt-content\" style=\"min-height:20px\">The way in which we work today has changed. That change was always coming. Slowly but surely, we were headed in the direction of working from wherever we chose to work from and using a multitude of different devices. Then the unthinkable happened. We found ourselves in the mid dle of a global pandemic. Covid had hit! Download This Whitepaper<\/span><\/div>\n<\/div>\n<div id=\"readmore\" class=\"brz-wrapper-clone brz-flex-xs-wrap brz-css-d-cloneable brz-css-hp189i\" data-brz-custom-id=\"bPWditVMojXY\"><a class=\"brz-a brz-btn brz-css-d-button brz-css-1en0s4x brz-css-d-button-bg brz-css-r-button-bg brz-css-3oxn7o\" target=\"_self\" rel=\"noopener\" href=\"https:\/\/www.inuvika.com\/pt\/recursos-2\/como-a-virtualizacao-de-aplicativos-da-inuvikas-reduz-o-custo-de-fornecimento-de-aplicativos\/\" data-brz-link-type=\"external\" data-brz-custom-id=\"uMjPVLof7NGI\"><span data-brz-translate-text=\"1\" class=\"brz-span brz-text__editor\">LEIA MAIS<\/span><\/a><\/div>\n<\/div>\n<\/div>\n<\/div>\n<\/div>\n<div class=\"brz-posts__pagination\"><\/div>\n<\/div>\n<\/div>\n<\/div>\n<\/div>\n<\/section><\/div>\n<p><!-- version:1770223621 --><\/p>","protected":false},"excerpt":{"rendered":"<p>Datasheets &#038; Whitepapers Back to Resources ResoluteOS\u2122 Overview &#8211; Datasheet ResoluteOS is Inuvika\u2019s purpose-built Linux thin client OS that securely delivers Inuvika OVD virtual desktops and apps to any device. [&hellip;]<\/p>\n","protected":false},"author":532,"featured_media":0,"parent":0,"menu_order":0,"comment_status":"closed","ping_status":"closed","template":"","meta":{"footnotes":""},"class_list":["post-35619","page","type-page","status-publish","hentry"],"blocksy_meta":[],"yoast_head":"<!-- This site is optimized with the Yoast SEO plugin v27.3 - https:\/\/yoast.com\/product\/yoast-seo-wordpress\/ -->\n<title>Datasheets &#038; Whitepapers - Inuvika<\/title>\n<meta name=\"robots\" content=\"index, follow, max-snippet:-1, max-image-preview:large, max-video-preview:-1\" \/>\n<link rel=\"canonical\" href=\"https:\/\/www.inuvika.com\/pt\/folhas-de-dados-whitepapers\/\" \/>\n<meta property=\"og:locale\" content=\"pt_BR\" \/>\n<meta property=\"og:type\" content=\"article\" \/>\n<meta property=\"og:title\" content=\"Datasheets &#038; Whitepapers - Inuvika\" \/>\n<meta property=\"og:description\" content=\"Datasheets &#038; Whitepapers Back to Resources ResoluteOS\u2122 Overview &#8211; Datasheet ResoluteOS is Inuvika\u2019s purpose-built Linux thin client OS that securely delivers Inuvika OVD virtual desktops and apps to any device. [&hellip;]\" \/>\n<meta property=\"og:url\" content=\"https:\/\/www.inuvika.com\/pt\/folhas-de-dados-whitepapers\/\" \/>\n<meta property=\"og:site_name\" content=\"Inuvika\" \/>\n<meta property=\"article:publisher\" content=\"https:\/\/www.facebook.com\/inuvika\/\" \/>\n<meta property=\"article:modified_time\" content=\"2026-04-08T10:56:38+00:00\" \/>\n<meta property=\"og:image\" content=\"https:\/\/www.inuvika.com\/wp-content\/uploads\/brizy\/imgs\/ResoluteOS_Resources_tile_800_400-526x263x88x0x350x263x1756393204.webp\" \/>\n<meta name=\"twitter:card\" content=\"summary_large_image\" \/>\n<meta name=\"twitter:site\" content=\"@InuvikaInc\" \/>\n<script type=\"application\/ld+json\" class=\"yoast-schema-graph\">{\"@context\":\"https:\\\/\\\/schema.org\",\"@graph\":[{\"@type\":\"WebPage\",\"@id\":\"https:\\\/\\\/www.inuvika.com\\\/fr\\\/datasheets-whitepapers\\\/\",\"url\":\"https:\\\/\\\/www.inuvika.com\\\/fr\\\/datasheets-whitepapers\\\/\",\"name\":\"Datasheets &#038; Whitepapers - Inuvika\",\"isPartOf\":{\"@id\":\"https:\\\/\\\/www.inuvika.com\\\/#website\"},\"primaryImageOfPage\":{\"@id\":\"https:\\\/\\\/www.inuvika.com\\\/fr\\\/datasheets-whitepapers\\\/#primaryimage\"},\"image\":{\"@id\":\"https:\\\/\\\/www.inuvika.com\\\/fr\\\/datasheets-whitepapers\\\/#primaryimage\"},\"thumbnailUrl\":\"https:\\\/\\\/www.inuvika.com\\\/wp-content\\\/uploads\\\/brizy\\\/imgs\\\/ResoluteOS_Resources_tile_800_400-526x263x88x0x350x263x1756393204.webp\",\"datePublished\":\"2026-02-10T16:57:06+00:00\",\"dateModified\":\"2026-04-08T10:56:38+00:00\",\"breadcrumb\":{\"@id\":\"https:\\\/\\\/www.inuvika.com\\\/fr\\\/datasheets-whitepapers\\\/#breadcrumb\"},\"inLanguage\":\"pt-BR\",\"potentialAction\":[{\"@type\":\"ReadAction\",\"target\":[\"https:\\\/\\\/www.inuvika.com\\\/fr\\\/datasheets-whitepapers\\\/\"]}]},{\"@type\":\"ImageObject\",\"inLanguage\":\"pt-BR\",\"@id\":\"https:\\\/\\\/www.inuvika.com\\\/fr\\\/datasheets-whitepapers\\\/#primaryimage\",\"url\":\"https:\\\/\\\/www.inuvika.com\\\/wp-content\\\/uploads\\\/brizy\\\/imgs\\\/ResoluteOS_Resources_tile_800_400-526x263x88x0x350x263x1756393204.webp\",\"contentUrl\":\"https:\\\/\\\/www.inuvika.com\\\/wp-content\\\/uploads\\\/brizy\\\/imgs\\\/ResoluteOS_Resources_tile_800_400-526x263x88x0x350x263x1756393204.webp\"},{\"@type\":\"BreadcrumbList\",\"@id\":\"https:\\\/\\\/www.inuvika.com\\\/fr\\\/datasheets-whitepapers\\\/#breadcrumb\",\"itemListElement\":[{\"@type\":\"ListItem\",\"position\":1,\"name\":\"Home\",\"item\":\"https:\\\/\\\/www.inuvika.com\\\/\"},{\"@type\":\"ListItem\",\"position\":2,\"name\":\"Datasheets &#038; Whitepapers\"}]},{\"@type\":\"WebSite\",\"@id\":\"https:\\\/\\\/www.inuvika.com\\\/#website\",\"url\":\"https:\\\/\\\/www.inuvika.com\\\/\",\"name\":\"inuvika.com\",\"description\":\"Apps + Desktops to any device!\",\"publisher\":{\"@id\":\"https:\\\/\\\/www.inuvika.com\\\/#organization\"},\"potentialAction\":[{\"@type\":\"SearchAction\",\"target\":{\"@type\":\"EntryPoint\",\"urlTemplate\":\"https:\\\/\\\/www.inuvika.com\\\/?s={search_term_string}\"},\"query-input\":{\"@type\":\"PropertyValueSpecification\",\"valueRequired\":true,\"valueName\":\"search_term_string\"}}],\"inLanguage\":\"pt-BR\"},{\"@type\":\"Organization\",\"@id\":\"https:\\\/\\\/www.inuvika.com\\\/#organization\",\"name\":\"Inuvika Inc\",\"url\":\"https:\\\/\\\/www.inuvika.com\\\/\",\"logo\":{\"@type\":\"ImageObject\",\"inLanguage\":\"pt-BR\",\"@id\":\"https:\\\/\\\/www.inuvika.com\\\/#\\\/schema\\\/logo\\\/image\\\/\",\"url\":\"https:\\\/\\\/www.inuvika.com\\\/wp-content\\\/uploads\\\/2018\\\/10\\\/inuvika-logo.png\",\"contentUrl\":\"https:\\\/\\\/www.inuvika.com\\\/wp-content\\\/uploads\\\/2018\\\/10\\\/inuvika-logo.png\",\"width\":718,\"height\":169,\"caption\":\"Inuvika Inc\"},\"image\":{\"@id\":\"https:\\\/\\\/www.inuvika.com\\\/#\\\/schema\\\/logo\\\/image\\\/\"},\"sameAs\":[\"https:\\\/\\\/www.facebook.com\\\/inuvika\\\/\",\"https:\\\/\\\/x.com\\\/InuvikaInc\",\"https:\\\/\\\/www.linkedin.com\\\/company\\\/inuvika-inc-\\\/\",\"https:\\\/\\\/www.youtube.com\\\/channel\\\/UC4nWPydrDItH1KMWqfQw8aA\"]}]}<\/script>\n<!-- \/ Yoast SEO plugin. -->","yoast_head_json":{"title":"Folhas de dados e documentos t\u00e9cnicos - Inuvika","robots":{"index":"index","follow":"follow","max-snippet":"max-snippet:-1","max-image-preview":"max-image-preview:large","max-video-preview":"max-video-preview:-1"},"canonical":"https:\/\/www.inuvika.com\/pt\/folhas-de-dados-whitepapers\/","og_locale":"pt_BR","og_type":"article","og_title":"Datasheets &#038; Whitepapers - Inuvika","og_description":"Datasheets &#038; Whitepapers Back to Resources ResoluteOS\u2122 Overview &#8211; Datasheet ResoluteOS is Inuvika\u2019s purpose-built Linux thin client OS that securely delivers Inuvika OVD virtual desktops and apps to any device. [&hellip;]","og_url":"https:\/\/www.inuvika.com\/pt\/folhas-de-dados-whitepapers\/","og_site_name":"Inuvika","article_publisher":"https:\/\/www.facebook.com\/inuvika\/","article_modified_time":"2026-04-08T10:56:38+00:00","og_image":[{"url":"https:\/\/www.inuvika.com\/wp-content\/uploads\/brizy\/imgs\/ResoluteOS_Resources_tile_800_400-526x263x88x0x350x263x1756393204.webp","type":"","width":"","height":""}],"twitter_card":"summary_large_image","twitter_site":"@InuvikaInc","schema":{"@context":"https:\/\/schema.org","@graph":[{"@type":"WebPage","@id":"https:\/\/www.inuvika.com\/fr\/datasheets-whitepapers\/","url":"https:\/\/www.inuvika.com\/fr\/datasheets-whitepapers\/","name":"Folhas de dados e documentos t\u00e9cnicos - Inuvika","isPartOf":{"@id":"https:\/\/www.inuvika.com\/#website"},"primaryImageOfPage":{"@id":"https:\/\/www.inuvika.com\/fr\/datasheets-whitepapers\/#primaryimage"},"image":{"@id":"https:\/\/www.inuvika.com\/fr\/datasheets-whitepapers\/#primaryimage"},"thumbnailUrl":"https:\/\/www.inuvika.com\/wp-content\/uploads\/brizy\/imgs\/ResoluteOS_Resources_tile_800_400-526x263x88x0x350x263x1756393204.webp","datePublished":"2026-02-10T16:57:06+00:00","dateModified":"2026-04-08T10:56:38+00:00","breadcrumb":{"@id":"https:\/\/www.inuvika.com\/fr\/datasheets-whitepapers\/#breadcrumb"},"inLanguage":"pt-BR","potentialAction":[{"@type":"ReadAction","target":["https:\/\/www.inuvika.com\/fr\/datasheets-whitepapers\/"]}]},{"@type":"ImageObject","inLanguage":"pt-BR","@id":"https:\/\/www.inuvika.com\/fr\/datasheets-whitepapers\/#primaryimage","url":"https:\/\/www.inuvika.com\/wp-content\/uploads\/brizy\/imgs\/ResoluteOS_Resources_tile_800_400-526x263x88x0x350x263x1756393204.webp","contentUrl":"https:\/\/www.inuvika.com\/wp-content\/uploads\/brizy\/imgs\/ResoluteOS_Resources_tile_800_400-526x263x88x0x350x263x1756393204.webp"},{"@type":"BreadcrumbList","@id":"https:\/\/www.inuvika.com\/fr\/datasheets-whitepapers\/#breadcrumb","itemListElement":[{"@type":"ListItem","position":1,"name":"Home","item":"https:\/\/www.inuvika.com\/"},{"@type":"ListItem","position":2,"name":"Datasheets &#038; Whitepapers"}]},{"@type":"WebSite","@id":"https:\/\/www.inuvika.com\/#website","url":"https:\/\/www.inuvika.com\/","name":"inuvika.com","description":"Aplicativos + desktops em qualquer dispositivo!","publisher":{"@id":"https:\/\/www.inuvika.com\/#organization"},"potentialAction":[{"@type":"SearchAction","target":{"@type":"EntryPoint","urlTemplate":"https:\/\/www.inuvika.com\/?s={search_term_string}"},"query-input":{"@type":"PropertyValueSpecification","valueRequired":true,"valueName":"search_term_string"}}],"inLanguage":"pt-BR"},{"@type":"Organization","@id":"https:\/\/www.inuvika.com\/#organization","name":"Inuvika Inc","url":"https:\/\/www.inuvika.com\/","logo":{"@type":"ImageObject","inLanguage":"pt-BR","@id":"https:\/\/www.inuvika.com\/#\/schema\/logo\/image\/","url":"https:\/\/www.inuvika.com\/wp-content\/uploads\/2018\/10\/inuvika-logo.png","contentUrl":"https:\/\/www.inuvika.com\/wp-content\/uploads\/2018\/10\/inuvika-logo.png","width":718,"height":169,"caption":"Inuvika Inc"},"image":{"@id":"https:\/\/www.inuvika.com\/#\/schema\/logo\/image\/"},"sameAs":["https:\/\/www.facebook.com\/inuvika\/","https:\/\/x.com\/InuvikaInc","https:\/\/www.linkedin.com\/company\/inuvika-inc-\/","https:\/\/www.youtube.com\/channel\/UC4nWPydrDItH1KMWqfQw8aA"]}]}},"brizy_media":[],"_links":{"self":[{"href":"https:\/\/www.inuvika.com\/pt\/wp-json\/wp\/v2\/pages\/35619","targetHints":{"allow":["GET"]}}],"collection":[{"href":"https:\/\/www.inuvika.com\/pt\/wp-json\/wp\/v2\/pages"}],"about":[{"href":"https:\/\/www.inuvika.com\/pt\/wp-json\/wp\/v2\/types\/page"}],"author":[{"embeddable":true,"href":"https:\/\/www.inuvika.com\/pt\/wp-json\/wp\/v2\/users\/532"}],"replies":[{"embeddable":true,"href":"https:\/\/www.inuvika.com\/pt\/wp-json\/wp\/v2\/comments?post=35619"}],"version-history":[{"count":0,"href":"https:\/\/www.inuvika.com\/pt\/wp-json\/wp\/v2\/pages\/35619\/revisions"}],"wp:attachment":[{"href":"https:\/\/www.inuvika.com\/pt\/wp-json\/wp\/v2\/media?parent=35619"}],"curies":[{"name":"wp","href":"https:\/\/api.w.org\/{rel}","templated":true}]}}