{"id":24233,"date":"2024-11-07T10:14:36","date_gmt":"2024-11-07T14:14:36","guid":{"rendered":"https:\/\/newsite.inuvika.com\/?page_id=24233"},"modified":"2026-04-08T07:15:57","modified_gmt":"2026-04-08T11:15:57","slug":"david-pham-van","status":"publish","type":"page","link":"https:\/\/www.inuvika.com\/pt\/about\/david-pham-van\/","title":{"rendered":"David Pham-Van"},"content":{"rendered":"<div class=\"brz brz-root__container brz-reset-all brz-root__container-page\">\n<section id=\"vVHDnTqLxKkd_vVHDnTqLxKkd\" class=\"brz-section brz-css-d-section brz-css-1t6iok5\">\n<div class=\"brz-section__content brz-section--boxed brz-css-d-sectionitem-bg brz-css-1ayawbb\" data-brz-custom-id=\"xVcMkFYN7Hk1\">\n<div class=\"brz-bg\">\n<div class=\"brz-bg-color\"><\/div>\n<\/div>\n<div class=\"brz-container brz-css-d-sectionitem-container brz-css-1qogrb7\">\n<div class=\"brz-row__container brz-css-d-row-row brz-css-266saz\" data-brz-custom-id=\"iBXFgKXyGTNp\">\n<div class=\"brz-row brz-css-d-row-container brz-css-r-row-container brz-css-1ktrnzv\">\n<div class=\"brz-columns brz-css-d-column-column brz-css-1n01gil\" data-brz-custom-id=\"ahA_Ihq27USe\">\n<div class=\"brz-bg\">\n<div class=\"brz-bg-color\"><\/div>\n<\/div>\n<div class=\"brz-column__items brz-css-d-column-bg brz-css-1944b9p\">\n<div id=\"\" class=\"brz-css-d-wrapper brz-css-3yng5q brz-wrapper\">\n<div class=\"brz-image brz-css-d-image-vyupxjccua2y-parent brz-css-ih4fdz\" data-brz-custom-id=\"vyUPxjCcua2y\"><img decoding=\"async\" class=\"brz-img\" src=\"https:\/\/www.inuvika.com\/wp-content\/uploads\/2018\/11\/David_P.png\" loading=\"lazy\" alt=\"David Pham-Van\" title=\"Davi\"><\/div>\n<\/div>\n<div id=\"\" class=\"brz-css-d-wrapper brz-css-dgbf3s brz-wrapper\">\n<div class=\"brz-rich-text brz-rich-text__custom brz-css-d-richtext brz-css-1n1uggz\" data-brz-custom-id=\"nvU1ONWfcA1D\">\n<div data-brz-translate-text=\"1\">\n<h1 class=\"brz-text-lg-center brz-fss-lg-px brz-fw-lg-400 brz-ls-lg-0 brz-lh-lg-1_7 brz-vfw-lg-400 brz-fwdth-lg-100 brz-fsft-lg-0 brz-ff-roboto brz-ft-google brz-fs-lg-22 brz-tp-lg-heading1 brz-css-d9JiQ\" data-uniq-id=\"qmQPB\" data-generated-css=\"brz-css-jIMZu\"><span class=\"brz-cp-color1\">David Pham-Van<\/span><\/h1>\n<\/div>\n<\/div>\n<\/div>\n<div id=\"\" class=\"brz-css-d-wrapper brz-css-l1mu8k brz-wrapper\">\n<div class=\"brz-rich-text brz-rich-text__custom brz-css-d-richtext brz-css-1j8gnqv\" data-brz-custom-id=\"jeO3Ygbs1Dfj\">\n<div data-brz-translate-text=\"1\">\n<p class=\"brz-text-lg-center brz-tp-lg-paragraph brz-css-f_gLq\" data-generated-css=\"brz-css-cz1dK\" data-uniq-id=\"e0EYr\"><span class=\"brz-cp-color3\">DIRETOR DE TECNOLOGIA<\/span><\/p>\n<\/div>\n<\/div>\n<\/div>\n<\/div>\n<\/div>\n<div class=\"brz-columns brz-css-d-column-column brz-css-19vbosh\" data-brz-custom-id=\"amchWk8wgLwm\">\n<div class=\"brz-column__items brz-css-d-column-bg brz-css-cgw0eb\">\n<div id=\"\" class=\"brz-css-d-wrapper brz-css-1ncpyzt brz-wrapper\">\n<div class=\"brz-rich-text brz-rich-text__custom brz-css-d-richtext brz-css-1flt43p\" data-brz-custom-id=\"jMbpkK9cPa5m\">\n<div data-brz-translate-text=\"1\">\n<p class=\"brz-tp-lg-empty brz-ff-roboto brz-ft-google brz-fs-lg-16 brz-fss-lg-px brz-fw-lg-300 brz-ls-lg-0 brz-lh-lg-1_7 brz-vfw-lg-400 brz-fwdth-lg-100 brz-fsft-lg-0 brz-css-x0Vqn\" data-generated-css=\"brz-css-r3SQN\" data-uniq-id=\"gLTWn\"><span class=\"brz-cp-color1\">David tem 20 anos de experi\u00eancia em startups de desenvolvimento de software. Ele \u00e9 um entusiasta da tecnologia e j\u00e1 trabalhou em sistemas incorporados at\u00e9 a implanta\u00e7\u00e3o de infraestrutura em nuvem.<\/span><\/p>\n<p class=\"brz-tp-lg-empty brz-ff-roboto brz-ft-google brz-fs-lg-16 brz-fss-lg-px brz-fw-lg-300 brz-ls-lg-0 brz-lh-lg-1_7 brz-vfw-lg-400 brz-fwdth-lg-100 brz-fsft-lg-0 brz-css-ffvk5\" data-generated-css=\"brz-css-r3SQN\" data-uniq-id=\"gLTWn\"><span class=\"brz-cp-color1\"> <\/span><\/p>\n<p class=\"brz-tp-lg-empty brz-ff-roboto brz-ft-google brz-fs-lg-16 brz-fss-lg-px brz-fw-lg-300 brz-ls-lg-0 brz-lh-lg-1_7 brz-vfw-lg-400 brz-fwdth-lg-100 brz-fsft-lg-0 brz-css-c6Fil\" data-generated-css=\"brz-css-tdlJU\" data-uniq-id=\"wapAR\"><span class=\"brz-cp-color1\">David trabalhou em quiosques t\u00e1teis de varejo anos antes do iPhone, quando todas as intera\u00e7\u00f5es f\u00e1ceis com o usu\u00e1rio precisavam ser inventadas. Finalmente, ele entrou para a Ulteo, onde gerenciou a equipe de engenharia no que se tornou a primeira vers\u00e3o do Inuvika OVD.<\/span><\/p>\n<p class=\"brz-tp-lg-empty brz-ff-roboto brz-ft-google brz-fs-lg-16 brz-fss-lg-px brz-fw-lg-300 brz-ls-lg-0 brz-lh-lg-1_7 brz-vfw-lg-400 brz-fwdth-lg-100 brz-fsft-lg-0 brz-css-l0lDQ\" data-generated-css=\"brz-css-tdlJU\" data-uniq-id=\"wapAR\"><span class=\"brz-cp-color1\"> <\/span><\/p>\n<p class=\"brz-tp-lg-empty brz-ff-roboto brz-ft-google brz-fs-lg-16 brz-fss-lg-px brz-fw-lg-300 brz-ls-lg-0 brz-lh-lg-1_7 brz-vfw-lg-400 brz-fwdth-lg-100 brz-fsft-lg-0 brz-css-zA5R8\" data-generated-css=\"brz-css-eosNr\" data-uniq-id=\"rWDQ9\"><span class=\"brz-cp-color1\">David \u00e9 mestre em Ci\u00eancia da Computa\u00e7\u00e3o pela Universidade de Paris VII, na Fran\u00e7a, e bacharel em Engenharia Eletr\u00f4nica pela Universidade de Paris XII, na Fran\u00e7a.<\/span><\/p>\n<\/div>\n<\/div>\n<\/div>\n<\/div>\n<\/div>\n<\/div>\n<\/div>\n<\/div>\n<\/div>\n<\/section><\/div>\n<p><!-- version:1764859177 --><\/p>","protected":false},"excerpt":{"rendered":"<p>David Pham-Van CHIEF TECHNOLOGY OFFICER David has 20 years of experience in software development startups. He is a technology enthusiast, and has worked on embedded systems through to cloud infrastructure [&hellip;]<\/p>\n","protected":false},"author":5,"featured_media":0,"parent":2006,"menu_order":0,"comment_status":"closed","ping_status":"closed","template":"","meta":{"footnotes":""},"class_list":["post-24233","page","type-page","status-publish","hentry"],"blocksy_meta":[],"yoast_head":"<!-- This site is optimized with the Yoast SEO plugin v27.3 - https:\/\/yoast.com\/product\/yoast-seo-wordpress\/ -->\n<title>David Pham-Van - Inuvika<\/title>\n<meta name=\"description\" content=\"David Pham-Van has 20 years of experience in software development, from embedded systems to cloud infrastructure, and led the engineering team for OVD\u2019s first release.\" \/>\n<meta name=\"robots\" content=\"index, follow, max-snippet:-1, max-image-preview:large, max-video-preview:-1\" \/>\n<link rel=\"canonical\" href=\"https:\/\/www.inuvika.com\/pt\/sobre\/david-pham-van\/\" \/>\n<meta property=\"og:locale\" content=\"pt_BR\" \/>\n<meta property=\"og:type\" content=\"article\" \/>\n<meta property=\"og:title\" content=\"David Pham-Van - Inuvika\" \/>\n<meta property=\"og:description\" content=\"David Pham-Van has 20 years of experience in software development, from embedded systems to cloud infrastructure, and led the engineering team for OVD\u2019s first release.\" \/>\n<meta property=\"og:url\" content=\"https:\/\/www.inuvika.com\/pt\/sobre\/david-pham-van\/\" \/>\n<meta property=\"og:site_name\" content=\"Inuvika\" \/>\n<meta property=\"article:publisher\" content=\"https:\/\/www.facebook.com\/inuvika\/\" \/>\n<meta property=\"article:modified_time\" content=\"2026-04-08T11:15:57+00:00\" \/>\n<meta property=\"og:image\" content=\"https:\/\/www.inuvika.com\/wp-content\/uploads\/2018\/11\/David_P.png\" \/>\n<meta name=\"twitter:card\" content=\"summary_large_image\" \/>\n<meta name=\"twitter:site\" content=\"@InuvikaInc\" \/>\n<meta name=\"twitter:label1\" content=\"Est. tempo de leitura\" \/>\n\t<meta name=\"twitter:data1\" content=\"1 minuto\" \/>\n<script type=\"application\/ld+json\" class=\"yoast-schema-graph\">{\"@context\":\"https:\\\/\\\/schema.org\",\"@graph\":[{\"@type\":\"WebPage\",\"@id\":\"https:\\\/\\\/www.inuvika.com\\\/fr\\\/about\\\/david-pham-van\\\/\",\"url\":\"https:\\\/\\\/www.inuvika.com\\\/fr\\\/about\\\/david-pham-van\\\/\",\"name\":\"David Pham-Van - Inuvika\",\"isPartOf\":{\"@id\":\"https:\\\/\\\/www.inuvika.com\\\/#website\"},\"primaryImageOfPage\":{\"@id\":\"https:\\\/\\\/www.inuvika.com\\\/fr\\\/about\\\/david-pham-van\\\/#primaryimage\"},\"image\":{\"@id\":\"https:\\\/\\\/www.inuvika.com\\\/fr\\\/about\\\/david-pham-van\\\/#primaryimage\"},\"thumbnailUrl\":\"https:\\\/\\\/www.inuvika.com\\\/wp-content\\\/uploads\\\/2018\\\/11\\\/David_P.png\",\"datePublished\":\"2024-11-07T14:14:36+00:00\",\"dateModified\":\"2026-04-08T11:15:57+00:00\",\"description\":\"David Pham-Van has 20 years of experience in software development, from embedded systems to cloud infrastructure, and led the engineering team for OVD\u2019s first release.\",\"breadcrumb\":{\"@id\":\"https:\\\/\\\/www.inuvika.com\\\/fr\\\/about\\\/david-pham-van\\\/#breadcrumb\"},\"inLanguage\":\"pt-BR\",\"potentialAction\":[{\"@type\":\"ReadAction\",\"target\":[\"https:\\\/\\\/www.inuvika.com\\\/fr\\\/about\\\/david-pham-van\\\/\"]}]},{\"@type\":\"ImageObject\",\"inLanguage\":\"pt-BR\",\"@id\":\"https:\\\/\\\/www.inuvika.com\\\/fr\\\/about\\\/david-pham-van\\\/#primaryimage\",\"url\":\"https:\\\/\\\/www.inuvika.com\\\/wp-content\\\/uploads\\\/2018\\\/11\\\/David_P.png\",\"contentUrl\":\"https:\\\/\\\/www.inuvika.com\\\/wp-content\\\/uploads\\\/2018\\\/11\\\/David_P.png\"},{\"@type\":\"BreadcrumbList\",\"@id\":\"https:\\\/\\\/www.inuvika.com\\\/fr\\\/about\\\/david-pham-van\\\/#breadcrumb\",\"itemListElement\":[{\"@type\":\"ListItem\",\"position\":1,\"name\":\"Home\",\"item\":\"https:\\\/\\\/www.inuvika.com\\\/\"},{\"@type\":\"ListItem\",\"position\":2,\"name\":\"About Inuvika\",\"item\":\"https:\\\/\\\/www.inuvika.com\\\/de\\\/about\\\/\"},{\"@type\":\"ListItem\",\"position\":3,\"name\":\"David Pham-Van\"}]},{\"@type\":\"WebSite\",\"@id\":\"https:\\\/\\\/www.inuvika.com\\\/#website\",\"url\":\"https:\\\/\\\/www.inuvika.com\\\/\",\"name\":\"inuvika.com\",\"description\":\"Apps + Desktops to any device!\",\"publisher\":{\"@id\":\"https:\\\/\\\/www.inuvika.com\\\/#organization\"},\"potentialAction\":[{\"@type\":\"SearchAction\",\"target\":{\"@type\":\"EntryPoint\",\"urlTemplate\":\"https:\\\/\\\/www.inuvika.com\\\/?s={search_term_string}\"},\"query-input\":{\"@type\":\"PropertyValueSpecification\",\"valueRequired\":true,\"valueName\":\"search_term_string\"}}],\"inLanguage\":\"pt-BR\"},{\"@type\":\"Organization\",\"@id\":\"https:\\\/\\\/www.inuvika.com\\\/#organization\",\"name\":\"Inuvika Inc\",\"url\":\"https:\\\/\\\/www.inuvika.com\\\/\",\"logo\":{\"@type\":\"ImageObject\",\"inLanguage\":\"pt-BR\",\"@id\":\"https:\\\/\\\/www.inuvika.com\\\/#\\\/schema\\\/logo\\\/image\\\/\",\"url\":\"https:\\\/\\\/www.inuvika.com\\\/wp-content\\\/uploads\\\/2018\\\/10\\\/inuvika-logo.png\",\"contentUrl\":\"https:\\\/\\\/www.inuvika.com\\\/wp-content\\\/uploads\\\/2018\\\/10\\\/inuvika-logo.png\",\"width\":718,\"height\":169,\"caption\":\"Inuvika Inc\"},\"image\":{\"@id\":\"https:\\\/\\\/www.inuvika.com\\\/#\\\/schema\\\/logo\\\/image\\\/\"},\"sameAs\":[\"https:\\\/\\\/www.facebook.com\\\/inuvika\\\/\",\"https:\\\/\\\/x.com\\\/InuvikaInc\",\"https:\\\/\\\/www.linkedin.com\\\/company\\\/inuvika-inc-\\\/\",\"https:\\\/\\\/www.youtube.com\\\/channel\\\/UC4nWPydrDItH1KMWqfQw8aA\"]}]}<\/script>\n<!-- \/ Yoast SEO plugin. -->","yoast_head_json":{"title":"David Pham-Van - Inuvika","description":"David Pham-Van tem 20 anos de experi\u00eancia em desenvolvimento de software, de sistemas incorporados a infraestrutura de nuvem, e liderou a equipe de engenharia da primeira vers\u00e3o do OVD.","robots":{"index":"index","follow":"follow","max-snippet":"max-snippet:-1","max-image-preview":"max-image-preview:large","max-video-preview":"max-video-preview:-1"},"canonical":"https:\/\/www.inuvika.com\/pt\/sobre\/david-pham-van\/","og_locale":"pt_BR","og_type":"article","og_title":"David Pham-Van - Inuvika","og_description":"David Pham-Van has 20 years of experience in software development, from embedded systems to cloud infrastructure, and led the engineering team for OVD\u2019s first release.","og_url":"https:\/\/www.inuvika.com\/pt\/sobre\/david-pham-van\/","og_site_name":"Inuvika","article_publisher":"https:\/\/www.facebook.com\/inuvika\/","article_modified_time":"2026-04-08T11:15:57+00:00","og_image":[{"url":"https:\/\/www.inuvika.com\/wp-content\/uploads\/2018\/11\/David_P.png","type":"","width":"","height":""}],"twitter_card":"summary_large_image","twitter_site":"@InuvikaInc","twitter_misc":{"Est. tempo de leitura":"1 minuto"},"schema":{"@context":"https:\/\/schema.org","@graph":[{"@type":"WebPage","@id":"https:\/\/www.inuvika.com\/fr\/about\/david-pham-van\/","url":"https:\/\/www.inuvika.com\/fr\/about\/david-pham-van\/","name":"David Pham-Van - Inuvika","isPartOf":{"@id":"https:\/\/www.inuvika.com\/#website"},"primaryImageOfPage":{"@id":"https:\/\/www.inuvika.com\/fr\/about\/david-pham-van\/#primaryimage"},"image":{"@id":"https:\/\/www.inuvika.com\/fr\/about\/david-pham-van\/#primaryimage"},"thumbnailUrl":"https:\/\/www.inuvika.com\/wp-content\/uploads\/2018\/11\/David_P.png","datePublished":"2024-11-07T14:14:36+00:00","dateModified":"2026-04-08T11:15:57+00:00","description":"David Pham-Van tem 20 anos de experi\u00eancia em desenvolvimento de software, de sistemas incorporados a infraestrutura de nuvem, e liderou a equipe de engenharia da primeira vers\u00e3o do OVD.","breadcrumb":{"@id":"https:\/\/www.inuvika.com\/fr\/about\/david-pham-van\/#breadcrumb"},"inLanguage":"pt-BR","potentialAction":[{"@type":"ReadAction","target":["https:\/\/www.inuvika.com\/fr\/about\/david-pham-van\/"]}]},{"@type":"ImageObject","inLanguage":"pt-BR","@id":"https:\/\/www.inuvika.com\/fr\/about\/david-pham-van\/#primaryimage","url":"https:\/\/www.inuvika.com\/wp-content\/uploads\/2018\/11\/David_P.png","contentUrl":"https:\/\/www.inuvika.com\/wp-content\/uploads\/2018\/11\/David_P.png"},{"@type":"BreadcrumbList","@id":"https:\/\/www.inuvika.com\/fr\/about\/david-pham-van\/#breadcrumb","itemListElement":[{"@type":"ListItem","position":1,"name":"Home","item":"https:\/\/www.inuvika.com\/"},{"@type":"ListItem","position":2,"name":"About Inuvika","item":"https:\/\/www.inuvika.com\/de\/about\/"},{"@type":"ListItem","position":3,"name":"David Pham-Van"}]},{"@type":"WebSite","@id":"https:\/\/www.inuvika.com\/#website","url":"https:\/\/www.inuvika.com\/","name":"inuvika.com","description":"Aplicativos + desktops em qualquer dispositivo!","publisher":{"@id":"https:\/\/www.inuvika.com\/#organization"},"potentialAction":[{"@type":"SearchAction","target":{"@type":"EntryPoint","urlTemplate":"https:\/\/www.inuvika.com\/?s={search_term_string}"},"query-input":{"@type":"PropertyValueSpecification","valueRequired":true,"valueName":"search_term_string"}}],"inLanguage":"pt-BR"},{"@type":"Organization","@id":"https:\/\/www.inuvika.com\/#organization","name":"Inuvika Inc","url":"https:\/\/www.inuvika.com\/","logo":{"@type":"ImageObject","inLanguage":"pt-BR","@id":"https:\/\/www.inuvika.com\/#\/schema\/logo\/image\/","url":"https:\/\/www.inuvika.com\/wp-content\/uploads\/2018\/10\/inuvika-logo.png","contentUrl":"https:\/\/www.inuvika.com\/wp-content\/uploads\/2018\/10\/inuvika-logo.png","width":718,"height":169,"caption":"Inuvika Inc"},"image":{"@id":"https:\/\/www.inuvika.com\/#\/schema\/logo\/image\/"},"sameAs":["https:\/\/www.facebook.com\/inuvika\/","https:\/\/x.com\/InuvikaInc","https:\/\/www.linkedin.com\/company\/inuvika-inc-\/","https:\/\/www.youtube.com\/channel\/UC4nWPydrDItH1KMWqfQw8aA"]}]}},"brizy_media":[{"id":2017,"url":"https:\/\/www.inuvika.com\/wp-content\/uploads\/2018\/11\/Christian_P.png","name":"Christian_P.png","meta":{"brizy_attachment_uid":"wp-a6fd53b06c5d6ccb850292b7ea434550.png","brizy_post_uid":["b0c9c52b0f05bd33474e8ff21a8224c2","94d17dee496f60505576201bd096a10d"]}},{"id":2019,"url":"https:\/\/www.inuvika.com\/wp-content\/uploads\/2018\/11\/David_P.png","name":"David_P.png","meta":{"brizy_attachment_uid":"wp-5e1c241ecc6aa40b5c086371147650bf.png","brizy_post_uid":["b0c9c52b0f05bd33474e8ff21a8224c2","94d17dee496f60505576201bd096a10d"]}},{"id":2022,"url":"https:\/\/www.inuvika.com\/wp-content\/uploads\/2018\/11\/Kevin_G.png","name":"Kevin_G.png","meta":{"brizy_attachment_uid":"wp-ce6e74f18775807428bf751b5a06c107.png","brizy_post_uid":["b0c9c52b0f05bd33474e8ff21a8224c2","94d17dee496f60505576201bd096a10d"]}},{"id":11142,"url":"https:\/\/www.inuvika.com\/wp-content\/uploads\/2022\/03\/alex_p3.png","name":"alex_p3.png","meta":{"brizy_attachment_uid":"wp-b000ba4073e11b663bd55d0e4758a6f7.png","brizy_post_uid":["b0c9c52b0f05bd33474e8ff21a8224c2","94d17dee496f60505576201bd096a10d"]}},{"id":24175,"url":"https:\/\/www.inuvika.com\/wp-content\/uploads\/2024\/11\/davemadison-2.png","name":"davemadison-2.png","meta":{"brizy_attachment_uid":"wp-8d86426209c3e01825d372d473caa050.png","brizy_post_uid":["b0c9c52b0f05bd33474e8ff21a8224c2","94d17dee496f60505576201bd096a10d"]}}],"_links":{"self":[{"href":"https:\/\/www.inuvika.com\/pt\/wp-json\/wp\/v2\/pages\/24233","targetHints":{"allow":["GET"]}}],"collection":[{"href":"https:\/\/www.inuvika.com\/pt\/wp-json\/wp\/v2\/pages"}],"about":[{"href":"https:\/\/www.inuvika.com\/pt\/wp-json\/wp\/v2\/types\/page"}],"author":[{"embeddable":true,"href":"https:\/\/www.inuvika.com\/pt\/wp-json\/wp\/v2\/users\/5"}],"replies":[{"embeddable":true,"href":"https:\/\/www.inuvika.com\/pt\/wp-json\/wp\/v2\/comments?post=24233"}],"version-history":[{"count":0,"href":"https:\/\/www.inuvika.com\/pt\/wp-json\/wp\/v2\/pages\/24233\/revisions"}],"up":[{"embeddable":true,"href":"https:\/\/www.inuvika.com\/pt\/wp-json\/wp\/v2\/pages\/2006"}],"wp:attachment":[{"href":"https:\/\/www.inuvika.com\/pt\/wp-json\/wp\/v2\/media?parent=24233"}],"curies":[{"name":"wp","href":"https:\/\/api.w.org\/{rel}","templated":true}]}}