{"id":24232,"date":"2024-11-07T10:14:12","date_gmt":"2024-11-07T14:14:12","guid":{"rendered":"https:\/\/newsite.inuvika.com\/?page_id=24232"},"modified":"2026-04-08T07:47:31","modified_gmt":"2026-04-08T11:47:31","slug":"christian-partarrieu","status":"publish","type":"page","link":"https:\/\/www.inuvika.com\/pt\/about\/christian-partarrieu\/","title":{"rendered":"Christian Partarrieu"},"content":{"rendered":"<div class=\"brz brz-root__container brz-reset-all brz-root__container-page\">\n<section id=\"vVHDnTqLxKkd_vVHDnTqLxKkd\" class=\"brz-section brz-css-d-section brz-css-1t6iok5\">\n<div class=\"brz-section__content brz-section--boxed brz-css-d-sectionitem-bg brz-css-129imuw\" data-brz-custom-id=\"xVcMkFYN7Hk1\">\n<div class=\"brz-bg\">\n<div class=\"brz-bg-color\"><\/div>\n<\/div>\n<div class=\"brz-container brz-css-d-sectionitem-container brz-css-1qogrb7\">\n<div class=\"brz-row__container brz-css-d-row-row brz-css-266saz\" data-brz-custom-id=\"iBXFgKXyGTNp\">\n<div class=\"brz-row brz-css-d-row-container brz-css-r-row-container brz-css-1ktrnzv\">\n<div class=\"brz-columns brz-css-d-column-column brz-css-1n01gil\" data-brz-custom-id=\"ahA_Ihq27USe\">\n<div class=\"brz-bg\">\n<div class=\"brz-bg-color\"><\/div>\n<\/div>\n<div class=\"brz-column__items brz-css-d-column-bg brz-css-1944b9p\">\n<div id=\"\" class=\"brz-css-d-wrapper brz-css-3yng5q brz-wrapper\">\n<div class=\"brz-image brz-css-d-image-vyupxjccua2y-parent brz-css-ih4fdz\" data-brz-custom-id=\"vyUPxjCcua2y\"><img decoding=\"async\" class=\"brz-img\" src=\"https:\/\/www.inuvika.com\/wp-content\/uploads\/2018\/11\/Christian_P.png\" loading=\"lazy\" alt=\"Christian Partarrieu\" title=\"Crist\u00e3o\"><\/div>\n<\/div>\n<div id=\"\" class=\"brz-css-d-wrapper brz-css-dgbf3s brz-wrapper\">\n<div class=\"brz-rich-text brz-rich-text__custom brz-css-d-richtext brz-css-1n1uggz\" data-brz-custom-id=\"nvU1ONWfcA1D\">\n<div data-brz-translate-text=\"1\">\n<h1 class=\"brz-text-lg-center brz-fss-lg-px brz-fw-lg-400 brz-ls-lg-0 brz-lh-lg-1_7 brz-vfw-lg-400 brz-fwdth-lg-100 brz-fsft-lg-0 brz-ff-roboto brz-ft-google brz-fs-lg-22 brz-tp-lg-heading1 brz-css-gpqNR\" data-uniq-id=\"mQ5It\" data-generated-css=\"brz-css-b2eJM\"><span class=\"brz-cp-color1\">Christian Partarrieu<\/span><\/h1>\n<\/div>\n<\/div>\n<\/div>\n<div id=\"\" class=\"brz-css-d-wrapper brz-css-l1mu8k brz-wrapper\">\n<div class=\"brz-rich-text brz-rich-text__custom brz-css-d-richtext brz-css-1j8gnqv\" data-brz-custom-id=\"jeO3Ygbs1Dfj\">\n<div data-brz-translate-text=\"1\">\n<p class=\"brz-text-lg-center brz-tp-lg-paragraph brz-css-pC4_0\" data-generated-css=\"brz-css-kwIYe\" data-uniq-id=\"l5gPU\"><span class=\"brz-cp-color3\">DIRETOR DE VENDAS<\/span><\/p>\n<\/div>\n<\/div>\n<\/div>\n<\/div>\n<\/div>\n<div class=\"brz-columns brz-css-d-column-column brz-css-19vbosh\" data-brz-custom-id=\"amchWk8wgLwm\">\n<div class=\"brz-column__items brz-css-d-column-bg brz-css-cgw0eb\">\n<div id=\"\" class=\"brz-css-d-wrapper brz-css-1ncpyzt brz-wrapper\">\n<div class=\"brz-rich-text brz-rich-text__custom brz-css-d-richtext brz-css-1flt43p\" data-brz-custom-id=\"jMbpkK9cPa5m\">\n<div data-brz-translate-text=\"1\">\n<p class=\"brz-tp-lg-empty brz-ff-roboto brz-ft-google brz-fs-lg-16 brz-fss-lg-px brz-fw-lg-300 brz-ls-lg-0 brz-lh-lg-1_7 brz-vfw-lg-400 brz-fwdth-lg-100 brz-fsft-lg-0 brz-css-zJmeo\" data-generated-css=\"brz-css-hNHf5\" data-uniq-id=\"kjigz\"><span class=\"brz-cp-color1\">Como CSO, Christian traz mais de 25 anos de experi\u00eancia em fun\u00e7\u00f5es de lideran\u00e7a t\u00e9cnica e de vendas. Ele participou do sucesso da IBM na Europa, na Am\u00e9rica Latina e no Oriente M\u00e9dio. Ingressou na Brocade em 2001 e introduziu a tecnologia de canal de fibra em contas como France Telecom, Telef\u00f4nica, grandes institui\u00e7\u00f5es financeiras e muitas outras, por meio de um modelo de contato direto, aproveitando as rela\u00e7\u00f5es com OEMs e parceiros, no sul da Europa e na Am\u00e9rica Latina.<\/span><\/p>\n<p class=\"brz-tp-lg-empty brz-ff-roboto brz-ft-google brz-fs-lg-16 brz-fss-lg-px brz-fw-lg-300 brz-ls-lg-0 brz-lh-lg-1_7 brz-vfw-lg-400 brz-fwdth-lg-100 brz-fsft-lg-0 brz-css-dJgCK\" data-generated-css=\"brz-css-hNHf5\" data-uniq-id=\"kjigz\"><span class=\"brz-cp-color1\"> <\/span><\/p>\n<p class=\"brz-tp-lg-empty brz-ff-roboto brz-ft-google brz-fs-lg-16 brz-fss-lg-px brz-fw-lg-300 brz-ls-lg-0 brz-lh-lg-1_7 brz-vfw-lg-400 brz-fwdth-lg-100 brz-fsft-lg-0 brz-css-j_XKF\" data-generated-css=\"brz-css-yUVPr\" data-uniq-id=\"gBvRl\"><span class=\"brz-cp-color1\">Christian participou com a equipe executiva da NetApp na cria\u00e7\u00e3o, implanta\u00e7\u00e3o e execu\u00e7\u00e3o de sua estrat\u00e9gia de neg\u00f3cios de canal, como Diretor de Vendas de Canal da EMEA. A NetApp aumentou significativamente sua taxa de neg\u00f3cios indiretos, ao mesmo tempo em que ampliou as receitas da EMEA em toda a linha.<\/span><\/p>\n<p class=\"brz-tp-lg-empty brz-ff-roboto brz-ft-google brz-fs-lg-16 brz-fss-lg-px brz-fw-lg-300 brz-ls-lg-0 brz-lh-lg-1_7 brz-vfw-lg-400 brz-fwdth-lg-100 brz-fsft-lg-0 brz-css-pt39b\" data-generated-css=\"brz-css-yUVPr\" data-uniq-id=\"gBvRl\"><span class=\"brz-cp-color1\"> <\/span><\/p>\n<p class=\"brz-tp-lg-empty brz-ff-roboto brz-ft-google brz-fs-lg-16 brz-fss-lg-px brz-fw-lg-300 brz-ls-lg-0 brz-lh-lg-1_7 brz-vfw-lg-400 brz-fwdth-lg-100 brz-fsft-lg-0 brz-css-i3Hjx\" data-generated-css=\"brz-css-dg0v8\" data-uniq-id=\"wKOdL\"><span class=\"brz-cp-color1\">Desde 2012, Christian tem se concentrado nos mercados de virtualiza\u00e7\u00e3o e entrega de aplicativos. Respons\u00e1vel pelas Organiza\u00e7\u00f5es de Marketing e Vendas de Canais da EMEA na Citrix, juntamente com o Conselho de Canais da WW, ele conduziu a introdu\u00e7\u00e3o de um Modelo de Neg\u00f3cios de Parceiros renovado e mais forte.<\/span><\/p>\n<p class=\"brz-tp-lg-empty brz-ff-roboto brz-ft-google brz-fs-lg-16 brz-fss-lg-px brz-fw-lg-300 brz-ls-lg-0 brz-lh-lg-1_7 brz-vfw-lg-400 brz-fwdth-lg-100 brz-fsft-lg-0 brz-css-rGstR\" data-generated-css=\"brz-css-dg0v8\" data-uniq-id=\"wKOdL\"><span class=\"brz-cp-color1\"> <\/span><\/p>\n<p class=\"brz-tp-lg-empty brz-ff-roboto brz-ft-google brz-fs-lg-16 brz-fss-lg-px brz-fw-lg-300 brz-ls-lg-0 brz-lh-lg-1_7 brz-vfw-lg-400 brz-fwdth-lg-100 brz-fsft-lg-0 brz-css-zac6_\" data-generated-css=\"brz-css-wN88Z\" data-uniq-id=\"jUhw4\"><span class=\"brz-cp-color1\">Christian investiu em uma abordagem de neg\u00f3cios n\u00e3o tradicional no mercado de virtualiza\u00e7\u00e3o de desktops e fornecimento de aplicativos com a Ulteo, uma solu\u00e7\u00e3o inovadora de c\u00f3digo aberto que oferece suporte ao fornecimento cont\u00ednuo de aplicativos Windows e Linux. Ele desenvolveu a base de parceiros e clientes e, com a equipe, contribuiu ativamente para o projeto Open Virtual Desktop. Esse esfor\u00e7o levou \u00e0 cria\u00e7\u00e3o da Inuvika.<\/span><\/p>\n<p class=\"brz-tp-lg-empty brz-ff-roboto brz-ft-google brz-fs-lg-16 brz-fss-lg-px brz-fw-lg-300 brz-ls-lg-0 brz-lh-lg-1_7 brz-vfw-lg-400 brz-fwdth-lg-100 brz-fsft-lg-0 brz-css-iNa7F\" data-generated-css=\"brz-css-wN88Z\" data-uniq-id=\"jUhw4\"><span class=\"brz-cp-color1\"> <\/span><\/p>\n<p class=\"brz-tp-lg-empty brz-ff-roboto brz-ft-google brz-fs-lg-16 brz-fss-lg-px brz-fw-lg-300 brz-ls-lg-0 brz-lh-lg-1_7 brz-vfw-lg-400 brz-fwdth-lg-100 brz-fsft-lg-0 brz-css-iVX4n\" data-generated-css=\"brz-css-fJyUA\" data-uniq-id=\"uLpYS\"><span class=\"brz-cp-color1\">Christian \u00e9 formado em Administra\u00e7\u00e3o de Empresas e Ci\u00eancia da Computa\u00e7\u00e3o pela George Mason University, Virg\u00ednia, EUA.<\/span><\/p>\n<\/div>\n<\/div>\n<\/div>\n<\/div>\n<\/div>\n<\/div>\n<\/div>\n<\/div>\n<\/div>\n<\/section><\/div>\n<p><!-- version:1764859024 --><\/p>","protected":false},"excerpt":{"rendered":"<p>Christian Partarrieu CHIEF SALES OFFICER As CSO, Christian brings over 25 years of experience in technical and sales leadership roles. He participated in the success of IBM in Europe, Latin [&hellip;]<\/p>\n","protected":false},"author":5,"featured_media":0,"parent":2006,"menu_order":0,"comment_status":"closed","ping_status":"closed","template":"","meta":{"footnotes":""},"class_list":["post-24232","page","type-page","status-publish","hentry"],"blocksy_meta":[],"yoast_head":"<!-- This site is optimized with the Yoast SEO plugin v27.3 - https:\/\/yoast.com\/product\/yoast-seo-wordpress\/ -->\n<title>Christian Partarrieu - Inuvika<\/title>\n<meta name=\"description\" content=\"Christian Partarrieu, CSO at Inuvika, brings 25+ years in global tech leadership, driving success at IBM, Citrix, NetApp &amp; co-founding the OVD platform.\" \/>\n<meta name=\"robots\" content=\"index, follow, max-snippet:-1, max-image-preview:large, max-video-preview:-1\" \/>\n<link rel=\"canonical\" href=\"https:\/\/www.inuvika.com\/pt\/sobre\/christian-partarrieu\/\" \/>\n<meta property=\"og:locale\" content=\"pt_BR\" \/>\n<meta property=\"og:type\" content=\"article\" \/>\n<meta property=\"og:title\" content=\"Christian Partarrieu - Inuvika\" \/>\n<meta property=\"og:description\" content=\"Christian Partarrieu, CSO at Inuvika, brings 25+ years in global tech leadership, driving success at IBM, Citrix, NetApp &amp; co-founding the OVD platform.\" \/>\n<meta property=\"og:url\" content=\"https:\/\/www.inuvika.com\/pt\/sobre\/christian-partarrieu\/\" \/>\n<meta property=\"og:site_name\" content=\"Inuvika\" \/>\n<meta property=\"article:publisher\" content=\"https:\/\/www.facebook.com\/inuvika\/\" \/>\n<meta property=\"article:modified_time\" content=\"2026-04-08T11:47:31+00:00\" \/>\n<meta property=\"og:image\" content=\"https:\/\/www.inuvika.com\/wp-content\/uploads\/2018\/11\/Christian_P.png\" \/>\n<meta name=\"twitter:card\" content=\"summary_large_image\" \/>\n<meta name=\"twitter:site\" content=\"@InuvikaInc\" \/>\n<meta name=\"twitter:label1\" content=\"Est. tempo de leitura\" \/>\n\t<meta name=\"twitter:data1\" content=\"2 minutos\" \/>\n<script type=\"application\/ld+json\" class=\"yoast-schema-graph\">{\"@context\":\"https:\\\/\\\/schema.org\",\"@graph\":[{\"@type\":\"WebPage\",\"@id\":\"https:\\\/\\\/www.inuvika.com\\\/de\\\/about\\\/christian-partarrieu\\\/\",\"url\":\"https:\\\/\\\/www.inuvika.com\\\/de\\\/about\\\/christian-partarrieu\\\/\",\"name\":\"Christian Partarrieu - Inuvika\",\"isPartOf\":{\"@id\":\"https:\\\/\\\/www.inuvika.com\\\/#website\"},\"primaryImageOfPage\":{\"@id\":\"https:\\\/\\\/www.inuvika.com\\\/de\\\/about\\\/christian-partarrieu\\\/#primaryimage\"},\"image\":{\"@id\":\"https:\\\/\\\/www.inuvika.com\\\/de\\\/about\\\/christian-partarrieu\\\/#primaryimage\"},\"thumbnailUrl\":\"https:\\\/\\\/www.inuvika.com\\\/wp-content\\\/uploads\\\/2018\\\/11\\\/Christian_P.png\",\"datePublished\":\"2024-11-07T14:14:12+00:00\",\"dateModified\":\"2026-04-08T11:47:31+00:00\",\"description\":\"Christian Partarrieu, CSO at Inuvika, brings 25+ years in global tech leadership, driving success at IBM, Citrix, NetApp & co-founding the OVD platform.\",\"breadcrumb\":{\"@id\":\"https:\\\/\\\/www.inuvika.com\\\/de\\\/about\\\/christian-partarrieu\\\/#breadcrumb\"},\"inLanguage\":\"pt-BR\",\"potentialAction\":[{\"@type\":\"ReadAction\",\"target\":[\"https:\\\/\\\/www.inuvika.com\\\/de\\\/about\\\/christian-partarrieu\\\/\"]}]},{\"@type\":\"ImageObject\",\"inLanguage\":\"pt-BR\",\"@id\":\"https:\\\/\\\/www.inuvika.com\\\/de\\\/about\\\/christian-partarrieu\\\/#primaryimage\",\"url\":\"https:\\\/\\\/www.inuvika.com\\\/wp-content\\\/uploads\\\/2018\\\/11\\\/Christian_P.png\",\"contentUrl\":\"https:\\\/\\\/www.inuvika.com\\\/wp-content\\\/uploads\\\/2018\\\/11\\\/Christian_P.png\"},{\"@type\":\"BreadcrumbList\",\"@id\":\"https:\\\/\\\/www.inuvika.com\\\/de\\\/about\\\/christian-partarrieu\\\/#breadcrumb\",\"itemListElement\":[{\"@type\":\"ListItem\",\"position\":1,\"name\":\"Home\",\"item\":\"https:\\\/\\\/www.inuvika.com\\\/\"},{\"@type\":\"ListItem\",\"position\":2,\"name\":\"About Inuvika\",\"item\":\"https:\\\/\\\/www.inuvika.com\\\/de\\\/about\\\/\"},{\"@type\":\"ListItem\",\"position\":3,\"name\":\"Christian Partarrieu\"}]},{\"@type\":\"WebSite\",\"@id\":\"https:\\\/\\\/www.inuvika.com\\\/#website\",\"url\":\"https:\\\/\\\/www.inuvika.com\\\/\",\"name\":\"inuvika.com\",\"description\":\"Apps + Desktops to any device!\",\"publisher\":{\"@id\":\"https:\\\/\\\/www.inuvika.com\\\/#organization\"},\"potentialAction\":[{\"@type\":\"SearchAction\",\"target\":{\"@type\":\"EntryPoint\",\"urlTemplate\":\"https:\\\/\\\/www.inuvika.com\\\/?s={search_term_string}\"},\"query-input\":{\"@type\":\"PropertyValueSpecification\",\"valueRequired\":true,\"valueName\":\"search_term_string\"}}],\"inLanguage\":\"pt-BR\"},{\"@type\":\"Organization\",\"@id\":\"https:\\\/\\\/www.inuvika.com\\\/#organization\",\"name\":\"Inuvika Inc\",\"url\":\"https:\\\/\\\/www.inuvika.com\\\/\",\"logo\":{\"@type\":\"ImageObject\",\"inLanguage\":\"pt-BR\",\"@id\":\"https:\\\/\\\/www.inuvika.com\\\/#\\\/schema\\\/logo\\\/image\\\/\",\"url\":\"https:\\\/\\\/www.inuvika.com\\\/wp-content\\\/uploads\\\/2018\\\/10\\\/inuvika-logo.png\",\"contentUrl\":\"https:\\\/\\\/www.inuvika.com\\\/wp-content\\\/uploads\\\/2018\\\/10\\\/inuvika-logo.png\",\"width\":718,\"height\":169,\"caption\":\"Inuvika Inc\"},\"image\":{\"@id\":\"https:\\\/\\\/www.inuvika.com\\\/#\\\/schema\\\/logo\\\/image\\\/\"},\"sameAs\":[\"https:\\\/\\\/www.facebook.com\\\/inuvika\\\/\",\"https:\\\/\\\/x.com\\\/InuvikaInc\",\"https:\\\/\\\/www.linkedin.com\\\/company\\\/inuvika-inc-\\\/\",\"https:\\\/\\\/www.youtube.com\\\/channel\\\/UC4nWPydrDItH1KMWqfQw8aA\"]}]}<\/script>\n<!-- \/ Yoast SEO plugin. -->","yoast_head_json":{"title":"Christian Partarrieu - Inuvika","description":"Christian Partarrieu, CSO da Inuvika, tem mais de 25 anos de experi\u00eancia em lideran\u00e7a global em tecnologia, impulsionando o sucesso na IBM, Citrix, NetApp e sendo cofundador da plataforma OVD.","robots":{"index":"index","follow":"follow","max-snippet":"max-snippet:-1","max-image-preview":"max-image-preview:large","max-video-preview":"max-video-preview:-1"},"canonical":"https:\/\/www.inuvika.com\/pt\/sobre\/christian-partarrieu\/","og_locale":"pt_BR","og_type":"article","og_title":"Christian Partarrieu - Inuvika","og_description":"Christian Partarrieu, CSO at Inuvika, brings 25+ years in global tech leadership, driving success at IBM, Citrix, NetApp & co-founding the OVD platform.","og_url":"https:\/\/www.inuvika.com\/pt\/sobre\/christian-partarrieu\/","og_site_name":"Inuvika","article_publisher":"https:\/\/www.facebook.com\/inuvika\/","article_modified_time":"2026-04-08T11:47:31+00:00","og_image":[{"url":"https:\/\/www.inuvika.com\/wp-content\/uploads\/2018\/11\/Christian_P.png","type":"","width":"","height":""}],"twitter_card":"summary_large_image","twitter_site":"@InuvikaInc","twitter_misc":{"Est. tempo de leitura":"2 minutos"},"schema":{"@context":"https:\/\/schema.org","@graph":[{"@type":"WebPage","@id":"https:\/\/www.inuvika.com\/de\/about\/christian-partarrieu\/","url":"https:\/\/www.inuvika.com\/de\/about\/christian-partarrieu\/","name":"Christian Partarrieu - Inuvika","isPartOf":{"@id":"https:\/\/www.inuvika.com\/#website"},"primaryImageOfPage":{"@id":"https:\/\/www.inuvika.com\/de\/about\/christian-partarrieu\/#primaryimage"},"image":{"@id":"https:\/\/www.inuvika.com\/de\/about\/christian-partarrieu\/#primaryimage"},"thumbnailUrl":"https:\/\/www.inuvika.com\/wp-content\/uploads\/2018\/11\/Christian_P.png","datePublished":"2024-11-07T14:14:12+00:00","dateModified":"2026-04-08T11:47:31+00:00","description":"Christian Partarrieu, CSO da Inuvika, tem mais de 25 anos de experi\u00eancia em lideran\u00e7a global em tecnologia, impulsionando o sucesso na IBM, Citrix, NetApp e sendo cofundador da plataforma OVD.","breadcrumb":{"@id":"https:\/\/www.inuvika.com\/de\/about\/christian-partarrieu\/#breadcrumb"},"inLanguage":"pt-BR","potentialAction":[{"@type":"ReadAction","target":["https:\/\/www.inuvika.com\/de\/about\/christian-partarrieu\/"]}]},{"@type":"ImageObject","inLanguage":"pt-BR","@id":"https:\/\/www.inuvika.com\/de\/about\/christian-partarrieu\/#primaryimage","url":"https:\/\/www.inuvika.com\/wp-content\/uploads\/2018\/11\/Christian_P.png","contentUrl":"https:\/\/www.inuvika.com\/wp-content\/uploads\/2018\/11\/Christian_P.png"},{"@type":"BreadcrumbList","@id":"https:\/\/www.inuvika.com\/de\/about\/christian-partarrieu\/#breadcrumb","itemListElement":[{"@type":"ListItem","position":1,"name":"Home","item":"https:\/\/www.inuvika.com\/"},{"@type":"ListItem","position":2,"name":"About Inuvika","item":"https:\/\/www.inuvika.com\/de\/about\/"},{"@type":"ListItem","position":3,"name":"Christian Partarrieu"}]},{"@type":"WebSite","@id":"https:\/\/www.inuvika.com\/#website","url":"https:\/\/www.inuvika.com\/","name":"inuvika.com","description":"Aplicativos + desktops em qualquer dispositivo!","publisher":{"@id":"https:\/\/www.inuvika.com\/#organization"},"potentialAction":[{"@type":"SearchAction","target":{"@type":"EntryPoint","urlTemplate":"https:\/\/www.inuvika.com\/?s={search_term_string}"},"query-input":{"@type":"PropertyValueSpecification","valueRequired":true,"valueName":"search_term_string"}}],"inLanguage":"pt-BR"},{"@type":"Organization","@id":"https:\/\/www.inuvika.com\/#organization","name":"Inuvika Inc","url":"https:\/\/www.inuvika.com\/","logo":{"@type":"ImageObject","inLanguage":"pt-BR","@id":"https:\/\/www.inuvika.com\/#\/schema\/logo\/image\/","url":"https:\/\/www.inuvika.com\/wp-content\/uploads\/2018\/10\/inuvika-logo.png","contentUrl":"https:\/\/www.inuvika.com\/wp-content\/uploads\/2018\/10\/inuvika-logo.png","width":718,"height":169,"caption":"Inuvika Inc"},"image":{"@id":"https:\/\/www.inuvika.com\/#\/schema\/logo\/image\/"},"sameAs":["https:\/\/www.facebook.com\/inuvika\/","https:\/\/x.com\/InuvikaInc","https:\/\/www.linkedin.com\/company\/inuvika-inc-\/","https:\/\/www.youtube.com\/channel\/UC4nWPydrDItH1KMWqfQw8aA"]}]}},"brizy_media":[{"id":2017,"url":"https:\/\/www.inuvika.com\/wp-content\/uploads\/2018\/11\/Christian_P.png","name":"Christian_P.png","meta":{"brizy_attachment_uid":"wp-a6fd53b06c5d6ccb850292b7ea434550.png","brizy_post_uid":["b0c9c52b0f05bd33474e8ff21a8224c2","94d17dee496f60505576201bd096a10d"]}},{"id":2019,"url":"https:\/\/www.inuvika.com\/wp-content\/uploads\/2018\/11\/David_P.png","name":"David_P.png","meta":{"brizy_attachment_uid":"wp-5e1c241ecc6aa40b5c086371147650bf.png","brizy_post_uid":["b0c9c52b0f05bd33474e8ff21a8224c2","94d17dee496f60505576201bd096a10d"]}},{"id":2022,"url":"https:\/\/www.inuvika.com\/wp-content\/uploads\/2018\/11\/Kevin_G.png","name":"Kevin_G.png","meta":{"brizy_attachment_uid":"wp-ce6e74f18775807428bf751b5a06c107.png","brizy_post_uid":["b0c9c52b0f05bd33474e8ff21a8224c2","94d17dee496f60505576201bd096a10d"]}},{"id":11142,"url":"https:\/\/www.inuvika.com\/wp-content\/uploads\/2022\/03\/alex_p3.png","name":"alex_p3.png","meta":{"brizy_attachment_uid":"wp-b000ba4073e11b663bd55d0e4758a6f7.png","brizy_post_uid":["b0c9c52b0f05bd33474e8ff21a8224c2","94d17dee496f60505576201bd096a10d"]}},{"id":24175,"url":"https:\/\/www.inuvika.com\/wp-content\/uploads\/2024\/11\/davemadison-2.png","name":"davemadison-2.png","meta":{"brizy_attachment_uid":"wp-8d86426209c3e01825d372d473caa050.png","brizy_post_uid":["b0c9c52b0f05bd33474e8ff21a8224c2","94d17dee496f60505576201bd096a10d"]}}],"_links":{"self":[{"href":"https:\/\/www.inuvika.com\/pt\/wp-json\/wp\/v2\/pages\/24232","targetHints":{"allow":["GET"]}}],"collection":[{"href":"https:\/\/www.inuvika.com\/pt\/wp-json\/wp\/v2\/pages"}],"about":[{"href":"https:\/\/www.inuvika.com\/pt\/wp-json\/wp\/v2\/types\/page"}],"author":[{"embeddable":true,"href":"https:\/\/www.inuvika.com\/pt\/wp-json\/wp\/v2\/users\/5"}],"replies":[{"embeddable":true,"href":"https:\/\/www.inuvika.com\/pt\/wp-json\/wp\/v2\/comments?post=24232"}],"version-history":[{"count":0,"href":"https:\/\/www.inuvika.com\/pt\/wp-json\/wp\/v2\/pages\/24232\/revisions"}],"up":[{"embeddable":true,"href":"https:\/\/www.inuvika.com\/pt\/wp-json\/wp\/v2\/pages\/2006"}],"wp:attachment":[{"href":"https:\/\/www.inuvika.com\/pt\/wp-json\/wp\/v2\/media?parent=24232"}],"curies":[{"name":"wp","href":"https:\/\/api.w.org\/{rel}","templated":true}]}}