{"id":35624,"date":"2026-02-10T12:56:56","date_gmt":"2026-02-10T16:56:56","guid":{"rendered":"https:\/\/www.inuvika.com\/?page_id=35624"},"modified":"2026-04-08T12:48:35","modified_gmt":"2026-04-08T16:48:35","slug":"webinaires-podcasts","status":"publish","type":"page","link":"https:\/\/www.inuvika.com\/fr\/webinars-podcasts\/","title":{"rendered":"Webinaires et podcasts"},"content":{"rendered":"<div class=\"brz brz-root__container brz-reset-all brz-root__container-page\">\n<section id=\"gnzQ0UJlBUXE_gnzQ0UJlBUXE\" class=\"brz-section brz-css-d-section brz-css-mrzwwb\">\n<div class=\"brz-section__content brz-section--boxed brz-css-d-sectionitem-bg brz-css-kqajqj\" data-brz-custom-id=\"dzU1AtwUR7ZF\">\n<div class=\"brz-bg\">\n<div class=\"brz-bg-color\"><\/div>\n<div class=\"brz-bg-shape brz-bg-shape__bottom\"><\/div>\n<\/div>\n<div class=\"brz-container brz-css-d-sectionitem-container brz-css-8y9ik1\">\n<div class=\"brz-row__container brz-css-d-row-row brz-css-bax3tq\" data-brz-custom-id=\"yDGDf5VYrb0y\">\n<div class=\"brz-row brz-css-d-row-container brz-css-r-row-container brz-css-16l9v2l\">\n<div class=\"brz-columns brz-css-d-column-column brz-css-1r99hcg\" data-brz-custom-id=\"vm9T2s0vWld8\">\n<div class=\"brz-column__items brz-css-d-column-bg brz-css-fb2g18\">\n<div id=\"\" class=\"brz-css-d-wrapper brz-css-1opaww8 brz-wrapper\">\n<div class=\"brz-wp-title brz-css-d-wppoststitle brz-css-tkczxj\" data-brz-custom-id=\"yL_J8Nx9Cd99\"><span class=\"brz-wp-title-content\" style=\"min-height:20px\">Webinaires et podcasts<\/span><\/div>\n<\/div>\n<\/div>\n<\/div>\n<div class=\"brz-columns brz-css-d-column-column brz-css-xkk7bf\" data-brz-custom-id=\"vAAzui1cvYNC\">\n<div class=\"brz-column__items brz-css-d-column-bg brz-css-xyoog\">\n<div class=\"brz-wrapper-clone brz-flex-xs-wrap brz-css-d-cloneable brz-css-18b97r4\" data-brz-custom-id=\"vH870j03moVL\"><a class=\"brz-a brz-btn brz-css-d-button brz-css-p23yl4 brz-css-d-button-bg brz-css-a96qqz\" target=\"_self\" rel=\"noopener\" href=\"https:\/\/www.inuvika.com\/fr\/ressources\/\" data-brz-link-type=\"external\" data-brz-custom-id=\"nPbQw46kGy4Q\"><span data-brz-translate-text=\"1\" class=\"brz-span brz-text__editor\">Retour aux ressources<\/span><\/a><\/div>\n<\/div>\n<\/div>\n<\/div>\n<\/div>\n<\/div>\n<\/div>\n<\/section>\n<section id=\"c1Ma81p9jzXj_c1Ma81p9jzXj\" class=\"brz-section brz-css-d-section brz-css-g1g006\">\n<div class=\"brz-section__content brz-section--boxed brz-css-d-sectionitem-bg brz-css-r1xz1g\" data-brz-custom-id=\"wlushO2xf3Qp\">\n<div class=\"brz-container brz-css-d-sectionitem-container brz-css-1wv2s82\">\n<div id=\"\" class=\"brz-css-d-wrapper brz-css-r-wrapper brz-css-q9bmgz brz-wrapper\">\n<div class=\"brz-posts brz-css-d-posts brz-css-rgfgsr\" data-brz-custom-id=\"zqc6i1l17sw6\">\n<div class=\"brz-posts__wrapper\">\n<div class=\"brz-posts__item\">\n<div class=\"brz-columns brz-css-d-column-column brz-css-r-column-column brz-css-1uqoriq\" data-brz-custom-id=\"vcKNTWavDUYW\">\n<div class=\"brz-column__items brz-css-d-column-bg brz-css-1lrw57p\">\n<div id=\"\" class=\"brz-css-d-wrapper brz-css-15jo24b brz-wrapper\">\n<div class=\"brz-image brz-css-d-image-uzqugefqtywf-parent brz-css-kc8ddy\" data-brz-custom-id=\"uzqugefQtYWF\"><img decoding=\"async\" class=\"brz-img\" src=\"https:\/\/www.inuvika.com\/wp-content\/uploads\/brizy\/imgs\/1714083242413-460x263x55x0x350x263x1714509752.jpg\" loading=\"lazy\" title=\"Clients l\u00e9gers : Lib\u00e9rer l&#039;efficacit\u00e9 et r\u00e9duire les co\u00fbts avec les clients l\u00e9gers 10ZiG et Inuvika OVD Enterprise. Invitation au webinaire.\"><\/div>\n<\/div>\n<div id=\"\" class=\"brz-css-d-wrapper brz-css-8n4t2t brz-wrapper\">\n<div class=\"brz-wp-title brz-css-d-wppoststitle brz-css-r-wppoststitle brz-css-chrgmo\" data-brz-custom-id=\"ntOS9pUx9lrh\"><span class=\"brz-wp-title-content\" style=\"min-height:20px\">R\u00e9volutionnez la diffusion des applications et des postes de travail : Optimiser l'efficacit\u00e9 et r\u00e9duire les co\u00fbts gr\u00e2ce \u00e0 10ZiG et Inuvika OVD<\/span><\/div>\n<\/div>\n<div id=\"readmore\" class=\"brz-wrapper-clone brz-flex-xs-wrap brz-css-d-cloneable brz-css-1hp3j6v\" data-brz-custom-id=\"mje2TUKhFXpt\"><a class=\"brz-a brz-btn brz-css-d-button brz-css-6kg4yg brz-css-d-button-bg brz-css-r-button-bg brz-css-1rox00j\" target=\"_self\" rel=\"noopener\" href=\"https:\/\/www.inuvika.com\/fr\/ressources\/revolutionnez-la-livraison-dapplications-de-bureau-liberez-lefficacite-et-reduisez-les-couts-avec-10zig-inuvika-ovd\/\" data-brz-link-type=\"external\" data-brz-custom-id=\"bbqN1Xqsk7of\"><span data-brz-translate-text=\"1\" class=\"brz-span brz-text__editor\">LIRE LA SUITE<\/span><\/a><\/div>\n<\/div>\n<\/div>\n<\/div>\n<div class=\"brz-posts__item\">\n<div class=\"brz-columns brz-css-d-column-column brz-css-r-column-column brz-css-1uqoriq\" data-brz-custom-id=\"vcKNTWavDUYW\">\n<div class=\"brz-column__items brz-css-d-column-bg brz-css-1lrw57p\">\n<div id=\"\" class=\"brz-css-d-wrapper brz-css-15jo24b brz-wrapper\">\n<div class=\"brz-image brz-css-d-image-uzqugefqtywf-parent brz-css-kc8ddy\" data-brz-custom-id=\"uzqugefQtYWF\"><img decoding=\"async\" class=\"brz-img\" src=\"https:\/\/www.inuvika.com\/wp-content\/uploads\/brizy\/imgs\/VDI-Webinar-1-467x263x58x0x350x263x1757424661.webp\" loading=\"lazy\" title=\"\"><\/div>\n<\/div>\n<div id=\"\" class=\"brz-css-d-wrapper brz-css-8n4t2t brz-wrapper\">\n<div class=\"brz-wp-title brz-css-d-wppoststitle brz-css-r-wppoststitle brz-css-chrgmo\" data-brz-custom-id=\"ntOS9pUx9lrh\"><span class=\"brz-wp-title-content\" style=\"min-height:20px\">Webinaire \u00e0 la demande : Une meilleure fa\u00e7on d'ex\u00e9cuter la VDI sans Citrix ni VMware<\/span><\/div>\n<\/div>\n<div id=\"readmore\" class=\"brz-wrapper-clone brz-flex-xs-wrap brz-css-d-cloneable brz-css-1hp3j6v\" data-brz-custom-id=\"mje2TUKhFXpt\"><a class=\"brz-a brz-btn brz-css-d-button brz-css-6kg4yg brz-css-d-button-bg brz-css-r-button-bg brz-css-1rox00j\" target=\"_self\" rel=\"noopener\" href=\"https:\/\/www.inuvika.com\/fr\/ressources\/on-demand-webinar-a-better-way-to-run-vdi-without-citrix-or-vmware\/\" data-brz-link-type=\"external\" data-brz-custom-id=\"bbqN1Xqsk7of\"><span data-brz-translate-text=\"1\" class=\"brz-span brz-text__editor\">LIRE LA SUITE<\/span><\/a><\/div>\n<\/div>\n<\/div>\n<\/div>\n<\/div>\n<\/div>\n<\/div>\n<\/div>\n<\/div>\n<\/section><\/div>\n<p><!-- version:1770757025 --><\/p>","protected":false},"excerpt":{"rendered":"<p>Webinars &#038; Podcasts Back to Resources Revolutionize App &#038; Desktop Delivery: Unleash Efficiency and Slash Costs with 10ZiG &#038; Inuvika OVD READ MORE On Demand Webinar: A Better Way to [&hellip;]<\/p>\n","protected":false},"author":532,"featured_media":0,"parent":0,"menu_order":0,"comment_status":"closed","ping_status":"closed","template":"","meta":{"footnotes":""},"class_list":["post-35624","page","type-page","status-publish","hentry"],"blocksy_meta":[],"yoast_head":"<!-- This site is optimized with the Yoast SEO plugin v27.3 - https:\/\/yoast.com\/product\/yoast-seo-wordpress\/ -->\n<title>Webinars &#038; Podcasts - Inuvika<\/title>\n<meta name=\"robots\" content=\"index, follow, max-snippet:-1, max-image-preview:large, max-video-preview:-1\" \/>\n<link rel=\"canonical\" href=\"https:\/\/www.inuvika.com\/fr\/webinaires-podcasts\/\" \/>\n<meta property=\"og:locale\" content=\"fr_FR\" \/>\n<meta property=\"og:type\" content=\"article\" \/>\n<meta property=\"og:title\" content=\"Webinars &#038; Podcasts - Inuvika\" \/>\n<meta property=\"og:description\" content=\"Webinars &#038; Podcasts Back to Resources Revolutionize App &#038; Desktop Delivery: Unleash Efficiency and Slash Costs with 10ZiG &#038; Inuvika OVD READ MORE On Demand Webinar: A Better Way to [&hellip;]\" \/>\n<meta property=\"og:url\" content=\"https:\/\/www.inuvika.com\/fr\/webinaires-podcasts\/\" \/>\n<meta property=\"og:site_name\" content=\"Inuvika\" \/>\n<meta property=\"article:publisher\" content=\"https:\/\/www.facebook.com\/inuvika\/\" \/>\n<meta property=\"article:modified_time\" content=\"2026-04-08T16:48:35+00:00\" \/>\n<meta property=\"og:image\" content=\"https:\/\/www.inuvika.com\/wp-content\/uploads\/brizy\/imgs\/1714083242413-460x263x55x0x350x263x1714509752.jpg\" \/>\n<meta name=\"twitter:card\" content=\"summary_large_image\" \/>\n<meta name=\"twitter:site\" content=\"@InuvikaInc\" \/>\n<script type=\"application\/ld+json\" class=\"yoast-schema-graph\">{\"@context\":\"https:\\\/\\\/schema.org\",\"@graph\":[{\"@type\":\"WebPage\",\"@id\":\"https:\\\/\\\/www.inuvika.com\\\/fr\\\/webinars-podcasts\\\/\",\"url\":\"https:\\\/\\\/www.inuvika.com\\\/fr\\\/webinars-podcasts\\\/\",\"name\":\"Webinars &#038; Podcasts - Inuvika\",\"isPartOf\":{\"@id\":\"https:\\\/\\\/www.inuvika.com\\\/#website\"},\"primaryImageOfPage\":{\"@id\":\"https:\\\/\\\/www.inuvika.com\\\/fr\\\/webinars-podcasts\\\/#primaryimage\"},\"image\":{\"@id\":\"https:\\\/\\\/www.inuvika.com\\\/fr\\\/webinars-podcasts\\\/#primaryimage\"},\"thumbnailUrl\":\"https:\\\/\\\/www.inuvika.com\\\/wp-content\\\/uploads\\\/brizy\\\/imgs\\\/1714083242413-460x263x55x0x350x263x1714509752.jpg\",\"datePublished\":\"2026-02-10T16:56:56+00:00\",\"dateModified\":\"2026-04-08T16:48:35+00:00\",\"breadcrumb\":{\"@id\":\"https:\\\/\\\/www.inuvika.com\\\/fr\\\/webinars-podcasts\\\/#breadcrumb\"},\"inLanguage\":\"fr-FR\",\"potentialAction\":[{\"@type\":\"ReadAction\",\"target\":[\"https:\\\/\\\/www.inuvika.com\\\/fr\\\/webinars-podcasts\\\/\"]}]},{\"@type\":\"ImageObject\",\"inLanguage\":\"fr-FR\",\"@id\":\"https:\\\/\\\/www.inuvika.com\\\/fr\\\/webinars-podcasts\\\/#primaryimage\",\"url\":\"https:\\\/\\\/www.inuvika.com\\\/wp-content\\\/uploads\\\/brizy\\\/imgs\\\/1714083242413-460x263x55x0x350x263x1714509752.jpg\",\"contentUrl\":\"https:\\\/\\\/www.inuvika.com\\\/wp-content\\\/uploads\\\/brizy\\\/imgs\\\/1714083242413-460x263x55x0x350x263x1714509752.jpg\"},{\"@type\":\"BreadcrumbList\",\"@id\":\"https:\\\/\\\/www.inuvika.com\\\/fr\\\/webinars-podcasts\\\/#breadcrumb\",\"itemListElement\":[{\"@type\":\"ListItem\",\"position\":1,\"name\":\"Home\",\"item\":\"https:\\\/\\\/www.inuvika.com\\\/\"},{\"@type\":\"ListItem\",\"position\":2,\"name\":\"Webinars &#038; Podcasts\"}]},{\"@type\":\"WebSite\",\"@id\":\"https:\\\/\\\/www.inuvika.com\\\/#website\",\"url\":\"https:\\\/\\\/www.inuvika.com\\\/\",\"name\":\"inuvika.com\",\"description\":\"Apps + Desktops to any device!\",\"publisher\":{\"@id\":\"https:\\\/\\\/www.inuvika.com\\\/#organization\"},\"potentialAction\":[{\"@type\":\"SearchAction\",\"target\":{\"@type\":\"EntryPoint\",\"urlTemplate\":\"https:\\\/\\\/www.inuvika.com\\\/?s={search_term_string}\"},\"query-input\":{\"@type\":\"PropertyValueSpecification\",\"valueRequired\":true,\"valueName\":\"search_term_string\"}}],\"inLanguage\":\"fr-FR\"},{\"@type\":\"Organization\",\"@id\":\"https:\\\/\\\/www.inuvika.com\\\/#organization\",\"name\":\"Inuvika Inc\",\"url\":\"https:\\\/\\\/www.inuvika.com\\\/\",\"logo\":{\"@type\":\"ImageObject\",\"inLanguage\":\"fr-FR\",\"@id\":\"https:\\\/\\\/www.inuvika.com\\\/#\\\/schema\\\/logo\\\/image\\\/\",\"url\":\"https:\\\/\\\/www.inuvika.com\\\/wp-content\\\/uploads\\\/2018\\\/10\\\/inuvika-logo.png\",\"contentUrl\":\"https:\\\/\\\/www.inuvika.com\\\/wp-content\\\/uploads\\\/2018\\\/10\\\/inuvika-logo.png\",\"width\":718,\"height\":169,\"caption\":\"Inuvika Inc\"},\"image\":{\"@id\":\"https:\\\/\\\/www.inuvika.com\\\/#\\\/schema\\\/logo\\\/image\\\/\"},\"sameAs\":[\"https:\\\/\\\/www.facebook.com\\\/inuvika\\\/\",\"https:\\\/\\\/x.com\\\/InuvikaInc\",\"https:\\\/\\\/www.linkedin.com\\\/company\\\/inuvika-inc-\\\/\",\"https:\\\/\\\/www.youtube.com\\\/channel\\\/UC4nWPydrDItH1KMWqfQw8aA\"]}]}<\/script>\n<!-- \/ Yoast SEO plugin. -->","yoast_head_json":{"title":"Webinaires et podcasts - Inuvika","robots":{"index":"index","follow":"follow","max-snippet":"max-snippet:-1","max-image-preview":"max-image-preview:large","max-video-preview":"max-video-preview:-1"},"canonical":"https:\/\/www.inuvika.com\/fr\/webinaires-podcasts\/","og_locale":"fr_FR","og_type":"article","og_title":"Webinars &#038; Podcasts - Inuvika","og_description":"Webinars &#038; Podcasts Back to Resources Revolutionize App &#038; Desktop Delivery: Unleash Efficiency and Slash Costs with 10ZiG &#038; Inuvika OVD READ MORE On Demand Webinar: A Better Way to [&hellip;]","og_url":"https:\/\/www.inuvika.com\/fr\/webinaires-podcasts\/","og_site_name":"Inuvika","article_publisher":"https:\/\/www.facebook.com\/inuvika\/","article_modified_time":"2026-04-08T16:48:35+00:00","og_image":[{"url":"https:\/\/www.inuvika.com\/wp-content\/uploads\/brizy\/imgs\/1714083242413-460x263x55x0x350x263x1714509752.jpg","type":"","width":"","height":""}],"twitter_card":"summary_large_image","twitter_site":"@InuvikaInc","schema":{"@context":"https:\/\/schema.org","@graph":[{"@type":"WebPage","@id":"https:\/\/www.inuvika.com\/fr\/webinars-podcasts\/","url":"https:\/\/www.inuvika.com\/fr\/webinars-podcasts\/","name":"Webinaires et podcasts - Inuvika","isPartOf":{"@id":"https:\/\/www.inuvika.com\/#website"},"primaryImageOfPage":{"@id":"https:\/\/www.inuvika.com\/fr\/webinars-podcasts\/#primaryimage"},"image":{"@id":"https:\/\/www.inuvika.com\/fr\/webinars-podcasts\/#primaryimage"},"thumbnailUrl":"https:\/\/www.inuvika.com\/wp-content\/uploads\/brizy\/imgs\/1714083242413-460x263x55x0x350x263x1714509752.jpg","datePublished":"2026-02-10T16:56:56+00:00","dateModified":"2026-04-08T16:48:35+00:00","breadcrumb":{"@id":"https:\/\/www.inuvika.com\/fr\/webinars-podcasts\/#breadcrumb"},"inLanguage":"fr-FR","potentialAction":[{"@type":"ReadAction","target":["https:\/\/www.inuvika.com\/fr\/webinars-podcasts\/"]}]},{"@type":"ImageObject","inLanguage":"fr-FR","@id":"https:\/\/www.inuvika.com\/fr\/webinars-podcasts\/#primaryimage","url":"https:\/\/www.inuvika.com\/wp-content\/uploads\/brizy\/imgs\/1714083242413-460x263x55x0x350x263x1714509752.jpg","contentUrl":"https:\/\/www.inuvika.com\/wp-content\/uploads\/brizy\/imgs\/1714083242413-460x263x55x0x350x263x1714509752.jpg"},{"@type":"BreadcrumbList","@id":"https:\/\/www.inuvika.com\/fr\/webinars-podcasts\/#breadcrumb","itemListElement":[{"@type":"ListItem","position":1,"name":"Home","item":"https:\/\/www.inuvika.com\/"},{"@type":"ListItem","position":2,"name":"Webinars &#038; Podcasts"}]},{"@type":"WebSite","@id":"https:\/\/www.inuvika.com\/#website","url":"https:\/\/www.inuvika.com\/","name":"inuvika.com","description":"Apps + Desktops sur n'importe quel appareil !","publisher":{"@id":"https:\/\/www.inuvika.com\/#organization"},"potentialAction":[{"@type":"SearchAction","target":{"@type":"EntryPoint","urlTemplate":"https:\/\/www.inuvika.com\/?s={search_term_string}"},"query-input":{"@type":"PropertyValueSpecification","valueRequired":true,"valueName":"search_term_string"}}],"inLanguage":"fr-FR"},{"@type":"Organization","@id":"https:\/\/www.inuvika.com\/#organization","name":"Inuvika Inc","url":"https:\/\/www.inuvika.com\/","logo":{"@type":"ImageObject","inLanguage":"fr-FR","@id":"https:\/\/www.inuvika.com\/#\/schema\/logo\/image\/","url":"https:\/\/www.inuvika.com\/wp-content\/uploads\/2018\/10\/inuvika-logo.png","contentUrl":"https:\/\/www.inuvika.com\/wp-content\/uploads\/2018\/10\/inuvika-logo.png","width":718,"height":169,"caption":"Inuvika Inc"},"image":{"@id":"https:\/\/www.inuvika.com\/#\/schema\/logo\/image\/"},"sameAs":["https:\/\/www.facebook.com\/inuvika\/","https:\/\/x.com\/InuvikaInc","https:\/\/www.linkedin.com\/company\/inuvika-inc-\/","https:\/\/www.youtube.com\/channel\/UC4nWPydrDItH1KMWqfQw8aA"]}]}},"brizy_media":[],"_links":{"self":[{"href":"https:\/\/www.inuvika.com\/fr\/wp-json\/wp\/v2\/pages\/35624","targetHints":{"allow":["GET"]}}],"collection":[{"href":"https:\/\/www.inuvika.com\/fr\/wp-json\/wp\/v2\/pages"}],"about":[{"href":"https:\/\/www.inuvika.com\/fr\/wp-json\/wp\/v2\/types\/page"}],"author":[{"embeddable":true,"href":"https:\/\/www.inuvika.com\/fr\/wp-json\/wp\/v2\/users\/532"}],"replies":[{"embeddable":true,"href":"https:\/\/www.inuvika.com\/fr\/wp-json\/wp\/v2\/comments?post=35624"}],"version-history":[{"count":0,"href":"https:\/\/www.inuvika.com\/fr\/wp-json\/wp\/v2\/pages\/35624\/revisions"}],"wp:attachment":[{"href":"https:\/\/www.inuvika.com\/fr\/wp-json\/wp\/v2\/media?parent=35624"}],"curies":[{"name":"wp","href":"https:\/\/api.w.org\/{rel}","templated":true}]}}