{"id":35619,"date":"2026-02-10T12:57:06","date_gmt":"2026-02-10T16:57:06","guid":{"rendered":"https:\/\/www.inuvika.com\/?page_id=35619"},"modified":"2026-04-08T06:56:38","modified_gmt":"2026-04-08T10:56:38","slug":"fiches-techniques-livres-blancs","status":"publish","type":"page","link":"https:\/\/www.inuvika.com\/fr\/datasheets-whitepapers\/","title":{"rendered":"Fiches techniques et livres blancs"},"content":{"rendered":"<div class=\"brz brz-root__container brz-reset-all brz-root__container-page\">\n<section id=\"gIoa9u2NnbCc_gIoa9u2NnbCc\" class=\"brz-section brz-css-d-section brz-css-ul09d8\">\n<div class=\"brz-section__content brz-section--boxed brz-css-d-sectionitem-bg brz-css-1qe0ib2\" data-brz-custom-id=\"hsJE95GbOloP\">\n<div class=\"brz-bg\">\n<div class=\"brz-bg-color\"><\/div>\n<div class=\"brz-bg-shape brz-bg-shape__bottom\"><\/div>\n<\/div>\n<div class=\"brz-container brz-css-d-sectionitem-container brz-css-zm0fza\">\n<div class=\"brz-row__container brz-css-d-row-row brz-css-1sdmqop\" data-brz-custom-id=\"rbiuhePINddB\">\n<div class=\"brz-row brz-css-d-row-container brz-css-r-row-container brz-css-1o86fc6\">\n<div class=\"brz-columns brz-css-d-column-column brz-css-1b1it8y\" data-brz-custom-id=\"pdXKVCpIhpfD\">\n<div class=\"brz-column__items brz-css-d-column-bg brz-css-9tboqy\">\n<div id=\"\" class=\"brz-css-d-wrapper brz-css-w3zibw brz-wrapper\">\n<div class=\"brz-wp-title brz-css-d-wppoststitle brz-css-osgan9\" data-brz-custom-id=\"agnDQlk2cXmj\"><span class=\"brz-wp-title-content\" style=\"min-height:20px\">Fiches techniques et livres blancs<\/span><\/div>\n<\/div>\n<\/div>\n<\/div>\n<div class=\"brz-columns brz-css-d-column-column brz-css-t2qvxb\" data-brz-custom-id=\"epZTDNDs_ayN\">\n<div class=\"brz-column__items brz-css-d-column-bg brz-css-1tq5ayn\">\n<div class=\"brz-wrapper-clone brz-flex-xs-wrap brz-css-d-cloneable brz-css-z7uhq4\" data-brz-custom-id=\"bgCmvR6l5As5\"><a class=\"brz-a brz-btn brz-css-d-button brz-css-h92dbz brz-css-d-button-bg brz-css-lwnjxu\" target=\"_self\" rel=\"noopener\" href=\"https:\/\/www.inuvika.com\/fr\/ressources\/\" data-brz-link-type=\"external\" data-brz-custom-id=\"fj5mwEHeeh1F\"><span data-brz-translate-text=\"1\" class=\"brz-span brz-text__editor\">Retour aux ressources<\/span><\/a><\/div>\n<\/div>\n<\/div>\n<\/div>\n<\/div>\n<\/div>\n<\/div>\n<\/section>\n<section id=\"j6HhTi5gpnhu_j6HhTi5gpnhu\" class=\"brz-section brz-css-d-section brz-css-1iaiwgf\">\n<div class=\"brz-section__content brz-section--boxed brz-css-d-sectionitem-bg brz-css-1iijx5u\" data-brz-custom-id=\"ks19gZtdGsc4\">\n<div class=\"brz-container brz-css-d-sectionitem-container brz-css-4mhgrn\">\n<div id=\"\" class=\"brz-css-d-wrapper brz-css-r-wrapper brz-css-h5zao9 brz-wrapper\">\n<div class=\"brz-posts brz-css-d-posts brz-css-mbmexl\" data-brz-custom-id=\"n58jAktupAdB\">\n<div class=\"brz-posts__wrapper\">\n<div class=\"brz-posts__item\">\n<div class=\"brz-columns brz-css-d-column-column brz-css-r-column-column brz-css-130ve76\" data-brz-custom-id=\"tPEVxVJXC5lJ\">\n<div class=\"brz-column__items brz-css-d-column-bg brz-css-3glet5\">\n<div id=\"\" class=\"brz-css-d-wrapper brz-css-yu7ght brz-wrapper\">\n<div class=\"brz-image brz-css-d-image-owmjxg70clou-parent brz-css-8f0cxe\" data-brz-custom-id=\"owmJXg70clOu\"><img decoding=\"async\" class=\"brz-img\" src=\"https:\/\/www.inuvika.com\/wp-content\/uploads\/brizy\/imgs\/ResoluteOS_Resources_tile_800_400-526x263x88x0x350x263x1756393204.webp\" loading=\"lazy\" title=\"\"><\/div>\n<\/div>\n<div id=\"\" class=\"brz-css-d-wrapper brz-css-16m1o8y brz-wrapper\">\n<div class=\"brz-wp-title brz-css-d-wppoststitle brz-css-r-wppoststitle brz-css-1ybgjsr\" data-brz-custom-id=\"jVCTnDPH8zPe\"><span class=\"brz-wp-title-content\" style=\"min-height:20px\">ResoluteOS\u2122 Overview - Fiche technique<\/span><\/div>\n<\/div>\n<div id=\"\" class=\"brz-css-d-wrapper brz-css-e9a0rp brz-wrapper\">\n<div class=\"brz-wp-post-excerpt brz-css-d-wppostexcerpt brz-css-r-wppostexcerpt brz-css-55bcz3\" data-brz-custom-id=\"pN160FcPw_jd\"><span class=\"brz-wp-post-excerpt-content\" style=\"min-height:20px\">ResoluteOS est le syst\u00e8me d'exploitation Linux pour clients l\u00e9gers d'Inuvika, con\u00e7u sp\u00e9cialement pour fournir en toute s\u00e9curit\u00e9 les bureaux virtuels et les applications d'Inuvika OVD \u00e0 n'importe quel appareil. Con\u00e7u pour la performance et la simplicit\u00e9, il transforme le mat\u00e9riel existant en points d'extr\u00e9mit\u00e9 s\u00e9curis\u00e9s et g\u00e9r\u00e9s de mani\u00e8re centralis\u00e9e. ResoluteOS combine des temps de d\u00e9marrage rapides, un encombrement minimal et un contr\u00f4le de niveau entreprise, permettant une exp\u00e9rience d'espace de travail moderne \u00e0 partir de pratiquement n'importe o\u00f9. T\u00e9l\u00e9charger ce livre blanc<\/span><\/div>\n<\/div>\n<div id=\"readmore\" class=\"brz-wrapper-clone brz-flex-xs-wrap brz-css-d-cloneable brz-css-hp189i\" data-brz-custom-id=\"bPWditVMojXY\"><a class=\"brz-a brz-btn brz-css-d-button brz-css-1en0s4x brz-css-d-button-bg brz-css-r-button-bg brz-css-3oxn7o\" target=\"_self\" rel=\"noopener\" href=\"https:\/\/www.inuvika.com\/fr\/ressources\/fiche-technique-de-resoluteos\/\" data-brz-link-type=\"external\" data-brz-custom-id=\"uMjPVLof7NGI\"><span data-brz-translate-text=\"1\" class=\"brz-span brz-text__editor\">LIRE LA SUITE<\/span><\/a><\/div>\n<\/div>\n<\/div>\n<\/div>\n<div class=\"brz-posts__item\">\n<div class=\"brz-columns brz-css-d-column-column brz-css-r-column-column brz-css-130ve76\" data-brz-custom-id=\"tPEVxVJXC5lJ\">\n<div class=\"brz-column__items brz-css-d-column-bg brz-css-3glet5\">\n<div id=\"\" class=\"brz-css-d-wrapper brz-css-yu7ght brz-wrapper\">\n<div class=\"brz-image brz-css-d-image-owmjxg70clou-parent brz-css-8f0cxe\" data-brz-custom-id=\"owmJXg70clOu\"><img decoding=\"async\" class=\"brz-img\" src=\"https:\/\/www.inuvika.com\/wp-content\/uploads\/brizy\/imgs\/inuvikalogodevices-397x263x23x0x350x263x1755797359.png\" loading=\"lazy\" title=\"\"><\/div>\n<\/div>\n<div id=\"\" class=\"brz-css-d-wrapper brz-css-16m1o8y brz-wrapper\">\n<div class=\"brz-wp-title brz-css-d-wppoststitle brz-css-r-wppoststitle brz-css-1ybgjsr\" data-brz-custom-id=\"jVCTnDPH8zPe\"><span class=\"brz-wp-title-content\" style=\"min-height:20px\">Vue d'ensemble d'OVD Enterprise - Fiche technique<\/span><\/div>\n<\/div>\n<div id=\"\" class=\"brz-css-d-wrapper brz-css-e9a0rp brz-wrapper\">\n<div class=\"brz-wp-post-excerpt brz-css-d-wppostexcerpt brz-css-r-wppostexcerpt brz-css-55bcz3\" data-brz-custom-id=\"pN160FcPw_jd\"><span class=\"brz-wp-post-excerpt-content\" style=\"min-height:20px\">Inuvika OVD Enterprise fournit des applications et des bureaux Windows et Linux aux utilisateurs sur n'importe quel appareil, n'importe o\u00f9. Il s'agit d'une solution robuste d'applications virtualis\u00e9es qui centralise les donn\u00e9es et les applications et prot\u00e8ge les informations sensibles de l'entreprise tout en cr\u00e9ant des environnements de travail num\u00e9riques s\u00fbrs et accessibles \u00e0 distance. T\u00e9l\u00e9charger ce livre blanc<\/span><\/div>\n<\/div>\n<div id=\"readmore\" class=\"brz-wrapper-clone brz-flex-xs-wrap brz-css-d-cloneable brz-css-hp189i\" data-brz-custom-id=\"bPWditVMojXY\"><a class=\"brz-a brz-btn brz-css-d-button brz-css-1en0s4x brz-css-d-button-bg brz-css-r-button-bg brz-css-3oxn7o\" target=\"_self\" rel=\"noopener\" href=\"https:\/\/www.inuvika.com\/fr\/ressources\/ovd-enterprise-overview-datasheet\/\" data-brz-link-type=\"external\" data-brz-custom-id=\"uMjPVLof7NGI\"><span data-brz-translate-text=\"1\" class=\"brz-span brz-text__editor\">LIRE LA SUITE<\/span><\/a><\/div>\n<\/div>\n<\/div>\n<\/div>\n<div class=\"brz-posts__item\">\n<div class=\"brz-columns brz-css-d-column-column brz-css-r-column-column brz-css-130ve76\" data-brz-custom-id=\"tPEVxVJXC5lJ\">\n<div class=\"brz-column__items brz-css-d-column-bg brz-css-3glet5\">\n<div id=\"\" class=\"brz-css-d-wrapper brz-css-yu7ght brz-wrapper\">\n<div class=\"brz-image brz-css-d-image-owmjxg70clou-parent brz-css-8f0cxe\" data-brz-custom-id=\"owmJXg70clOu\"><img decoding=\"async\" class=\"brz-img\" src=\"https:\/\/www.inuvika.com\/wp-content\/uploads\/brizy\/imgs\/16076-393x263x21x0x350x263x1758902986.jpg\" loading=\"lazy\" title=\"Citrix Workspace Alternative\"><\/div>\n<\/div>\n<div id=\"\" class=\"brz-css-d-wrapper brz-css-16m1o8y brz-wrapper\">\n<div class=\"brz-wp-title brz-css-d-wppoststitle brz-css-r-wppoststitle brz-css-1ybgjsr\" data-brz-custom-id=\"jVCTnDPH8zPe\"><span class=\"brz-wp-title-content\" style=\"min-height:20px\">L'alternative \u00e0 Citrix et VMware<\/span><\/div>\n<\/div>\n<div id=\"\" class=\"brz-css-d-wrapper brz-css-e9a0rp brz-wrapper\">\n<div class=\"brz-wp-post-excerpt brz-css-d-wppostexcerpt brz-css-r-wppostexcerpt brz-css-55bcz3\" data-brz-custom-id=\"pN160FcPw_jd\"><span class=\"brz-wp-post-excerpt-content\" style=\"min-height:20px\">OVD Enterprise \u00e9limine la complexit\u00e9 et r\u00e9duit les co\u00fbts associ\u00e9s \u00e0 Citrix et VMware. Il fournit une solution int\u00e9gr\u00e9e et directe qui est rapide et facile \u00e0 mettre en \u0153uvre, simple \u00e0 g\u00e9rer et qui offre une excellente exp\u00e9rience \u00e0 l'utilisateur. T\u00e9l\u00e9charger ce livre blanc<\/span><\/div>\n<\/div>\n<div id=\"readmore\" class=\"brz-wrapper-clone brz-flex-xs-wrap brz-css-d-cloneable brz-css-hp189i\" data-brz-custom-id=\"bPWditVMojXY\"><a class=\"brz-a brz-btn brz-css-d-button brz-css-1en0s4x brz-css-d-button-bg brz-css-r-button-bg brz-css-3oxn7o\" target=\"_self\" rel=\"noopener\" href=\"https:\/\/www.inuvika.com\/fr\/ressources\/lalternative-a-citrix-et-vmware\/\" data-brz-link-type=\"external\" data-brz-custom-id=\"uMjPVLof7NGI\"><span data-brz-translate-text=\"1\" class=\"brz-span brz-text__editor\">LIRE LA SUITE<\/span><\/a><\/div>\n<\/div>\n<\/div>\n<\/div>\n<div class=\"brz-posts__item\">\n<div class=\"brz-columns brz-css-d-column-column brz-css-r-column-column brz-css-130ve76\" data-brz-custom-id=\"tPEVxVJXC5lJ\">\n<div class=\"brz-column__items brz-css-d-column-bg brz-css-3glet5\">\n<div id=\"\" class=\"brz-css-d-wrapper brz-css-yu7ght brz-wrapper\">\n<div class=\"brz-image brz-css-d-image-owmjxg70clou-parent brz-css-8f0cxe\" data-brz-custom-id=\"owmJXg70clOu\"><img decoding=\"async\" class=\"brz-img\" src=\"https:\/\/www.inuvika.com\/wp-content\/uploads\/brizy\/imgs\/Screenshot-2026-02-02-at-23-41-22-Remote-Access-Business-Continuity-v1-03-25-20.pdf-436x263x43x0x350x263x1770055901.png\" loading=\"lazy\" title=\"\"><\/div>\n<\/div>\n<div id=\"\" class=\"brz-css-d-wrapper brz-css-16m1o8y brz-wrapper\">\n<div class=\"brz-wp-title brz-css-d-wppoststitle brz-css-r-wppoststitle brz-css-1ybgjsr\" data-brz-custom-id=\"jVCTnDPH8zPe\"><span class=\"brz-wp-title-content\" style=\"min-height:20px\">Acc\u00e8s \u00e0 distance et continuit\u00e9 des activit\u00e9s<\/span><\/div>\n<\/div>\n<div id=\"\" class=\"brz-css-d-wrapper brz-css-e9a0rp brz-wrapper\">\n<div class=\"brz-wp-post-excerpt brz-css-d-wppostexcerpt brz-css-r-wppostexcerpt brz-css-55bcz3\" data-brz-custom-id=\"pN160FcPw_jd\"><span class=\"brz-wp-post-excerpt-content\" style=\"min-height:20px\">La liste des risques auxquels sont expos\u00e9es les entreprises ne cessant de s'allonger, il est plus que jamais n\u00e9cessaire de mettre en place un plan de continuit\u00e9 de l'activit\u00e9. Les perturbations actuelles peuvent \u00eatre d'origine humaine (par exemple, les conflits sociaux et les cybermenaces) ou naturelle (par exemple, les urgences de sant\u00e9 publique et les tremblements de terre). T\u00e9l\u00e9charger ce livre blanc<\/span><\/div>\n<\/div>\n<div id=\"readmore\" class=\"brz-wrapper-clone brz-flex-xs-wrap brz-css-d-cloneable brz-css-hp189i\" data-brz-custom-id=\"bPWditVMojXY\"><a class=\"brz-a brz-btn brz-css-d-button brz-css-1en0s4x brz-css-d-button-bg brz-css-r-button-bg brz-css-3oxn7o\" target=\"_self\" rel=\"noopener\" href=\"https:\/\/www.inuvika.com\/fr\/ressources\/acces-a-distance-et-continuite-des-activites\/\" data-brz-link-type=\"external\" data-brz-custom-id=\"uMjPVLof7NGI\"><span data-brz-translate-text=\"1\" class=\"brz-span brz-text__editor\">LIRE LA SUITE<\/span><\/a><\/div>\n<\/div>\n<\/div>\n<\/div>\n<div class=\"brz-posts__item\">\n<div class=\"brz-columns brz-css-d-column-column brz-css-r-column-column brz-css-130ve76\" data-brz-custom-id=\"tPEVxVJXC5lJ\">\n<div class=\"brz-column__items brz-css-d-column-bg brz-css-3glet5\">\n<div id=\"\" class=\"brz-css-d-wrapper brz-css-yu7ght brz-wrapper\">\n<div class=\"brz-image brz-css-d-image-owmjxg70clou-parent brz-css-8f0cxe\" data-brz-custom-id=\"owmJXg70clOu\"><img decoding=\"async\" class=\"brz-img\" src=\"https:\/\/www.inuvika.com\/wp-content\/uploads\/brizy\/imgs\/Screenshot-2026-01-23-at-21-59-29-Solution-Brief-Appl-Virtualization-in-Education-.pdf-421x263x35x0x350x263x1769185779.png\" loading=\"lazy\" title=\"\"><\/div>\n<\/div>\n<div id=\"\" class=\"brz-css-d-wrapper brz-css-16m1o8y brz-wrapper\">\n<div class=\"brz-wp-title brz-css-d-wppoststitle brz-css-r-wppoststitle brz-css-1ybgjsr\" data-brz-custom-id=\"jVCTnDPH8zPe\"><span class=\"brz-wp-title-content\" style=\"min-height:20px\">La diffusion d'applications pour l'\u00e9ducation, de mani\u00e8re intelligente<\/span><\/div>\n<\/div>\n<div id=\"\" class=\"brz-css-d-wrapper brz-css-e9a0rp brz-wrapper\">\n<div class=\"brz-wp-post-excerpt brz-css-d-wppostexcerpt brz-css-r-wppostexcerpt brz-css-55bcz3\" data-brz-custom-id=\"pN160FcPw_jd\"><span class=\"brz-wp-post-excerpt-content\" style=\"min-height:20px\">L'offre d'apprentissage a consid\u00e9rablement chang\u00e9 depuis la pand\u00e9mie. Bien que l'apprentissage num\u00e9rique ait d\u00e9j\u00e0 eu un impact consid\u00e9rable sur la mani\u00e8re dont l'\u00e9ducation est dispens\u00e9e aujourd'hui, le seul probl\u00e8me fondamental qui subsiste est la nature statique de cette prestation. T\u00e9l\u00e9charger ce livre blanc<\/span><\/div>\n<\/div>\n<div id=\"readmore\" class=\"brz-wrapper-clone brz-flex-xs-wrap brz-css-d-cloneable brz-css-hp189i\" data-brz-custom-id=\"bPWditVMojXY\"><a class=\"brz-a brz-btn brz-css-d-button brz-css-1en0s4x brz-css-d-button-bg brz-css-r-button-bg brz-css-3oxn7o\" target=\"_self\" rel=\"noopener\" href=\"https:\/\/www.inuvika.com\/fr\/ressources\/livraison-dapplications-pour-leducation-de-maniere-intelligente\/\" data-brz-link-type=\"external\" data-brz-custom-id=\"uMjPVLof7NGI\"><span data-brz-translate-text=\"1\" class=\"brz-span brz-text__editor\">LIRE LA SUITE<\/span><\/a><\/div>\n<\/div>\n<\/div>\n<\/div>\n<div class=\"brz-posts__item\">\n<div class=\"brz-columns brz-css-d-column-column brz-css-r-column-column brz-css-130ve76\" data-brz-custom-id=\"tPEVxVJXC5lJ\">\n<div class=\"brz-column__items brz-css-d-column-bg brz-css-3glet5\">\n<div id=\"\" class=\"brz-css-d-wrapper brz-css-yu7ght brz-wrapper\">\n<div class=\"brz-image brz-css-d-image-owmjxg70clou-parent brz-css-8f0cxe\" data-brz-custom-id=\"owmJXg70clOu\"><img decoding=\"async\" class=\"brz-img\" src=\"https:\/\/www.inuvika.com\/wp-content\/uploads\/brizy\/imgs\/govback-394x263x22x0x350x263x1694616119.webp\" loading=\"lazy\" title=\"\"><\/div>\n<\/div>\n<div id=\"\" class=\"brz-css-d-wrapper brz-css-16m1o8y brz-wrapper\">\n<div class=\"brz-wp-title brz-css-d-wppoststitle brz-css-r-wppoststitle brz-css-1ybgjsr\" data-brz-custom-id=\"jVCTnDPH8zPe\"><span class=\"brz-wp-title-content\" style=\"min-height:20px\">Comment la virtualisation des applications d'Inuvika r\u00e9duit le co\u00fbt de fourniture des applications<\/span><\/div>\n<\/div>\n<div id=\"\" class=\"brz-css-d-wrapper brz-css-e9a0rp brz-wrapper\">\n<div class=\"brz-wp-post-excerpt brz-css-d-wppostexcerpt brz-css-r-wppostexcerpt brz-css-55bcz3\" data-brz-custom-id=\"pN160FcPw_jd\"><span class=\"brz-wp-post-excerpt-content\" style=\"min-height:20px\">La fa\u00e7on dont nous travaillons aujourd'hui a chang\u00e9. Ce changement a toujours \u00e9t\u00e9 \u00e0 venir. Lentement mais s\u00fbrement, nous nous dirigions vers la possibilit\u00e9 de travailler \u00e0 partir de n'importe quel endroit et en utilisant une multitude d'appareils diff\u00e9rents. Puis l'impensable s'est produit. Nous nous sommes retrouv\u00e9s au milieu d'une pand\u00e9mie mondiale. Covid avait frapp\u00e9 ! T\u00e9l\u00e9charger ce livre blanc<\/span><\/div>\n<\/div>\n<div id=\"readmore\" class=\"brz-wrapper-clone brz-flex-xs-wrap brz-css-d-cloneable brz-css-hp189i\" data-brz-custom-id=\"bPWditVMojXY\"><a class=\"brz-a brz-btn brz-css-d-button brz-css-1en0s4x brz-css-d-button-bg brz-css-r-button-bg brz-css-3oxn7o\" target=\"_self\" rel=\"noopener\" href=\"https:\/\/www.inuvika.com\/fr\/ressources\/comment-la-virtualisation-des-applications-dinuvikas-reduit-le-cout-de-la-fourniture-dapplications\/\" data-brz-link-type=\"external\" data-brz-custom-id=\"uMjPVLof7NGI\"><span data-brz-translate-text=\"1\" class=\"brz-span brz-text__editor\">LIRE LA SUITE<\/span><\/a><\/div>\n<\/div>\n<\/div>\n<\/div>\n<\/div>\n<div class=\"brz-posts__pagination\"><\/div>\n<\/div>\n<\/div>\n<\/div>\n<\/div>\n<\/section><\/div>\n<p><!-- version:1770223621 --><\/p>","protected":false},"excerpt":{"rendered":"<p>Datasheets &#038; Whitepapers Back to Resources ResoluteOS\u2122 Overview &#8211; Datasheet ResoluteOS is Inuvika\u2019s purpose-built Linux thin client OS that securely delivers Inuvika OVD virtual desktops and apps to any device. [&hellip;]<\/p>\n","protected":false},"author":532,"featured_media":0,"parent":0,"menu_order":0,"comment_status":"closed","ping_status":"closed","template":"","meta":{"footnotes":""},"class_list":["post-35619","page","type-page","status-publish","hentry"],"blocksy_meta":[],"yoast_head":"<!-- This site is optimized with the Yoast SEO plugin v27.4 - https:\/\/yoast.com\/product\/yoast-seo-wordpress\/ -->\n<title>Datasheets &#038; Whitepapers - Inuvika<\/title>\n<meta name=\"robots\" content=\"index, follow, max-snippet:-1, max-image-preview:large, max-video-preview:-1\" \/>\n<link rel=\"canonical\" href=\"https:\/\/www.inuvika.com\/fr\/fiches-techniques-livres-blancs\/\" \/>\n<meta property=\"og:locale\" content=\"fr_FR\" \/>\n<meta property=\"og:type\" content=\"article\" \/>\n<meta property=\"og:title\" content=\"Datasheets &#038; Whitepapers - Inuvika\" \/>\n<meta property=\"og:description\" content=\"Datasheets &#038; Whitepapers Back to Resources ResoluteOS\u2122 Overview &#8211; Datasheet ResoluteOS is Inuvika\u2019s purpose-built Linux thin client OS that securely delivers Inuvika OVD virtual desktops and apps to any device. [&hellip;]\" \/>\n<meta property=\"og:url\" content=\"https:\/\/www.inuvika.com\/fr\/fiches-techniques-livres-blancs\/\" \/>\n<meta property=\"og:site_name\" content=\"Inuvika\" \/>\n<meta property=\"article:publisher\" content=\"https:\/\/www.facebook.com\/inuvika\/\" \/>\n<meta property=\"article:modified_time\" content=\"2026-04-08T10:56:38+00:00\" \/>\n<meta property=\"og:image\" content=\"https:\/\/www.inuvika.com\/wp-content\/uploads\/brizy\/imgs\/ResoluteOS_Resources_tile_800_400-526x263x88x0x350x263x1756393204.webp\" \/>\n<meta name=\"twitter:card\" content=\"summary_large_image\" \/>\n<meta name=\"twitter:site\" content=\"@InuvikaInc\" \/>\n<script type=\"application\/ld+json\" class=\"yoast-schema-graph\">{\"@context\":\"https:\\\/\\\/schema.org\",\"@graph\":[{\"@type\":\"WebPage\",\"@id\":\"https:\\\/\\\/www.inuvika.com\\\/fr\\\/datasheets-whitepapers\\\/\",\"url\":\"https:\\\/\\\/www.inuvika.com\\\/fr\\\/datasheets-whitepapers\\\/\",\"name\":\"Datasheets &#038; Whitepapers - Inuvika\",\"isPartOf\":{\"@id\":\"https:\\\/\\\/www.inuvika.com\\\/#website\"},\"primaryImageOfPage\":{\"@id\":\"https:\\\/\\\/www.inuvika.com\\\/fr\\\/datasheets-whitepapers\\\/#primaryimage\"},\"image\":{\"@id\":\"https:\\\/\\\/www.inuvika.com\\\/fr\\\/datasheets-whitepapers\\\/#primaryimage\"},\"thumbnailUrl\":\"https:\\\/\\\/www.inuvika.com\\\/wp-content\\\/uploads\\\/brizy\\\/imgs\\\/ResoluteOS_Resources_tile_800_400-526x263x88x0x350x263x1756393204.webp\",\"datePublished\":\"2026-02-10T16:57:06+00:00\",\"dateModified\":\"2026-04-08T10:56:38+00:00\",\"breadcrumb\":{\"@id\":\"https:\\\/\\\/www.inuvika.com\\\/fr\\\/datasheets-whitepapers\\\/#breadcrumb\"},\"inLanguage\":\"fr-FR\",\"potentialAction\":[{\"@type\":\"ReadAction\",\"target\":[\"https:\\\/\\\/www.inuvika.com\\\/fr\\\/datasheets-whitepapers\\\/\"]}]},{\"@type\":\"ImageObject\",\"inLanguage\":\"fr-FR\",\"@id\":\"https:\\\/\\\/www.inuvika.com\\\/fr\\\/datasheets-whitepapers\\\/#primaryimage\",\"url\":\"https:\\\/\\\/www.inuvika.com\\\/wp-content\\\/uploads\\\/brizy\\\/imgs\\\/ResoluteOS_Resources_tile_800_400-526x263x88x0x350x263x1756393204.webp\",\"contentUrl\":\"https:\\\/\\\/www.inuvika.com\\\/wp-content\\\/uploads\\\/brizy\\\/imgs\\\/ResoluteOS_Resources_tile_800_400-526x263x88x0x350x263x1756393204.webp\"},{\"@type\":\"BreadcrumbList\",\"@id\":\"https:\\\/\\\/www.inuvika.com\\\/fr\\\/datasheets-whitepapers\\\/#breadcrumb\",\"itemListElement\":[{\"@type\":\"ListItem\",\"position\":1,\"name\":\"Home\",\"item\":\"https:\\\/\\\/www.inuvika.com\\\/\"},{\"@type\":\"ListItem\",\"position\":2,\"name\":\"Datasheets &#038; Whitepapers\"}]},{\"@type\":\"WebSite\",\"@id\":\"https:\\\/\\\/www.inuvika.com\\\/#website\",\"url\":\"https:\\\/\\\/www.inuvika.com\\\/\",\"name\":\"inuvika.com\",\"description\":\"Apps + Desktops to any device!\",\"publisher\":{\"@id\":\"https:\\\/\\\/www.inuvika.com\\\/#organization\"},\"potentialAction\":[{\"@type\":\"SearchAction\",\"target\":{\"@type\":\"EntryPoint\",\"urlTemplate\":\"https:\\\/\\\/www.inuvika.com\\\/?s={search_term_string}\"},\"query-input\":{\"@type\":\"PropertyValueSpecification\",\"valueRequired\":true,\"valueName\":\"search_term_string\"}}],\"inLanguage\":\"fr-FR\"},{\"@type\":\"Organization\",\"@id\":\"https:\\\/\\\/www.inuvika.com\\\/#organization\",\"name\":\"Inuvika Inc\",\"url\":\"https:\\\/\\\/www.inuvika.com\\\/\",\"logo\":{\"@type\":\"ImageObject\",\"inLanguage\":\"fr-FR\",\"@id\":\"https:\\\/\\\/www.inuvika.com\\\/#\\\/schema\\\/logo\\\/image\\\/\",\"url\":\"https:\\\/\\\/www.inuvika.com\\\/wp-content\\\/uploads\\\/2018\\\/10\\\/inuvika-logo.png\",\"contentUrl\":\"https:\\\/\\\/www.inuvika.com\\\/wp-content\\\/uploads\\\/2018\\\/10\\\/inuvika-logo.png\",\"width\":718,\"height\":169,\"caption\":\"Inuvika Inc\"},\"image\":{\"@id\":\"https:\\\/\\\/www.inuvika.com\\\/#\\\/schema\\\/logo\\\/image\\\/\"},\"sameAs\":[\"https:\\\/\\\/www.facebook.com\\\/inuvika\\\/\",\"https:\\\/\\\/x.com\\\/InuvikaInc\",\"https:\\\/\\\/www.linkedin.com\\\/company\\\/inuvika-inc-\\\/\",\"https:\\\/\\\/www.youtube.com\\\/channel\\\/UC4nWPydrDItH1KMWqfQw8aA\"]}]}<\/script>\n<!-- \/ Yoast SEO plugin. -->","yoast_head_json":{"title":"Fiches techniques et livres blancs - Inuvika","robots":{"index":"index","follow":"follow","max-snippet":"max-snippet:-1","max-image-preview":"max-image-preview:large","max-video-preview":"max-video-preview:-1"},"canonical":"https:\/\/www.inuvika.com\/fr\/fiches-techniques-livres-blancs\/","og_locale":"fr_FR","og_type":"article","og_title":"Datasheets &#038; Whitepapers - Inuvika","og_description":"Datasheets &#038; Whitepapers Back to Resources ResoluteOS\u2122 Overview &#8211; Datasheet ResoluteOS is Inuvika\u2019s purpose-built Linux thin client OS that securely delivers Inuvika OVD virtual desktops and apps to any device. [&hellip;]","og_url":"https:\/\/www.inuvika.com\/fr\/fiches-techniques-livres-blancs\/","og_site_name":"Inuvika","article_publisher":"https:\/\/www.facebook.com\/inuvika\/","article_modified_time":"2026-04-08T10:56:38+00:00","og_image":[{"url":"https:\/\/www.inuvika.com\/wp-content\/uploads\/brizy\/imgs\/ResoluteOS_Resources_tile_800_400-526x263x88x0x350x263x1756393204.webp","type":"","width":"","height":""}],"twitter_card":"summary_large_image","twitter_site":"@InuvikaInc","schema":{"@context":"https:\/\/schema.org","@graph":[{"@type":"WebPage","@id":"https:\/\/www.inuvika.com\/fr\/datasheets-whitepapers\/","url":"https:\/\/www.inuvika.com\/fr\/datasheets-whitepapers\/","name":"Fiches techniques et livres blancs - Inuvika","isPartOf":{"@id":"https:\/\/www.inuvika.com\/#website"},"primaryImageOfPage":{"@id":"https:\/\/www.inuvika.com\/fr\/datasheets-whitepapers\/#primaryimage"},"image":{"@id":"https:\/\/www.inuvika.com\/fr\/datasheets-whitepapers\/#primaryimage"},"thumbnailUrl":"https:\/\/www.inuvika.com\/wp-content\/uploads\/brizy\/imgs\/ResoluteOS_Resources_tile_800_400-526x263x88x0x350x263x1756393204.webp","datePublished":"2026-02-10T16:57:06+00:00","dateModified":"2026-04-08T10:56:38+00:00","breadcrumb":{"@id":"https:\/\/www.inuvika.com\/fr\/datasheets-whitepapers\/#breadcrumb"},"inLanguage":"fr-FR","potentialAction":[{"@type":"ReadAction","target":["https:\/\/www.inuvika.com\/fr\/datasheets-whitepapers\/"]}]},{"@type":"ImageObject","inLanguage":"fr-FR","@id":"https:\/\/www.inuvika.com\/fr\/datasheets-whitepapers\/#primaryimage","url":"https:\/\/www.inuvika.com\/wp-content\/uploads\/brizy\/imgs\/ResoluteOS_Resources_tile_800_400-526x263x88x0x350x263x1756393204.webp","contentUrl":"https:\/\/www.inuvika.com\/wp-content\/uploads\/brizy\/imgs\/ResoluteOS_Resources_tile_800_400-526x263x88x0x350x263x1756393204.webp"},{"@type":"BreadcrumbList","@id":"https:\/\/www.inuvika.com\/fr\/datasheets-whitepapers\/#breadcrumb","itemListElement":[{"@type":"ListItem","position":1,"name":"Home","item":"https:\/\/www.inuvika.com\/"},{"@type":"ListItem","position":2,"name":"Datasheets &#038; Whitepapers"}]},{"@type":"WebSite","@id":"https:\/\/www.inuvika.com\/#website","url":"https:\/\/www.inuvika.com\/","name":"inuvika.com","description":"Apps + Desktops sur n'importe quel appareil !","publisher":{"@id":"https:\/\/www.inuvika.com\/#organization"},"potentialAction":[{"@type":"SearchAction","target":{"@type":"EntryPoint","urlTemplate":"https:\/\/www.inuvika.com\/?s={search_term_string}"},"query-input":{"@type":"PropertyValueSpecification","valueRequired":true,"valueName":"search_term_string"}}],"inLanguage":"fr-FR"},{"@type":"Organization","@id":"https:\/\/www.inuvika.com\/#organization","name":"Inuvika Inc","url":"https:\/\/www.inuvika.com\/","logo":{"@type":"ImageObject","inLanguage":"fr-FR","@id":"https:\/\/www.inuvika.com\/#\/schema\/logo\/image\/","url":"https:\/\/www.inuvika.com\/wp-content\/uploads\/2018\/10\/inuvika-logo.png","contentUrl":"https:\/\/www.inuvika.com\/wp-content\/uploads\/2018\/10\/inuvika-logo.png","width":718,"height":169,"caption":"Inuvika Inc"},"image":{"@id":"https:\/\/www.inuvika.com\/#\/schema\/logo\/image\/"},"sameAs":["https:\/\/www.facebook.com\/inuvika\/","https:\/\/x.com\/InuvikaInc","https:\/\/www.linkedin.com\/company\/inuvika-inc-\/","https:\/\/www.youtube.com\/channel\/UC4nWPydrDItH1KMWqfQw8aA"]}]}},"brizy_media":[],"_links":{"self":[{"href":"https:\/\/www.inuvika.com\/fr\/wp-json\/wp\/v2\/pages\/35619","targetHints":{"allow":["GET"]}}],"collection":[{"href":"https:\/\/www.inuvika.com\/fr\/wp-json\/wp\/v2\/pages"}],"about":[{"href":"https:\/\/www.inuvika.com\/fr\/wp-json\/wp\/v2\/types\/page"}],"author":[{"embeddable":true,"href":"https:\/\/www.inuvika.com\/fr\/wp-json\/wp\/v2\/users\/532"}],"replies":[{"embeddable":true,"href":"https:\/\/www.inuvika.com\/fr\/wp-json\/wp\/v2\/comments?post=35619"}],"version-history":[{"count":0,"href":"https:\/\/www.inuvika.com\/fr\/wp-json\/wp\/v2\/pages\/35619\/revisions"}],"wp:attachment":[{"href":"https:\/\/www.inuvika.com\/fr\/wp-json\/wp\/v2\/media?parent=35619"}],"curies":[{"name":"wp","href":"https:\/\/api.w.org\/{rel}","templated":true}]}}