{"id":24234,"date":"2024-11-07T10:14:53","date_gmt":"2024-11-07T14:14:53","guid":{"rendered":"https:\/\/newsite.inuvika.com\/?page_id=24234"},"modified":"2026-03-26T16:25:09","modified_gmt":"2026-03-26T20:25:09","slug":"alex-perkins","status":"publish","type":"page","link":"https:\/\/www.inuvika.com\/fr\/about\/alex-perkins\/","title":{"rendered":"Alex Perkins"},"content":{"rendered":"<div class=\"brz brz-root__container brz-reset-all brz-root__container-page\">\n<section id=\"vVHDnTqLxKkd_vVHDnTqLxKkd\" class=\"brz-section brz-css-d-section brz-css-1t6iok5\">\n<div class=\"brz-section__content brz-section--boxed brz-css-d-sectionitem-bg brz-css-1ayawbb\" data-brz-custom-id=\"xVcMkFYN7Hk1\">\n<div class=\"brz-bg\">\n<div class=\"brz-bg-color\"><\/div>\n<\/div>\n<div class=\"brz-container brz-css-d-sectionitem-container brz-css-1qogrb7\">\n<div class=\"brz-row__container brz-css-d-row-row brz-css-266saz\" data-brz-custom-id=\"iBXFgKXyGTNp\">\n<div class=\"brz-row brz-css-d-row-container brz-css-r-row-container brz-css-1ktrnzv\">\n<div class=\"brz-columns brz-css-d-column-column brz-css-1n01gil\" data-brz-custom-id=\"ahA_Ihq27USe\">\n<div class=\"brz-bg\">\n<div class=\"brz-bg-color\"><\/div>\n<\/div>\n<div class=\"brz-column__items brz-css-d-column-bg brz-css-1944b9p\">\n<div id=\"\" class=\"brz-css-d-wrapper brz-css-3yng5q brz-wrapper\">\n<div class=\"brz-image brz-css-d-image-vyupxjccua2y-parent brz-css-ih4fdz\" data-brz-custom-id=\"vyUPxjCcua2y\"><img decoding=\"async\" class=\"brz-img\" src=\"https:\/\/www.inuvika.com\/wp-content\/uploads\/2022\/03\/alex_p3.png\" loading=\"lazy\" alt=\"Alex Perkins\" title=\"alex\"><\/div>\n<\/div>\n<div id=\"\" class=\"brz-css-d-wrapper brz-css-dgbf3s brz-wrapper\">\n<div class=\"brz-rich-text brz-rich-text__custom brz-css-d-richtext brz-css-1n1uggz\" data-brz-custom-id=\"nvU1ONWfcA1D\">\n<div data-brz-translate-text=\"1\">\n<h1 class=\"brz-text-lg-center brz-fss-lg-px brz-fw-lg-400 brz-ls-lg-0 brz-lh-lg-1_7 brz-vfw-lg-400 brz-fwdth-lg-100 brz-fsft-lg-0 brz-ff-roboto brz-ft-google brz-fs-lg-22 brz-tp-lg-heading1 brz-css-hcavU\" data-uniq-id=\"shTGH\" data-generated-css=\"brz-css-lRGrm\"><span class=\"brz-cp-color1\">Alex Perkins<\/span><\/h1>\n<\/div>\n<\/div>\n<\/div>\n<div id=\"\" class=\"brz-css-d-wrapper brz-css-l1mu8k brz-wrapper\">\n<div class=\"brz-rich-text brz-rich-text__custom brz-css-d-richtext brz-css-1j8gnqv\" data-brz-custom-id=\"jeO3Ygbs1Dfj\">\n<div data-brz-translate-text=\"1\">\n<p class=\"brz-text-lg-center brz-tp-lg-paragraph brz-css-v1lVc\" data-generated-css=\"brz-css-shQ1w\" data-uniq-id=\"fIB4n\"><span class=\"brz-cp-color3\">DIRECTEUR TECHNIQUE<\/span><\/p>\n<\/div>\n<\/div>\n<\/div>\n<\/div>\n<\/div>\n<div class=\"brz-columns brz-css-d-column-column brz-css-19vbosh\" data-brz-custom-id=\"amchWk8wgLwm\">\n<div class=\"brz-column__items brz-css-d-column-bg brz-css-cgw0eb\">\n<div id=\"\" class=\"brz-css-d-wrapper brz-css-1ncpyzt brz-wrapper\">\n<div class=\"brz-rich-text brz-rich-text__custom brz-css-d-richtext brz-css-1flt43p\" data-brz-custom-id=\"jMbpkK9cPa5m\">\n<div data-brz-translate-text=\"1\">\n<p class=\"brz-fsft-lg-0 brz-fwdth-lg-100 brz-vfw-lg-400 brz-lh-lg-1_7 brz-ls-lg-0 brz-fw-lg-300 brz-fss-lg-px brz-fs-lg-16 brz-ft-google brz-ff-roboto brz-tp-lg-empty brz-css-aSNGl\" data-uniq-id=\"hT9Zc\" data-generated-css=\"brz-css-c_TvJ\"><span class=\"brz-cp-color1\">En tant que directeur technique, Alex est charg\u00e9 de veiller \u00e0 ce que les clients b\u00e9n\u00e9ficient d'une excellente exp\u00e9rience d\u00e8s le d\u00e9but de leur parcours avec Inuvika, jusqu'\u00e0 l'assistance apr\u00e8s-vente.<\/span><\/p>\n<p class=\"brz-fsft-lg-0 brz-fwdth-lg-100 brz-vfw-lg-400 brz-lh-lg-1_7 brz-ls-lg-0 brz-fw-lg-300 brz-fss-lg-px brz-fs-lg-16 brz-ft-google brz-ff-roboto brz-tp-lg-empty brz-css-xKyoO\" data-uniq-id=\"wJMIB\" data-generated-css=\"brz-css-o5bmN\"><span class=\"brz-cp-color1\"> <\/span><\/p>\n<p class=\"brz-fsft-lg-0 brz-fwdth-lg-100 brz-vfw-lg-400 brz-lh-lg-1_7 brz-ls-lg-0 brz-fw-lg-300 brz-fss-lg-px brz-fs-lg-16 brz-ft-google brz-ff-roboto brz-tp-lg-empty brz-css-xsrp2\" data-uniq-id=\"qnxdL\" data-generated-css=\"brz-css-cdKK4\"><span class=\"brz-cp-color1\">Alex a plus de 20 ans d'exp\u00e9rience dans le domaine des technologies de l'information et a travaill\u00e9 dans divers secteurs, notamment l'apprentissage en ligne, la consultance, l'ing\u00e9nierie et les centres de donn\u00e9es. Il a travaill\u00e9 pour un certain nombre d'entreprises largement reconnues, dont le plus grand partenaire SAP ind\u00e9pendant du Royaume-Uni.<\/span><\/p>\n<p class=\"brz-fsft-lg-0 brz-fwdth-lg-100 brz-vfw-lg-400 brz-lh-lg-1_7 brz-ls-lg-0 brz-fw-lg-300 brz-fss-lg-px brz-fs-lg-16 brz-ft-google brz-ff-roboto brz-tp-lg-empty brz-css-l1ufJ\" data-uniq-id=\"qSo4G\" data-generated-css=\"brz-css-rkO35\"><span class=\"brz-cp-color1\"> <\/span><\/p>\n<p class=\"brz-fsft-lg-0 brz-fwdth-lg-100 brz-vfw-lg-400 brz-lh-lg-1_7 brz-ls-lg-0 brz-fw-lg-300 brz-fss-lg-px brz-fs-lg-16 brz-ft-google brz-ff-roboto brz-tp-lg-empty brz-css-qgo1x\" data-uniq-id=\"gg4uP\" data-generated-css=\"brz-css-kQjbl\"><span class=\"brz-cp-color1\">Il poss\u00e8de une grande connaissance de la pr\u00e9-vente, de la mise en \u0153uvre et de l'assistance technique, et ne pourrait \u00eatre mieux plac\u00e9 pour diriger l'\u00e9quipe des services techniques d'Inuvika.<\/span><\/p>\n<p class=\"brz-fsft-lg-0 brz-fwdth-lg-100 brz-vfw-lg-400 brz-lh-lg-1_7 brz-ls-lg-0 brz-fw-lg-300 brz-fss-lg-px brz-fs-lg-16 brz-ft-google brz-ff-roboto brz-tp-lg-empty brz-css-dC9ON\" data-uniq-id=\"x7CzP\" data-generated-css=\"brz-css-b5Win\"><span class=\"brz-cp-color1\"> <\/span><\/p>\n<p class=\"brz-fsft-lg-0 brz-fwdth-lg-100 brz-vfw-lg-400 brz-lh-lg-1_7 brz-ls-lg-0 brz-fw-lg-300 brz-fss-lg-px brz-fs-lg-16 brz-ft-google brz-ff-roboto brz-tp-lg-empty brz-css-g1GCk\" data-uniq-id=\"l9Ua0\" data-generated-css=\"brz-css-dOxRr\"><span class=\"brz-cp-color1\">Alex est un ing\u00e9nieur certifi\u00e9 Citrix et un professionnel certifi\u00e9 Microsoft.<\/span><\/p>\n<\/div>\n<\/div>\n<\/div>\n<\/div>\n<\/div>\n<\/div>\n<\/div>\n<\/div>\n<\/div>\n<\/section><\/div>\n<p><!-- version:1764858661 --><\/p>","protected":false},"excerpt":{"rendered":"<p>Alex Perkins TECHNICAL DIRECTOR As Technical Director, Alex is responsible for ensuring customers receive a great experience from the moment they begin their journey with Inuvika, right through to after-sales [&hellip;]<\/p>\n","protected":false},"author":5,"featured_media":0,"parent":2006,"menu_order":0,"comment_status":"closed","ping_status":"closed","template":"","meta":{"footnotes":""},"class_list":["post-24234","page","type-page","status-publish","hentry"],"blocksy_meta":[],"yoast_head":"<!-- This site is optimized with the Yoast SEO plugin v27.3 - https:\/\/yoast.com\/product\/yoast-seo-wordpress\/ -->\n<title>Alex Perkins - Inuvika<\/title>\n<meta name=\"description\" content=\"Alex Perkins, Technical Director at Inuvika, leads customer experience and technical services with 18+ years in IT, SAP, Citrix, and Microsoft expertise.\" \/>\n<meta name=\"robots\" content=\"index, follow, max-snippet:-1, max-image-preview:large, max-video-preview:-1\" \/>\n<link rel=\"canonical\" href=\"https:\/\/www.inuvika.com\/fr\/a-propos-de\/alex-perkins\/\" \/>\n<meta property=\"og:locale\" content=\"fr_FR\" \/>\n<meta property=\"og:type\" content=\"article\" \/>\n<meta property=\"og:title\" content=\"Alex Perkins - Inuvika\" \/>\n<meta property=\"og:description\" content=\"Alex Perkins, Technical Director at Inuvika, leads customer experience and technical services with 18+ years in IT, SAP, Citrix, and Microsoft expertise.\" \/>\n<meta property=\"og:url\" content=\"https:\/\/www.inuvika.com\/fr\/a-propos-de\/alex-perkins\/\" \/>\n<meta property=\"og:site_name\" content=\"Inuvika\" \/>\n<meta property=\"article:publisher\" content=\"https:\/\/www.facebook.com\/inuvika\/\" \/>\n<meta property=\"article:modified_time\" content=\"2026-03-26T20:25:09+00:00\" \/>\n<meta property=\"og:image\" content=\"https:\/\/www.inuvika.com\/wp-content\/uploads\/2022\/03\/alex_p3.png\" \/>\n<meta name=\"twitter:card\" content=\"summary_large_image\" \/>\n<meta name=\"twitter:site\" content=\"@InuvikaInc\" \/>\n<meta name=\"twitter:label1\" content=\"Dur\u00e9e de lecture estim\u00e9e\" \/>\n\t<meta name=\"twitter:data1\" content=\"1 minute\" \/>\n<script type=\"application\/ld+json\" class=\"yoast-schema-graph\">{\"@context\":\"https:\\\/\\\/schema.org\",\"@graph\":[{\"@type\":\"WebPage\",\"@id\":\"https:\\\/\\\/www.inuvika.com\\\/de\\\/about\\\/alex-perkins\\\/\",\"url\":\"https:\\\/\\\/www.inuvika.com\\\/de\\\/about\\\/alex-perkins\\\/\",\"name\":\"Alex Perkins - Inuvika\",\"isPartOf\":{\"@id\":\"https:\\\/\\\/www.inuvika.com\\\/#website\"},\"primaryImageOfPage\":{\"@id\":\"https:\\\/\\\/www.inuvika.com\\\/de\\\/about\\\/alex-perkins\\\/#primaryimage\"},\"image\":{\"@id\":\"https:\\\/\\\/www.inuvika.com\\\/de\\\/about\\\/alex-perkins\\\/#primaryimage\"},\"thumbnailUrl\":\"https:\\\/\\\/www.inuvika.com\\\/wp-content\\\/uploads\\\/2022\\\/03\\\/alex_p3.png\",\"datePublished\":\"2024-11-07T14:14:53+00:00\",\"dateModified\":\"2026-03-26T20:25:09+00:00\",\"description\":\"Alex Perkins, Technical Director at Inuvika, leads customer experience and technical services with 18+ years in IT, SAP, Citrix, and Microsoft expertise.\",\"breadcrumb\":{\"@id\":\"https:\\\/\\\/www.inuvika.com\\\/de\\\/about\\\/alex-perkins\\\/#breadcrumb\"},\"inLanguage\":\"fr-FR\",\"potentialAction\":[{\"@type\":\"ReadAction\",\"target\":[\"https:\\\/\\\/www.inuvika.com\\\/de\\\/about\\\/alex-perkins\\\/\"]}]},{\"@type\":\"ImageObject\",\"inLanguage\":\"fr-FR\",\"@id\":\"https:\\\/\\\/www.inuvika.com\\\/de\\\/about\\\/alex-perkins\\\/#primaryimage\",\"url\":\"https:\\\/\\\/www.inuvika.com\\\/wp-content\\\/uploads\\\/2022\\\/03\\\/alex_p3.png\",\"contentUrl\":\"https:\\\/\\\/www.inuvika.com\\\/wp-content\\\/uploads\\\/2022\\\/03\\\/alex_p3.png\"},{\"@type\":\"BreadcrumbList\",\"@id\":\"https:\\\/\\\/www.inuvika.com\\\/de\\\/about\\\/alex-perkins\\\/#breadcrumb\",\"itemListElement\":[{\"@type\":\"ListItem\",\"position\":1,\"name\":\"Home\",\"item\":\"https:\\\/\\\/www.inuvika.com\\\/\"},{\"@type\":\"ListItem\",\"position\":2,\"name\":\"About Inuvika\",\"item\":\"https:\\\/\\\/www.inuvika.com\\\/about\\\/\"},{\"@type\":\"ListItem\",\"position\":3,\"name\":\"Alex Perkins\"}]},{\"@type\":\"WebSite\",\"@id\":\"https:\\\/\\\/www.inuvika.com\\\/#website\",\"url\":\"https:\\\/\\\/www.inuvika.com\\\/\",\"name\":\"inuvika.com\",\"description\":\"Apps + Desktops to any device!\",\"publisher\":{\"@id\":\"https:\\\/\\\/www.inuvika.com\\\/#organization\"},\"potentialAction\":[{\"@type\":\"SearchAction\",\"target\":{\"@type\":\"EntryPoint\",\"urlTemplate\":\"https:\\\/\\\/www.inuvika.com\\\/?s={search_term_string}\"},\"query-input\":{\"@type\":\"PropertyValueSpecification\",\"valueRequired\":true,\"valueName\":\"search_term_string\"}}],\"inLanguage\":\"fr-FR\"},{\"@type\":\"Organization\",\"@id\":\"https:\\\/\\\/www.inuvika.com\\\/#organization\",\"name\":\"Inuvika Inc\",\"url\":\"https:\\\/\\\/www.inuvika.com\\\/\",\"logo\":{\"@type\":\"ImageObject\",\"inLanguage\":\"fr-FR\",\"@id\":\"https:\\\/\\\/www.inuvika.com\\\/#\\\/schema\\\/logo\\\/image\\\/\",\"url\":\"https:\\\/\\\/www.inuvika.com\\\/wp-content\\\/uploads\\\/2018\\\/10\\\/inuvika-logo.png\",\"contentUrl\":\"https:\\\/\\\/www.inuvika.com\\\/wp-content\\\/uploads\\\/2018\\\/10\\\/inuvika-logo.png\",\"width\":718,\"height\":169,\"caption\":\"Inuvika Inc\"},\"image\":{\"@id\":\"https:\\\/\\\/www.inuvika.com\\\/#\\\/schema\\\/logo\\\/image\\\/\"},\"sameAs\":[\"https:\\\/\\\/www.facebook.com\\\/inuvika\\\/\",\"https:\\\/\\\/x.com\\\/InuvikaInc\",\"https:\\\/\\\/www.linkedin.com\\\/company\\\/inuvika-inc-\\\/\",\"https:\\\/\\\/www.youtube.com\\\/channel\\\/UC4nWPydrDItH1KMWqfQw8aA\"]}]}<\/script>\n<!-- \/ Yoast SEO plugin. -->","yoast_head_json":{"title":"Alex Perkins - Inuvika","description":"Alex Perkins, directeur technique chez Inuvika, dirige l'exp\u00e9rience client et les services techniques avec plus de 18 ans d'exp\u00e9rience dans les technologies de l'information, SAP, Citrix et Microsoft.","robots":{"index":"index","follow":"follow","max-snippet":"max-snippet:-1","max-image-preview":"max-image-preview:large","max-video-preview":"max-video-preview:-1"},"canonical":"https:\/\/www.inuvika.com\/fr\/a-propos-de\/alex-perkins\/","og_locale":"fr_FR","og_type":"article","og_title":"Alex Perkins - Inuvika","og_description":"Alex Perkins, Technical Director at Inuvika, leads customer experience and technical services with 18+ years in IT, SAP, Citrix, and Microsoft expertise.","og_url":"https:\/\/www.inuvika.com\/fr\/a-propos-de\/alex-perkins\/","og_site_name":"Inuvika","article_publisher":"https:\/\/www.facebook.com\/inuvika\/","article_modified_time":"2026-03-26T20:25:09+00:00","og_image":[{"url":"https:\/\/www.inuvika.com\/wp-content\/uploads\/2022\/03\/alex_p3.png","type":"","width":"","height":""}],"twitter_card":"summary_large_image","twitter_site":"@InuvikaInc","twitter_misc":{"Dur\u00e9e de lecture estim\u00e9e":"1 minute"},"schema":{"@context":"https:\/\/schema.org","@graph":[{"@type":"WebPage","@id":"https:\/\/www.inuvika.com\/de\/about\/alex-perkins\/","url":"https:\/\/www.inuvika.com\/de\/about\/alex-perkins\/","name":"Alex Perkins - Inuvika","isPartOf":{"@id":"https:\/\/www.inuvika.com\/#website"},"primaryImageOfPage":{"@id":"https:\/\/www.inuvika.com\/de\/about\/alex-perkins\/#primaryimage"},"image":{"@id":"https:\/\/www.inuvika.com\/de\/about\/alex-perkins\/#primaryimage"},"thumbnailUrl":"https:\/\/www.inuvika.com\/wp-content\/uploads\/2022\/03\/alex_p3.png","datePublished":"2024-11-07T14:14:53+00:00","dateModified":"2026-03-26T20:25:09+00:00","description":"Alex Perkins, directeur technique chez Inuvika, dirige l'exp\u00e9rience client et les services techniques avec plus de 18 ans d'exp\u00e9rience dans les technologies de l'information, SAP, Citrix et Microsoft.","breadcrumb":{"@id":"https:\/\/www.inuvika.com\/de\/about\/alex-perkins\/#breadcrumb"},"inLanguage":"fr-FR","potentialAction":[{"@type":"ReadAction","target":["https:\/\/www.inuvika.com\/de\/about\/alex-perkins\/"]}]},{"@type":"ImageObject","inLanguage":"fr-FR","@id":"https:\/\/www.inuvika.com\/de\/about\/alex-perkins\/#primaryimage","url":"https:\/\/www.inuvika.com\/wp-content\/uploads\/2022\/03\/alex_p3.png","contentUrl":"https:\/\/www.inuvika.com\/wp-content\/uploads\/2022\/03\/alex_p3.png"},{"@type":"BreadcrumbList","@id":"https:\/\/www.inuvika.com\/de\/about\/alex-perkins\/#breadcrumb","itemListElement":[{"@type":"ListItem","position":1,"name":"Home","item":"https:\/\/www.inuvika.com\/"},{"@type":"ListItem","position":2,"name":"About Inuvika","item":"https:\/\/www.inuvika.com\/about\/"},{"@type":"ListItem","position":3,"name":"Alex Perkins"}]},{"@type":"WebSite","@id":"https:\/\/www.inuvika.com\/#website","url":"https:\/\/www.inuvika.com\/","name":"inuvika.com","description":"Apps + Desktops sur n'importe quel appareil !","publisher":{"@id":"https:\/\/www.inuvika.com\/#organization"},"potentialAction":[{"@type":"SearchAction","target":{"@type":"EntryPoint","urlTemplate":"https:\/\/www.inuvika.com\/?s={search_term_string}"},"query-input":{"@type":"PropertyValueSpecification","valueRequired":true,"valueName":"search_term_string"}}],"inLanguage":"fr-FR"},{"@type":"Organization","@id":"https:\/\/www.inuvika.com\/#organization","name":"Inuvika Inc","url":"https:\/\/www.inuvika.com\/","logo":{"@type":"ImageObject","inLanguage":"fr-FR","@id":"https:\/\/www.inuvika.com\/#\/schema\/logo\/image\/","url":"https:\/\/www.inuvika.com\/wp-content\/uploads\/2018\/10\/inuvika-logo.png","contentUrl":"https:\/\/www.inuvika.com\/wp-content\/uploads\/2018\/10\/inuvika-logo.png","width":718,"height":169,"caption":"Inuvika Inc"},"image":{"@id":"https:\/\/www.inuvika.com\/#\/schema\/logo\/image\/"},"sameAs":["https:\/\/www.facebook.com\/inuvika\/","https:\/\/x.com\/InuvikaInc","https:\/\/www.linkedin.com\/company\/inuvika-inc-\/","https:\/\/www.youtube.com\/channel\/UC4nWPydrDItH1KMWqfQw8aA"]}]}},"brizy_media":[{"id":2017,"url":"https:\/\/www.inuvika.com\/wp-content\/uploads\/2018\/11\/Christian_P.png","name":"Christian_P.png","meta":{"brizy_attachment_uid":"wp-a6fd53b06c5d6ccb850292b7ea434550.png","brizy_post_uid":["b0c9c52b0f05bd33474e8ff21a8224c2","94d17dee496f60505576201bd096a10d"]}},{"id":2019,"url":"https:\/\/www.inuvika.com\/wp-content\/uploads\/2018\/11\/David_P.png","name":"David_P.png","meta":{"brizy_attachment_uid":"wp-5e1c241ecc6aa40b5c086371147650bf.png","brizy_post_uid":["b0c9c52b0f05bd33474e8ff21a8224c2","94d17dee496f60505576201bd096a10d"]}},{"id":2022,"url":"https:\/\/www.inuvika.com\/wp-content\/uploads\/2018\/11\/Kevin_G.png","name":"Kevin_G.png","meta":{"brizy_attachment_uid":"wp-ce6e74f18775807428bf751b5a06c107.png","brizy_post_uid":["b0c9c52b0f05bd33474e8ff21a8224c2","94d17dee496f60505576201bd096a10d"]}},{"id":11142,"url":"https:\/\/www.inuvika.com\/wp-content\/uploads\/2022\/03\/alex_p3.png","name":"alex_p3.png","meta":{"brizy_attachment_uid":"wp-b000ba4073e11b663bd55d0e4758a6f7.png","brizy_post_uid":["b0c9c52b0f05bd33474e8ff21a8224c2","94d17dee496f60505576201bd096a10d"]}},{"id":24175,"url":"https:\/\/www.inuvika.com\/wp-content\/uploads\/2024\/11\/davemadison-2.png","name":"davemadison-2.png","meta":{"brizy_attachment_uid":"wp-8d86426209c3e01825d372d473caa050.png","brizy_post_uid":["b0c9c52b0f05bd33474e8ff21a8224c2","94d17dee496f60505576201bd096a10d"]}}],"_links":{"self":[{"href":"https:\/\/www.inuvika.com\/fr\/wp-json\/wp\/v2\/pages\/24234","targetHints":{"allow":["GET"]}}],"collection":[{"href":"https:\/\/www.inuvika.com\/fr\/wp-json\/wp\/v2\/pages"}],"about":[{"href":"https:\/\/www.inuvika.com\/fr\/wp-json\/wp\/v2\/types\/page"}],"author":[{"embeddable":true,"href":"https:\/\/www.inuvika.com\/fr\/wp-json\/wp\/v2\/users\/5"}],"replies":[{"embeddable":true,"href":"https:\/\/www.inuvika.com\/fr\/wp-json\/wp\/v2\/comments?post=24234"}],"version-history":[{"count":0,"href":"https:\/\/www.inuvika.com\/fr\/wp-json\/wp\/v2\/pages\/24234\/revisions"}],"up":[{"embeddable":true,"href":"https:\/\/www.inuvika.com\/fr\/wp-json\/wp\/v2\/pages\/2006"}],"wp:attachment":[{"href":"https:\/\/www.inuvika.com\/fr\/wp-json\/wp\/v2\/media?parent=24234"}],"curies":[{"name":"wp","href":"https:\/\/api.w.org\/{rel}","templated":true}]}}