{"id":21878,"date":"2024-11-17T13:39:09","date_gmt":"2024-11-17T17:39:09","guid":{"rendered":"https:\/\/newsite.inuvika.com\/?page_id=21878"},"modified":"2026-04-09T03:02:49","modified_gmt":"2026-04-09T07:02:49","slug":"getakey","status":"publish","type":"page","link":"https:\/\/www.inuvika.com\/fr\/getakey\/","title":{"rendered":"Obtenir une cl\u00e9"},"content":{"rendered":"<div class=\"brz-root__container brz-reset-all brz brz-root__container-page\">\n<section id=\"_mzH8baIPiI96\" class=\"brz-section brz-css-1fi7d6l\">\n<div class=\"brz-section__content brz-section--boxed brz-css-10buspv brz-css-142vqb8\" data-brz-custom-id=\"voEhokkZoaMJ\">\n<div class=\"brz-bg\">\n<div class=\"brz-bg-image\"><\/div>\n<div class=\"brz-bg-color\"><\/div>\n<\/div>\n<div class=\"brz-container brz-css-b84zyj\">\n<div id=\"\" class=\"brz-css-1agceas brz-wrapper\">\n<div class=\"brz-rich-text brz-rich-text__custom brz-css-12ao1x0\" data-brz-custom-id=\"zc_FdQ9zzQ2U\">\n<div data-brz-translate-text=\"1\">\n<h1 data-generated-css=\"brz-css-omMIn\" data-uniq-id=\"dpsHu\" class=\"brz-text-lg-center brz-ls-lg-0 brz-lh-lg-1_2 brz-vfw-lg-400 brz-fwdth-lg-100 brz-fsft-lg-0 brz-tp-lg-empty brz-ff-roboto brz-ft-google brz-fs-lg-46 brz-fss-lg-px brz-fw-lg-100 brz-css-dXqD4\"><span class=\"brz-cp-color8\">Comment acheter une cl\u00e9 d'abonnement<\/span><\/h1>\n<\/div>\n<\/div>\n<\/div>\n<div id=\"\" class=\"brz-css-1agceas brz-css-7hyoe6 brz-wrapper\">\n<div class=\"brz-spacer brz-css-zhqkyl\"><\/div>\n<\/div>\n<div class=\"brz-row__container brz-css-7ul3cu\" data-brz-custom-id=\"tQQMEIDZMoaD\">\n<div class=\"brz-bg\"><\/div>\n<div class=\"brz-row brz-css-kfes8q brz-css-1x55aey\">\n<div class=\"brz-columns brz-css-1mnzi7d\" data-brz-custom-id=\"jiw322nnXrJM\">\n<div class=\"brz-bg\"><\/div>\n<div class=\"brz-column__items brz-css-1rv4m2f\">\n<div class=\"brz-wrapper-clone brz-css-ndnsys\">\n<div class=\"brz-d-xs-flex brz-flex-xs-wrap brz-css-1nre313 brz-css-1cq02iq\" data-brz-custom-id=\"\">\n<div class=\"brz-wrapper-clone__item\" id=\"o3_wyP_xfr5p\">\n<div class=\"brz-icon__container\" data-brz-custom-id=\"o3_wyP_xfr5p\"><span class=\"brz-icon brz-span brz-css-i2pbro brz-css-1uk4jxu\"><\/span><\/div>\n<\/div>\n<\/div>\n<\/div>\n<div id=\"\" class=\"brz-css-1agceas brz-wrapper\">\n<div class=\"brz-rich-text brz-rich-text__custom brz-css-12ao1x0\" data-brz-custom-id=\"mX72ejBYHSte\">\n<div data-brz-translate-text=\"1\">\n<h3 data-generated-css=\"brz-css-uwWLm\" data-uniq-id=\"wMS30\" class=\"brz-tp-lg-empty brz-ff-roboto brz-ft-google brz-fs-lg-30 brz-fss-lg-px brz-fw-lg-300 brz-ls-lg-0 brz-lh-lg-1_2 brz-vfw-lg-400 brz-fwdth-lg-100 brz-fsft-lg-0 brz-css-mfOSW\"><span class=\"brz-cp-color8\">Trouver un partenaire Inuvika<\/span><\/h3>\n<\/div>\n<\/div>\n<\/div>\n<div id=\"\" class=\"brz-css-1agceas brz-wrapper\">\n<div class=\"brz-rich-text brz-rich-text__custom brz-css-12ao1x0\" data-brz-custom-id=\"nFCqGvoC2RKz\">\n<div data-brz-translate-text=\"1\">\n<p data-generated-css=\"brz-css-kV7Se\" data-uniq-id=\"oXbAR\" class=\"brz-tp-lg-empty brz-ff-roboto brz-ft-google brz-fs-lg-16 brz-fss-lg-px brz-fw-lg-300 brz-ls-lg-0 brz-lh-lg-1_7 brz-vfw-lg-400 brz-fwdth-lg-100 brz-fsft-lg-0 brz-css-hqdX1\"><span class=\"brz-cp-color8\">OVD Enterprise est vendu par l'interm\u00e9diaire d'un r\u00e9seau mondial de revendeurs et de partenaires d'h\u00e9bergement. Vous pouvez rechercher un partenaire dans votre r\u00e9gion, ou soumettre le formulaire ci-dessous pour contacter Inuvika afin d'obtenir une recommandation de partenaire.<\/span><\/p>\n<\/div>\n<\/div>\n<\/div>\n<div id=\"\" class=\"brz-css-1agceas brz-css-7hyoe6 brz-wrapper\">\n<div class=\"brz-spacer brz-css-zhqkyl\"><\/div>\n<\/div>\n<div class=\"brz-wrapper-clone brz-css-ndnsys\">\n<div class=\"brz-d-xs-flex brz-flex-xs-wrap brz-css-1nre313 brz-css-1gfo57j\" data-brz-custom-id=\"\">\n<div class=\"brz-wrapper-clone__item\" id=\"tjeTv48fNhEf\"><a class=\"brz-a brz-btn brz-css-a2oncq brz-css-1uqjvwh brz-css-vypigq brz-css-1yuo6zn\" href=\"https:\/\/www.inuvika.com\/fr\/ou-acheter\/\" target=\"_blank\" rel=\"noopener\" data-brz-link-type=\"external\" data-brz-custom-id=\"tjeTv48fNhEf\"><span data-brz-translate-text=\"1\" class=\"brz-span brz-text__editor\">TROUVER UN PARTENAIRE<\/span><\/a><\/div>\n<\/div>\n<\/div>\n<\/div>\n<\/div>\n<div class=\"brz-columns brz-css-1mnzi7d\" data-brz-custom-id=\"wtisljtgQ1m4\">\n<div class=\"brz-bg\"><\/div>\n<div class=\"brz-column__items brz-css-1rv4m2f\">\n<div class=\"brz-wrapper-clone brz-css-ndnsys\">\n<div class=\"brz-d-xs-flex brz-flex-xs-wrap brz-css-1nre313 brz-css-1sb9j6k\" data-brz-custom-id=\"\">\n<div class=\"brz-wrapper-clone__item\" id=\"aFoIlkhR4hK4\">\n<div class=\"brz-icon__container\" data-brz-custom-id=\"aFoIlkhR4hK4\"><span class=\"brz-icon brz-span brz-css-i2pbro brz-css-1jg9s0q\"><\/span><\/div>\n<\/div>\n<\/div>\n<\/div>\n<div id=\"\" class=\"brz-css-1agceas brz-wrapper\">\n<div class=\"brz-rich-text brz-rich-text__custom brz-css-12ao1x0\" data-brz-custom-id=\"aQvnikpR6OBn\">\n<div data-brz-translate-text=\"1\">\n<h3 class=\"brz-fsft-lg-0 brz-fwdth-lg-100 brz-vfw-lg-400 brz-lh-lg-1_2 brz-ls-lg-0 brz-fw-lg-300 brz-fss-lg-px brz-fs-lg-30 brz-ft-google brz-ff-roboto brz-tp-lg-empty brz-css-g7TNn\" data-uniq-id=\"oKmCS\" data-generated-css=\"brz-css-wLB3u\"><span class=\"brz-cp-color8\">Vous \u00e9valuez OVD Enterprise ?<\/span><\/h3>\n<\/div>\n<\/div>\n<\/div>\n<div id=\"\" class=\"brz-css-1agceas brz-wrapper\">\n<div class=\"brz-rich-text brz-rich-text__custom brz-css-12ao1x0\" data-brz-custom-id=\"jDhM1rWzCm58\">\n<div data-brz-translate-text=\"1\">\n<p class=\"brz-tp-lg-empty brz-ff-roboto brz-ft-google brz-fs-lg-16 brz-fss-lg-px brz-fw-lg-300 brz-ls-lg-0 brz-lh-lg-1_7 brz-vfw-lg-400 brz-fwdth-lg-100 brz-fsft-lg-0 brz-css-nmo9s\" data-generated-css=\"brz-css-sDyF6\" data-uniq-id=\"iABnP\"><span class=\"brz-cp-color8\">Achetez une cl\u00e9 d'abonnement pour d\u00e9verrouiller toutes les fonctionnalit\u00e9s d'OVD :<\/span><\/p>\n<p class=\"brz-tp-lg-empty brz-ff-roboto brz-ft-google brz-fs-lg-16 brz-fss-lg-px brz-fw-lg-300 brz-ls-lg-0 brz-lh-lg-1_7 brz-vfw-lg-400 brz-fwdth-lg-100 brz-fsft-lg-0 brz-css-ma8hx\" data-generated-css=\"brz-css-nIEpn\" data-uniq-id=\"e1sXB\"><\/p>\n<ul>\n<li data-generated-css=\"brz-css-xd5rN\" data-uniq-id=\"kgg8D\" class=\"brz-tp-lg-empty brz-ff-roboto brz-ft-google brz-fs-lg-16 brz-fss-lg-px brz-fw-lg-300 brz-ls-lg-0 brz-lh-lg-1_7 brz-vfw-lg-400 brz-fwdth-lg-100 brz-fsft-lg-0 brz-bcp-color8 brz-css-v5ef9\"><span class=\"brz-cp-color8\">Augmenter le nombre d'utilisateurs simultan\u00e9s<\/span><\/li>\n<li data-generated-css=\"brz-css-kb7Px\" data-uniq-id=\"jnEtJ\" class=\"brz-tp-lg-empty brz-ff-roboto brz-ft-google brz-fs-lg-16 brz-fss-lg-px brz-fw-lg-300 brz-ls-lg-0 brz-lh-lg-1_7 brz-vfw-lg-400 brz-fwdth-lg-100 brz-fsft-lg-0 brz-bcp-color8 brz-css-hcobW\"><span class=\"brz-cp-color8\">Connecter des serveurs d'application suppl\u00e9mentaires et acc\u00e9der aux syst\u00e8mes de stockage de fichiers existants<\/span><\/li>\n<li data-generated-css=\"brz-css-xSkyD\" data-uniq-id=\"rzA8Y\" class=\"brz-tp-lg-empty brz-ff-roboto brz-ft-google brz-fs-lg-16 brz-fss-lg-px brz-fw-lg-300 brz-ls-lg-0 brz-lh-lg-1_7 brz-vfw-lg-400 brz-fwdth-lg-100 brz-fsft-lg-0 brz-bcp-color8 brz-css-hyjRW\"><span class=\"brz-cp-color8\">Permettre un acc\u00e8s \u00e0 distance s\u00e9curis\u00e9<\/span><\/li>\n<li data-generated-css=\"brz-css-tloIl\" data-uniq-id=\"uF9AI\" class=\"brz-tp-lg-empty brz-ff-roboto brz-ft-google brz-fs-lg-16 brz-fss-lg-px brz-fw-lg-300 brz-ls-lg-0 brz-lh-lg-1_7 brz-vfw-lg-400 brz-fwdth-lg-100 brz-fsft-lg-0 brz-bcp-color8 brz-css-abGPT\"><span class=\"brz-cp-color8\">Prise en charge des clients natifs pour les appareils mobiles et les ordinateurs de bureau<\/span><\/li>\n<li data-generated-css=\"brz-css-oZjbg\" data-uniq-id=\"kHQd8\" class=\"brz-tp-lg-empty brz-ff-roboto brz-ft-google brz-fs-lg-16 brz-fss-lg-px brz-fw-lg-300 brz-ls-lg-0 brz-lh-lg-1_7 brz-vfw-lg-400 brz-fwdth-lg-100 brz-fsft-lg-0 brz-bcp-color8 brz-css-xl2Kz\"><span class=\"brz-cp-color8\">G\u00e9n\u00e9rer des rapports sur les licences et l'utilisation des applications, et plus encore !<\/span><\/li>\n<\/ul>\n<\/div>\n<\/div>\n<\/div>\n<div class=\"brz-wrapper-clone brz-css-ndnsys\">\n<div class=\"brz-d-xs-flex brz-flex-xs-wrap brz-css-1nre313 brz-css-19bwexy\" data-brz-custom-id=\"\">\n<div class=\"brz-wrapper-clone__item\" id=\"qv5JQKUPFWzA\"><a class=\"brz-a brz-btn brz-css-a2oncq brz-css-jb0m87 brz-css-vypigq brz-css-o2wywn\" href=\"https:\/\/www.inuvika.com\/fr\/ovd_overview\/\" target=\"_self\" rel=\"noopener\" id=\"qv5JQKUPFWzA\"><span data-brz-translate-text=\"1\" class=\"brz-span brz-text__editor\">EN SAVOIR PLUS SUR OVD ENTERPRISE<\/span><\/a><\/div>\n<\/div>\n<\/div>\n<\/div>\n<\/div>\n<\/div>\n<\/div>\n<\/div>\n<\/div>\n<\/section>\n<section id=\"_jro3hhueOhrY\" class=\"brz-section brz-css-1fi7d6l\">\n<div class=\"brz-section__content brz-section--boxed brz-css-10buspv\" data-brz-custom-id=\"jDSLMqsVts6z\">\n<div class=\"brz-container brz-css-b84zyj\">\n<div id=\"\" class=\"brz-css-1agceas brz-wrapper\">\n<div class=\"brz-rich-text brz-rich-text__custom brz-css-12ao1x0\" data-brz-custom-id=\"hLstP0NGYRQX\">\n<div data-brz-translate-text=\"1\">\n<h1 class=\"brz-fsft-lg-0 brz-fwdth-lg-100 brz-vfw-lg-400 brz-lh-lg-1_2 brz-ls-lg-0 brz-text-lg-center brz-tp-lg-empty brz-ff-roboto brz-ft-google brz-fs-lg-46 brz-fss-lg-px brz-fw-lg-100 brz-css-eIfDD\" data-uniq-id=\"g5WTq\" data-generated-css=\"brz-css-dVImP\"><span>Soumettre une demande<\/span><\/h1>\n<\/div>\n<\/div>\n<\/div>\n<div id=\"\" class=\"brz-css-1agceas brz-wrapper\">\n<div class=\"brz-rich-text brz-rich-text__custom brz-css-12ao1x0\" data-brz-custom-id=\"htyIUVG3S5HL\">\n<div data-brz-translate-text=\"1\">\n<p class=\"brz-text-lg-center brz-tp-lg-empty brz-ff-roboto brz-ft-google brz-fs-lg-16 brz-fss-lg-px brz-fw-lg-300 brz-ls-lg-0 brz-lh-lg-1_7 brz-vfw-lg-400 brz-fwdth-lg-100 brz-fsft-lg-0 brz-css-ncS2N\" data-generated-css=\"brz-css-hHcCy\" data-uniq-id=\"hmhe8\"><span>Inuvika prend votre vie priv\u00e9e tr\u00e8s au s\u00e9rieux. Les informations que vous nous fournissez dans le formulaire ci-dessus seront utilis\u00e9es pour vous contacter avec des informations sur Inuvika. Nous ne divulguerons pas vos donn\u00e9es \u00e0 des tiers autres qu'un partenaire autoris\u00e9 qui peut r\u00e9pondre \u00e0 vos besoins. Nous ne les communiquerons \u00e0 d'autres tiers qu'avec votre autorisation expresse et uniquement dans le but de vous aider \u00e0 \u00e9valuer nos produits et services. Vous pouvez vous d\u00e9sabonner de nos mises \u00e0 jour \u00e0 tout moment en cliquant sur le lien de d\u00e9sabonnement dans le pied de page de tout courriel que vous recevez de notre part, ou en nous contactant \u00e0 l'adresse suivante <\/span><a class=\"link--external\" href=\"mailto:marketing@inuvika.com\" data-brz-link-type=\"external\">marketing@inuvika.com<\/a><span>. <\/span><\/p>\n<\/div>\n<\/div>\n<\/div>\n<\/div>\n<\/div>\n<\/section>\n<section id=\"_aQwI1pzwtyhb\" class=\"brz-section brz-css-1fi7d6l\">\n<div class=\"brz-section__content brz-section--boxed brz-css-10buspv brz-css-11ih8lw\" data-brz-custom-id=\"gR1FLHGzxrxd\">\n<div class=\"brz-container brz-css-b84zyj\">\n<div id=\"\" class=\"brz-css-1agceas brz-wrapper\">\n<div class=\"brz-embed-code brz-css-kg5xzy\" data-brz-custom-id=\"yoj5BwabsTSW\">\n<div class=\"brz-embed-content\">\n<div>\n<\/div>\n<\/div>\n<\/div>\n<\/div>\n<\/div>\n<\/div>\n<\/section>\n<\/div>\n<p>    <!-- version:1737027410 --><\/p>","protected":false},"excerpt":{"rendered":"<p>How to Purchase a Subscription Key Find an Inuvika Partner OVD Enterprise is sold through a worldwide Reseller and Hosting Partner network. You may search for a partner in your [&hellip;]<\/p>\n","protected":false},"author":532,"featured_media":0,"parent":0,"menu_order":0,"comment_status":"closed","ping_status":"closed","template":"","meta":{"footnotes":""},"class_list":["post-21878","page","type-page","status-publish","hentry"],"blocksy_meta":[],"yoast_head":"<!-- This site is optimized with the Yoast SEO plugin v27.4 - https:\/\/yoast.com\/product\/yoast-seo-wordpress\/ -->\n<title>Get A Key - Inuvika<\/title>\n<meta name=\"robots\" content=\"noindex, follow\" \/>\n<meta property=\"og:locale\" content=\"fr_FR\" \/>\n<meta property=\"og:type\" content=\"article\" \/>\n<meta property=\"og:title\" content=\"Get A Key - Inuvika\" \/>\n<meta property=\"og:description\" content=\"How to Purchase a Subscription Key Find an Inuvika Partner OVD Enterprise is sold through a worldwide Reseller and Hosting Partner network. You may search for a partner in your [&hellip;]\" \/>\n<meta property=\"og:url\" content=\"https:\/\/www.inuvika.com\/fr\/getakey\/\" \/>\n<meta property=\"og:site_name\" content=\"Inuvika\" \/>\n<meta property=\"article:publisher\" content=\"https:\/\/www.facebook.com\/inuvika\/\" \/>\n<meta property=\"article:modified_time\" content=\"2026-04-09T07:02:49+00:00\" \/>\n<meta property=\"og:image\" content=\"https:\/\/www.inuvika.com\/wp-content\/uploads\/2018\/10\/inuvika-logo.jpg\" \/>\n\t<meta property=\"og:image:width\" content=\"718\" \/>\n\t<meta property=\"og:image:height\" content=\"169\" \/>\n\t<meta property=\"og:image:type\" content=\"image\/jpeg\" \/>\n<meta name=\"twitter:card\" content=\"summary_large_image\" \/>\n<meta name=\"twitter:site\" content=\"@InuvikaInc\" \/>\n<meta name=\"twitter:label1\" content=\"Dur\u00e9e de lecture estim\u00e9e\" \/>\n\t<meta name=\"twitter:data1\" content=\"3 minutes\" \/>\n<script type=\"application\/ld+json\" class=\"yoast-schema-graph\">{\"@context\":\"https:\\\/\\\/schema.org\",\"@graph\":[{\"@type\":\"WebPage\",\"@id\":\"https:\\\/\\\/www.inuvika.com\\\/getakey\\\/\",\"url\":\"https:\\\/\\\/www.inuvika.com\\\/getakey\\\/\",\"name\":\"Get A Key - Inuvika\",\"isPartOf\":{\"@id\":\"https:\\\/\\\/www.inuvika.com\\\/#website\"},\"datePublished\":\"2024-11-17T17:39:09+00:00\",\"dateModified\":\"2026-04-09T07:02:49+00:00\",\"breadcrumb\":{\"@id\":\"https:\\\/\\\/www.inuvika.com\\\/getakey\\\/#breadcrumb\"},\"inLanguage\":\"fr-FR\",\"potentialAction\":[{\"@type\":\"ReadAction\",\"target\":[\"https:\\\/\\\/www.inuvika.com\\\/getakey\\\/\"]}]},{\"@type\":\"BreadcrumbList\",\"@id\":\"https:\\\/\\\/www.inuvika.com\\\/getakey\\\/#breadcrumb\",\"itemListElement\":[{\"@type\":\"ListItem\",\"position\":1,\"name\":\"Home\",\"item\":\"https:\\\/\\\/www.inuvika.com\\\/\"},{\"@type\":\"ListItem\",\"position\":2,\"name\":\"Get A Key\"}]},{\"@type\":\"WebSite\",\"@id\":\"https:\\\/\\\/www.inuvika.com\\\/#website\",\"url\":\"https:\\\/\\\/www.inuvika.com\\\/\",\"name\":\"inuvika.com\",\"description\":\"Apps + Desktops to any device!\",\"publisher\":{\"@id\":\"https:\\\/\\\/www.inuvika.com\\\/#organization\"},\"potentialAction\":[{\"@type\":\"SearchAction\",\"target\":{\"@type\":\"EntryPoint\",\"urlTemplate\":\"https:\\\/\\\/www.inuvika.com\\\/?s={search_term_string}\"},\"query-input\":{\"@type\":\"PropertyValueSpecification\",\"valueRequired\":true,\"valueName\":\"search_term_string\"}}],\"inLanguage\":\"fr-FR\"},{\"@type\":\"Organization\",\"@id\":\"https:\\\/\\\/www.inuvika.com\\\/#organization\",\"name\":\"Inuvika Inc\",\"url\":\"https:\\\/\\\/www.inuvika.com\\\/\",\"logo\":{\"@type\":\"ImageObject\",\"inLanguage\":\"fr-FR\",\"@id\":\"https:\\\/\\\/www.inuvika.com\\\/#\\\/schema\\\/logo\\\/image\\\/\",\"url\":\"https:\\\/\\\/www.inuvika.com\\\/wp-content\\\/uploads\\\/2018\\\/10\\\/inuvika-logo.png\",\"contentUrl\":\"https:\\\/\\\/www.inuvika.com\\\/wp-content\\\/uploads\\\/2018\\\/10\\\/inuvika-logo.png\",\"width\":718,\"height\":169,\"caption\":\"Inuvika Inc\"},\"image\":{\"@id\":\"https:\\\/\\\/www.inuvika.com\\\/#\\\/schema\\\/logo\\\/image\\\/\"},\"sameAs\":[\"https:\\\/\\\/www.facebook.com\\\/inuvika\\\/\",\"https:\\\/\\\/x.com\\\/InuvikaInc\",\"https:\\\/\\\/www.linkedin.com\\\/company\\\/inuvika-inc-\\\/\",\"https:\\\/\\\/www.youtube.com\\\/channel\\\/UC4nWPydrDItH1KMWqfQw8aA\"]}]}<\/script>\n<!-- \/ Yoast SEO plugin. -->","yoast_head_json":{"title":"Obtenir une cl\u00e9 - Inuvika","robots":{"index":"noindex","follow":"follow"},"og_locale":"fr_FR","og_type":"article","og_title":"Get A Key - Inuvika","og_description":"How to Purchase a Subscription Key Find an Inuvika Partner OVD Enterprise is sold through a worldwide Reseller and Hosting Partner network. You may search for a partner in your [&hellip;]","og_url":"https:\/\/www.inuvika.com\/fr\/getakey\/","og_site_name":"Inuvika","article_publisher":"https:\/\/www.facebook.com\/inuvika\/","article_modified_time":"2026-04-09T07:02:49+00:00","og_image":[{"width":718,"height":169,"url":"https:\/\/www.inuvika.com\/wp-content\/uploads\/2018\/10\/inuvika-logo.jpg","type":"image\/jpeg"}],"twitter_card":"summary_large_image","twitter_site":"@InuvikaInc","twitter_misc":{"Dur\u00e9e de lecture estim\u00e9e":"3 minutes"},"schema":{"@context":"https:\/\/schema.org","@graph":[{"@type":"WebPage","@id":"https:\/\/www.inuvika.com\/getakey\/","url":"https:\/\/www.inuvika.com\/getakey\/","name":"Obtenir une cl\u00e9 - Inuvika","isPartOf":{"@id":"https:\/\/www.inuvika.com\/#website"},"datePublished":"2024-11-17T17:39:09+00:00","dateModified":"2026-04-09T07:02:49+00:00","breadcrumb":{"@id":"https:\/\/www.inuvika.com\/getakey\/#breadcrumb"},"inLanguage":"fr-FR","potentialAction":[{"@type":"ReadAction","target":["https:\/\/www.inuvika.com\/getakey\/"]}]},{"@type":"BreadcrumbList","@id":"https:\/\/www.inuvika.com\/getakey\/#breadcrumb","itemListElement":[{"@type":"ListItem","position":1,"name":"Home","item":"https:\/\/www.inuvika.com\/"},{"@type":"ListItem","position":2,"name":"Get A Key"}]},{"@type":"WebSite","@id":"https:\/\/www.inuvika.com\/#website","url":"https:\/\/www.inuvika.com\/","name":"inuvika.com","description":"Apps + Desktops sur n'importe quel appareil !","publisher":{"@id":"https:\/\/www.inuvika.com\/#organization"},"potentialAction":[{"@type":"SearchAction","target":{"@type":"EntryPoint","urlTemplate":"https:\/\/www.inuvika.com\/?s={search_term_string}"},"query-input":{"@type":"PropertyValueSpecification","valueRequired":true,"valueName":"search_term_string"}}],"inLanguage":"fr-FR"},{"@type":"Organization","@id":"https:\/\/www.inuvika.com\/#organization","name":"Inuvika Inc","url":"https:\/\/www.inuvika.com\/","logo":{"@type":"ImageObject","inLanguage":"fr-FR","@id":"https:\/\/www.inuvika.com\/#\/schema\/logo\/image\/","url":"https:\/\/www.inuvika.com\/wp-content\/uploads\/2018\/10\/inuvika-logo.png","contentUrl":"https:\/\/www.inuvika.com\/wp-content\/uploads\/2018\/10\/inuvika-logo.png","width":718,"height":169,"caption":"Inuvika Inc"},"image":{"@id":"https:\/\/www.inuvika.com\/#\/schema\/logo\/image\/"},"sameAs":["https:\/\/www.facebook.com\/inuvika\/","https:\/\/x.com\/InuvikaInc","https:\/\/www.linkedin.com\/company\/inuvika-inc-\/","https:\/\/www.youtube.com\/channel\/UC4nWPydrDItH1KMWqfQw8aA"]}]}},"brizy_media":[{"id":17660,"url":"https:\/\/www.inuvika.com\/wp-content\/uploads\/2022\/01\/Slider_latest_VPN_alt_800_400.webp","name":"Slider_latest_VPN_alt_800_400.webp","meta":{"brizy_attachment_uid":"wp-93ad5f89d1d0e701c501f7fa8c05e84f.webp","brizy_post_uid":["56e07e35b912f4a2c15860d899b74382"]}},{"id":18125,"url":"https:\/\/www.inuvika.com\/wp-content\/uploads\/2018\/12\/slider-japan.webp","name":"slider-japan.webp","meta":{"brizy_attachment_uid":"wp-dffb85c1a85c16ebb4368ef19f9745d0.webp","brizy_post_uid":["56e07e35b912f4a2c15860d899b74382"]}},{"id":18151,"url":"https:\/\/www.inuvika.com\/wp-content\/uploads\/2018\/10\/inuvika-slide-3.webp","name":"inuvika-slide-3.webp","meta":{"brizy_attachment_uid":"wp-c711eda316a67793d42c9ead17ee2da1.webp","brizy_post_uid":["b545500b811d18a0d1284d3f51a9e973","56e07e35b912f4a2c15860d899b74382"]}}],"_links":{"self":[{"href":"https:\/\/www.inuvika.com\/fr\/wp-json\/wp\/v2\/pages\/21878","targetHints":{"allow":["GET"]}}],"collection":[{"href":"https:\/\/www.inuvika.com\/fr\/wp-json\/wp\/v2\/pages"}],"about":[{"href":"https:\/\/www.inuvika.com\/fr\/wp-json\/wp\/v2\/types\/page"}],"author":[{"embeddable":true,"href":"https:\/\/www.inuvika.com\/fr\/wp-json\/wp\/v2\/users\/532"}],"replies":[{"embeddable":true,"href":"https:\/\/www.inuvika.com\/fr\/wp-json\/wp\/v2\/comments?post=21878"}],"version-history":[{"count":0,"href":"https:\/\/www.inuvika.com\/fr\/wp-json\/wp\/v2\/pages\/21878\/revisions"}],"wp:attachment":[{"href":"https:\/\/www.inuvika.com\/fr\/wp-json\/wp\/v2\/media?parent=21878"}],"curies":[{"name":"wp","href":"https:\/\/api.w.org\/{rel}","templated":true}]}}