{"id":21353,"date":"2024-05-07T11:59:19","date_gmt":"2024-05-07T15:59:19","guid":{"rendered":"https:\/\/newsite.inuvika.com\/?page_id=21353"},"modified":"2026-04-08T23:21:57","modified_gmt":"2026-04-09T03:21:57","slug":"conditions-generales-de-demonstration-dinuvika","status":"publish","type":"page","link":"https:\/\/www.inuvika.com\/fr\/licenses\/inuvika-demo-terms\/","title":{"rendered":"Conditions g\u00e9n\u00e9rales de d\u00e9monstration d'Inuvika"},"content":{"rendered":"<div class=\"brz-root__container brz-reset-all brz brz-root__container-page\">\n<section id=\"_zOUx4t9fPo4l\" class=\"brz-section brz-css-ep6jcs\">\n<div class=\"brz-section__content brz-section--boxed brz-css-1ouinhs brz-css-1ceczbm\" data-brz-custom-id=\"rJuuo2v1_uIZ\">\n<div class=\"brz-container brz-css-9sn7q3\">\n<div id=\"\" class=\"brz-css-63wwof brz-wrapper\">\n<div class=\"brz-rich-text brz-rich-text__custom brz-css-pye2gg\" data-brz-custom-id=\"qi_PqNBhyzLT\">\n<div data-brz-translate-text=\"1\">\n<h1 class=\"brz-mb-lg-30 brz-mt-lg-20 brz-text-lg-center brz-fss-lg-px brz-fw-lg-100 brz-ls-lg-0 brz-lh-lg-1_2 brz-vfw-lg-400 brz-fwdth-lg-100 brz-fsft-lg-0 brz-tp-lg-empty brz-ff-roboto brz-ft-google brz-fs-lg-52 brz-css-xLXko\" data-generated-css=\"brz-css-aWwak\" data-uniq-id=\"xJJHG\"><span>Conditions g\u00e9n\u00e9rales relatives aux demandes de d\u00e9monstration Inuvika<\/span><\/h1>\n<\/div>\n<\/div>\n<\/div>\n<div id=\"\" class=\"brz-css-63wwof brz-wrapper\">\n<div class=\"brz-line brz-line-default brz-css-nk36xf brz-css-sryh4g\" data-brz-custom-id=\"vS68537fp0bi\">\n<hr class=\"brz-hr\"><\/div>\n<\/div>\n<div id=\"\" class=\"brz-css-63wwof brz-wrapper\">\n<div class=\"brz-rich-text brz-rich-text__custom brz-css-pye2gg\" data-brz-custom-id=\"zYbyvsqC_Pqz\">\n<div data-brz-translate-text=\"1\">\n<p class=\"brz-fsft-lg-0 brz-fwdth-lg-100 brz-vfw-lg-400 brz-lh-lg-1_7 brz-ls-lg-0 brz-fw-lg-300 brz-fss-lg-px brz-fs-lg-16 brz-ft-google brz-ff-roboto brz-tp-lg-empty brz-css-lsser\" data-uniq-id=\"weAn2\" data-generated-css=\"brz-css-adegf\"><span class=\"brz-cp-color1\">Inuvika prend tr\u00e8s au s\u00e9rieux la confidentialit\u00e9 de vos donn\u00e9es personnelles. Les informations que vous nous fournissez dans le formulaire de demande d'essai gratuit seront utilis\u00e9es pour vous contacter afin de vous communiquer des informations sur votre essai gratuit, notamment votre cl\u00e9 d'abonnement d'essai ou vos identifiants de d\u00e9monstration, et pour vous envoyer les mises \u00e0 jour n\u00e9cessaires pendant votre p\u00e9riode d'essai gratuit.<\/span><\/p>\n<p class=\"brz-fsft-lg-0 brz-fwdth-lg-100 brz-vfw-lg-400 brz-lh-lg-1_7 brz-ls-lg-0 brz-fw-lg-300 brz-fss-lg-px brz-fs-lg-16 brz-ft-google brz-ff-roboto brz-tp-lg-empty brz-css-lysuI\" data-uniq-id=\"sQs2h\" data-generated-css=\"brz-css-oNtsK\"><\/p>\n<p class=\"brz-fsft-lg-0 brz-fwdth-lg-100 brz-vfw-lg-400 brz-lh-lg-1_7 brz-ls-lg-0 brz-fw-lg-300 brz-fss-lg-px brz-fs-lg-16 brz-ft-google brz-ff-roboto brz-tp-lg-empty brz-css-tA7Qe\" data-uniq-id=\"y1PfG\" data-generated-css=\"brz-css-vPjs4\"><span class=\"brz-cp-color1\">Nous ne divulguerons pas vos coordonn\u00e9es \u00e0 des tiers, \u00e0 l'exception des revendeurs agr\u00e9\u00e9s des produits Inuvika qui peuvent r\u00e9pondre \u00e0 vos besoins. Nous ne divulguerons vos coordonn\u00e9es \u00e0 d'autres tiers que dans les cas suivants : <\/span><u class=\"brz-cp-color1\">avec votre autorisation expresse<\/u><span class=\"brz-cp-color1\"> et uniquement dans le but de vous aider \u00e0 \u00e9valuer nos produits et services.<\/span><\/p>\n<p class=\"brz-fsft-lg-0 brz-fwdth-lg-100 brz-vfw-lg-400 brz-lh-lg-1_7 brz-ls-lg-0 brz-fw-lg-300 brz-fss-lg-px brz-fs-lg-16 brz-ft-google brz-ff-roboto brz-tp-lg-empty brz-css-l1w8o\" data-uniq-id=\"tDgFj\" data-generated-css=\"brz-css-vwlwt\"><\/p>\n<p class=\"brz-fsft-lg-0 brz-fwdth-lg-100 brz-vfw-lg-400 brz-lh-lg-1_7 brz-ls-lg-0 brz-fw-lg-300 brz-fss-lg-px brz-fs-lg-16 brz-ft-google brz-ff-roboto brz-tp-lg-empty brz-css-pKFDj\" data-uniq-id=\"j7sM5\" data-generated-css=\"brz-css-cABKq\"><span class=\"brz-cp-color1\">Lisez notre article complet <\/span><a class=\"link--external\" href=\"https:\/\/www.inuvika.com\/fr\/politique-de-confidentialite\/\" data-brz-link-type=\"external\" target=\"_blank\">Politique de confidentialit\u00e9<\/a><span class=\"brz-cp-color1\"> ici.<\/span><\/p>\n<\/div>\n<\/div>\n<\/div>\n<\/div>\n<\/div>\n<\/section>\n<\/div>\n<p>    <!-- version:1736950690 --><\/p>","protected":false},"excerpt":{"rendered":"<p>Inuvika Demo Request Terms Inuvika takes your privacy very seriously. The information that you provide to us in the Free Trial Request form will be used for the purposes of [&hellip;]<\/p>\n","protected":false},"author":532,"featured_media":0,"parent":19769,"menu_order":0,"comment_status":"closed","ping_status":"closed","template":"","meta":{"footnotes":""},"class_list":["post-21353","page","type-page","status-publish","hentry"],"blocksy_meta":[],"yoast_head":"<!-- This site is optimized with the Yoast SEO plugin v27.4 - https:\/\/yoast.com\/product\/yoast-seo-wordpress\/ -->\n<title>Inuvika Demo Terms - Inuvika<\/title>\n<meta name=\"description\" content=\"Review Inuvika&#039;s Terms and Conditions.\" \/>\n<meta name=\"robots\" content=\"index, follow, max-snippet:-1, max-image-preview:large, max-video-preview:-1\" \/>\n<link rel=\"canonical\" href=\"https:\/\/www.inuvika.com\/fr\/licences\/conditions-generales-de-demonstration-dinuvika\/\" \/>\n<meta property=\"og:locale\" content=\"fr_FR\" \/>\n<meta property=\"og:type\" content=\"article\" \/>\n<meta property=\"og:title\" content=\"Inuvika Demo Terms - Inuvika\" \/>\n<meta property=\"og:description\" content=\"Review Inuvika&#039;s Terms and Conditions.\" \/>\n<meta property=\"og:url\" content=\"https:\/\/www.inuvika.com\/fr\/licences\/conditions-generales-de-demonstration-dinuvika\/\" \/>\n<meta property=\"og:site_name\" content=\"Inuvika\" \/>\n<meta property=\"article:publisher\" content=\"https:\/\/www.facebook.com\/inuvika\/\" \/>\n<meta property=\"article:modified_time\" content=\"2026-04-09T03:21:57+00:00\" \/>\n<meta property=\"og:image\" content=\"https:\/\/www.inuvika.com\/wp-content\/uploads\/2018\/10\/inuvika-logo.jpg\" \/>\n\t<meta property=\"og:image:width\" content=\"718\" \/>\n\t<meta property=\"og:image:height\" content=\"169\" \/>\n\t<meta property=\"og:image:type\" content=\"image\/jpeg\" \/>\n<meta name=\"twitter:card\" content=\"summary_large_image\" \/>\n<meta name=\"twitter:site\" content=\"@InuvikaInc\" \/>\n<meta name=\"twitter:label1\" content=\"Dur\u00e9e de lecture estim\u00e9e\" \/>\n\t<meta name=\"twitter:data1\" content=\"1 minute\" \/>\n<script type=\"application\/ld+json\" class=\"yoast-schema-graph\">{\"@context\":\"https:\\\/\\\/schema.org\",\"@graph\":[{\"@type\":\"WebPage\",\"@id\":\"https:\\\/\\\/www.inuvika.com\\\/licenses\\\/inuvika-demo-terms\\\/\",\"url\":\"https:\\\/\\\/www.inuvika.com\\\/licenses\\\/inuvika-demo-terms\\\/\",\"name\":\"Inuvika Demo Terms - Inuvika\",\"isPartOf\":{\"@id\":\"https:\\\/\\\/www.inuvika.com\\\/#website\"},\"datePublished\":\"2024-05-07T15:59:19+00:00\",\"dateModified\":\"2026-04-09T03:21:57+00:00\",\"description\":\"Review Inuvika's Terms and Conditions.\",\"breadcrumb\":{\"@id\":\"https:\\\/\\\/www.inuvika.com\\\/licenses\\\/inuvika-demo-terms\\\/#breadcrumb\"},\"inLanguage\":\"fr-FR\",\"potentialAction\":[{\"@type\":\"ReadAction\",\"target\":[\"https:\\\/\\\/www.inuvika.com\\\/licenses\\\/inuvika-demo-terms\\\/\"]}]},{\"@type\":\"BreadcrumbList\",\"@id\":\"https:\\\/\\\/www.inuvika.com\\\/licenses\\\/inuvika-demo-terms\\\/#breadcrumb\",\"itemListElement\":[{\"@type\":\"ListItem\",\"position\":1,\"name\":\"Home\",\"item\":\"https:\\\/\\\/www.inuvika.com\\\/\"},{\"@type\":\"ListItem\",\"position\":2,\"name\":\"Inuvika General Terms and Conditions\",\"item\":\"https:\\\/\\\/www.inuvika.com\\\/licenses\\\/\"},{\"@type\":\"ListItem\",\"position\":3,\"name\":\"Inuvika Demo Terms\"}]},{\"@type\":\"WebSite\",\"@id\":\"https:\\\/\\\/www.inuvika.com\\\/#website\",\"url\":\"https:\\\/\\\/www.inuvika.com\\\/\",\"name\":\"inuvika.com\",\"description\":\"Apps + Desktops to any device!\",\"publisher\":{\"@id\":\"https:\\\/\\\/www.inuvika.com\\\/#organization\"},\"potentialAction\":[{\"@type\":\"SearchAction\",\"target\":{\"@type\":\"EntryPoint\",\"urlTemplate\":\"https:\\\/\\\/www.inuvika.com\\\/?s={search_term_string}\"},\"query-input\":{\"@type\":\"PropertyValueSpecification\",\"valueRequired\":true,\"valueName\":\"search_term_string\"}}],\"inLanguage\":\"fr-FR\"},{\"@type\":\"Organization\",\"@id\":\"https:\\\/\\\/www.inuvika.com\\\/#organization\",\"name\":\"Inuvika Inc\",\"url\":\"https:\\\/\\\/www.inuvika.com\\\/\",\"logo\":{\"@type\":\"ImageObject\",\"inLanguage\":\"fr-FR\",\"@id\":\"https:\\\/\\\/www.inuvika.com\\\/#\\\/schema\\\/logo\\\/image\\\/\",\"url\":\"https:\\\/\\\/www.inuvika.com\\\/wp-content\\\/uploads\\\/2018\\\/10\\\/inuvika-logo.png\",\"contentUrl\":\"https:\\\/\\\/www.inuvika.com\\\/wp-content\\\/uploads\\\/2018\\\/10\\\/inuvika-logo.png\",\"width\":718,\"height\":169,\"caption\":\"Inuvika Inc\"},\"image\":{\"@id\":\"https:\\\/\\\/www.inuvika.com\\\/#\\\/schema\\\/logo\\\/image\\\/\"},\"sameAs\":[\"https:\\\/\\\/www.facebook.com\\\/inuvika\\\/\",\"https:\\\/\\\/x.com\\\/InuvikaInc\",\"https:\\\/\\\/www.linkedin.com\\\/company\\\/inuvika-inc-\\\/\",\"https:\\\/\\\/www.youtube.com\\\/channel\\\/UC4nWPydrDItH1KMWqfQw8aA\"]}]}<\/script>\n<!-- \/ Yoast SEO plugin. -->","yoast_head_json":{"title":"Conditions g\u00e9n\u00e9rales de d\u00e9monstration d'Inuvika - Inuvika","description":"Consultez les conditions g\u00e9n\u00e9rales d'Inuvika.","robots":{"index":"index","follow":"follow","max-snippet":"max-snippet:-1","max-image-preview":"max-image-preview:large","max-video-preview":"max-video-preview:-1"},"canonical":"https:\/\/www.inuvika.com\/fr\/licences\/conditions-generales-de-demonstration-dinuvika\/","og_locale":"fr_FR","og_type":"article","og_title":"Inuvika Demo Terms - Inuvika","og_description":"Review Inuvika's Terms and Conditions.","og_url":"https:\/\/www.inuvika.com\/fr\/licences\/conditions-generales-de-demonstration-dinuvika\/","og_site_name":"Inuvika","article_publisher":"https:\/\/www.facebook.com\/inuvika\/","article_modified_time":"2026-04-09T03:21:57+00:00","og_image":[{"width":718,"height":169,"url":"https:\/\/www.inuvika.com\/wp-content\/uploads\/2018\/10\/inuvika-logo.jpg","type":"image\/jpeg"}],"twitter_card":"summary_large_image","twitter_site":"@InuvikaInc","twitter_misc":{"Dur\u00e9e de lecture estim\u00e9e":"1 minute"},"schema":{"@context":"https:\/\/schema.org","@graph":[{"@type":"WebPage","@id":"https:\/\/www.inuvika.com\/licenses\/inuvika-demo-terms\/","url":"https:\/\/www.inuvika.com\/licenses\/inuvika-demo-terms\/","name":"Conditions g\u00e9n\u00e9rales de d\u00e9monstration d'Inuvika - Inuvika","isPartOf":{"@id":"https:\/\/www.inuvika.com\/#website"},"datePublished":"2024-05-07T15:59:19+00:00","dateModified":"2026-04-09T03:21:57+00:00","description":"Consultez les conditions g\u00e9n\u00e9rales d'Inuvika.","breadcrumb":{"@id":"https:\/\/www.inuvika.com\/licenses\/inuvika-demo-terms\/#breadcrumb"},"inLanguage":"fr-FR","potentialAction":[{"@type":"ReadAction","target":["https:\/\/www.inuvika.com\/licenses\/inuvika-demo-terms\/"]}]},{"@type":"BreadcrumbList","@id":"https:\/\/www.inuvika.com\/licenses\/inuvika-demo-terms\/#breadcrumb","itemListElement":[{"@type":"ListItem","position":1,"name":"Home","item":"https:\/\/www.inuvika.com\/"},{"@type":"ListItem","position":2,"name":"Inuvika General Terms and Conditions","item":"https:\/\/www.inuvika.com\/licenses\/"},{"@type":"ListItem","position":3,"name":"Inuvika Demo Terms"}]},{"@type":"WebSite","@id":"https:\/\/www.inuvika.com\/#website","url":"https:\/\/www.inuvika.com\/","name":"inuvika.com","description":"Apps + Desktops sur n'importe quel appareil !","publisher":{"@id":"https:\/\/www.inuvika.com\/#organization"},"potentialAction":[{"@type":"SearchAction","target":{"@type":"EntryPoint","urlTemplate":"https:\/\/www.inuvika.com\/?s={search_term_string}"},"query-input":{"@type":"PropertyValueSpecification","valueRequired":true,"valueName":"search_term_string"}}],"inLanguage":"fr-FR"},{"@type":"Organization","@id":"https:\/\/www.inuvika.com\/#organization","name":"Inuvika Inc","url":"https:\/\/www.inuvika.com\/","logo":{"@type":"ImageObject","inLanguage":"fr-FR","@id":"https:\/\/www.inuvika.com\/#\/schema\/logo\/image\/","url":"https:\/\/www.inuvika.com\/wp-content\/uploads\/2018\/10\/inuvika-logo.png","contentUrl":"https:\/\/www.inuvika.com\/wp-content\/uploads\/2018\/10\/inuvika-logo.png","width":718,"height":169,"caption":"Inuvika Inc"},"image":{"@id":"https:\/\/www.inuvika.com\/#\/schema\/logo\/image\/"},"sameAs":["https:\/\/www.facebook.com\/inuvika\/","https:\/\/x.com\/InuvikaInc","https:\/\/www.linkedin.com\/company\/inuvika-inc-\/","https:\/\/www.youtube.com\/channel\/UC4nWPydrDItH1KMWqfQw8aA"]}]}},"brizy_media":[],"_links":{"self":[{"href":"https:\/\/www.inuvika.com\/fr\/wp-json\/wp\/v2\/pages\/21353","targetHints":{"allow":["GET"]}}],"collection":[{"href":"https:\/\/www.inuvika.com\/fr\/wp-json\/wp\/v2\/pages"}],"about":[{"href":"https:\/\/www.inuvika.com\/fr\/wp-json\/wp\/v2\/types\/page"}],"author":[{"embeddable":true,"href":"https:\/\/www.inuvika.com\/fr\/wp-json\/wp\/v2\/users\/532"}],"replies":[{"embeddable":true,"href":"https:\/\/www.inuvika.com\/fr\/wp-json\/wp\/v2\/comments?post=21353"}],"version-history":[{"count":0,"href":"https:\/\/www.inuvika.com\/fr\/wp-json\/wp\/v2\/pages\/21353\/revisions"}],"up":[{"embeddable":true,"href":"https:\/\/www.inuvika.com\/fr\/wp-json\/wp\/v2\/pages\/19769"}],"wp:attachment":[{"href":"https:\/\/www.inuvika.com\/fr\/wp-json\/wp\/v2\/media?parent=21353"}],"curies":[{"name":"wp","href":"https:\/\/api.w.org\/{rel}","templated":true}]}}