{"id":2039,"date":"2018-11-20T18:53:49","date_gmt":"2018-11-20T18:53:49","guid":{"rendered":"https:\/\/newsite.inuvika.com\/?page_id=2039"},"modified":"2026-03-26T15:22:29","modified_gmt":"2026-03-26T19:22:29","slug":"nous-contacter","status":"publish","type":"page","link":"https:\/\/www.inuvika.com\/fr\/contact-us\/","title":{"rendered":"Nous contacter"},"content":{"rendered":"<div class=\"brz-root__container brz-reset-all brz brz-root__container-page\">\n<section id=\"3486677c65310432cb7b_xHfMV25iSW3N\" class=\"brz-section brz-css-bjhity brz-css-7bo7ei\">\n<div class=\"brz-section__content brz-section--boxed brz-css-1soha0v brz-css-13zzgu3\" data-brz-custom-id=\"pVWaT2Z7Xru7\">\n<div class=\"brz-bg\">\n<div class=\"brz-bg-image\"><\/div>\n<\/div>\n<div class=\"brz-container brz-css-1cllbeg brz-css-1j9b7tm\">\n<div class=\"brz-row__container brz-css-cw8pbb brz-css-dapu3t\" data-brz-custom-id=\"xC3D38M8UNbJ\">\n<div class=\"brz-row brz-css-14ywmy0 brz-css-1hb7c4y brz-css-1a0iz60\">\n<div class=\"brz-columns brz-css-1uh0iy2 brz-css-1p303y8\" data-brz-custom-id=\"jKrafL02Vgb3\">\n<div class=\"brz-column__items brz-css-1iqczmh brz-css-rt3g6w\">\n<div id=\"\" class=\"brz-css-yy9zn8 brz-css-1ovn848 brz-wrapper\">\n<div class=\"brz-rich-text brz-rich-text__custom brz-css-3bvrj3 brz-css-yurki\" data-brz-custom-id=\"wh4A0DNn3ivh\">\n<div data-brz-translate-text=\"1\">\n<h1 class=\"brz-fsft-lg-0 brz-fwdth-lg-100 brz-vfw-lg-400 brz-lh-lg-1_2 brz-ls-lg-0 brz-fw-lg-700 brz-fss-lg-px brz-fs-lg-46 brz-ft-google brz-ff-roboto brz-tp-lg-heading1 brz-css-qNhdu\" data-generated-css=\"brz-css-atowk\" data-uniq-id=\"gNSPt\"><span class=\"brz-cp-color8\">Nous contacter<\/span><\/h1>\n<\/div>\n<\/div>\n<\/div>\n<div id=\"\" class=\"brz-css-yy9zn8 brz-css-dxa2bl brz-wrapper\">\n<div class=\"brz-rich-text brz-rich-text__custom brz-css-3bvrj3 brz-css-bs12ol\" data-brz-custom-id=\"rmkmYABwY0dh\">\n<div data-brz-translate-text=\"1\">\n<h3 class=\"brz-mt-lg-18 brz-fsft-lg-0 brz-fwdth-lg-100 brz-vfw-lg-400 brz-lh-lg-1_2 brz-ls-lg-0 brz-fw-lg-700 brz-fss-lg-px brz-fs-lg-46 brz-ft-google brz-ff-roboto brz-tp-lg-heading3 brz-css-eZMmT\" data-generated-css=\"brz-css-fzcyc\" data-uniq-id=\"nXKTf\"><span class=\"brz-cp-color8\">Vous avez une question ? Prenez contact avec nous.<\/span><\/h3>\n<\/div>\n<\/div>\n<\/div>\n<\/div>\n<\/div>\n<div class=\"brz-columns brz-css-1uh0iy2 brz-css-1hksk9f\" data-brz-custom-id=\"lLrNo5VuG_lT\">\n<div class=\"brz-column__items brz-css-1iqczmh brz-css-11n2b9r\"><\/div>\n<\/div>\n<\/div>\n<\/div>\n<\/div>\n<\/div>\n<\/section>\n<section id=\"0a31b398bf4ce167265f_kZ5zUchbjJ6c\" class=\"brz-section brz-css-bjhity brz-css-12d5km7\">\n<div class=\"brz-section__content brz-section--boxed brz-css-1soha0v brz-css-rohpg3\" data-brz-custom-id=\"tCnlDJLWg5k7\">\n<div class=\"brz-bg\">\n<div class=\"brz-bg-color\"><\/div>\n<\/div>\n<div class=\"brz-container brz-css-1cllbeg brz-css-vu41z5\">\n<div id=\"\" class=\"brz-css-yy9zn8 brz-css-6mtks3 brz-wrapper\">\n<div class=\"brz-rich-text brz-rich-text__custom brz-css-3bvrj3 brz-css-elop0a\" data-brz-custom-id=\"cRsEXcNtjwLZ\">\n<div data-brz-translate-text=\"1\">\n<h3 class=\"brz-text-lg-center brz-tp-lg-heading3 ql-align-center brz-css-pruC8\" data-uniq-id=\"aW3DA\" data-generated-css=\"brz-css-rnEzF\"><strong class=\"brz-cp-color8\">Inuvika Inc<\/strong><\/h3>\n<p class=\"brz-text-lg-center brz-tp-lg-paragraph ql-align-center brz-css-curWL\" data-uniq-id=\"zO9DS\" data-generated-css=\"brz-css-nt2hm\"><span class=\"brz-cp-color8\">1 King Street West, 48e \u00e9tage<\/span><\/p>\n<p class=\"brz-text-lg-center brz-tp-lg-paragraph ql-align-center brz-css-biNqy\" data-uniq-id=\"sMtVL\" data-generated-css=\"brz-css-h84gO\"><span class=\"brz-cp-color8\">Toronto, Ontario,<\/span><\/p>\n<p class=\"brz-text-lg-center brz-tp-lg-paragraph ql-align-center brz-css-nZM6A\" data-uniq-id=\"a9ulg\" data-generated-css=\"brz-css-veJng\"><span class=\"brz-cp-color8\">Canada, M5H 1A1<\/span><\/p>\n<p class=\"brz-text-lg-center brz-tp-lg-paragraph ql-align-center brz-css-qc5ww\" data-uniq-id=\"otdGv\" data-generated-css=\"brz-css-jb3HW\"><span class=\"brz-cp-color8\">Sales:\u00a0sales@inuvika.com\u00a0<\/span><\/p>\n<p class=\"brz-text-lg-center brz-tp-lg-paragraph ql-align-center brz-css-racAh\" data-uniq-id=\"otdGv\" data-generated-css=\"brz-css-jb3HW\"><span class=\"brz-cp-color8\">General:\u00a0info@inuvika.com<\/span><\/p>\n<\/div>\n<\/div>\n<\/div>\n<\/div>\n<\/div>\n<\/section>\n<section id=\"ac4738d0908e9e92ef77_rJirGCrkkujk\" class=\"brz-section brz-css-bjhity brz-css-11x3rxe\">\n<div class=\"brz-section__content brz-section--boxed brz-css-1soha0v brz-css-1jbro2y\" data-brz-custom-id=\"o9wmQ9GbzG17\">\n<div class=\"brz-container brz-css-1cllbeg brz-css-16vbw76\">\n<div id=\"\" class=\"brz-css-yy9zn8 brz-css-1mbyxf7 brz-wrapper\">\n<div class=\"brz-rich-text brz-rich-text__custom brz-css-3bvrj3 brz-css-1brgvdj\" data-brz-custom-id=\"tOp70AU79KHU\">\n<div data-brz-translate-text=\"1\">\n<h4 class=\"ql-align-center brz-text-lg-center brz-tp-lg-heading4 brz-css-qMk3n\" data-generated-css=\"brz-css-hA6uk\" data-uniq-id=\"gtU0l\"><span class=\"brz-cp-color1\">Nous vous remercions de l'int\u00e9r\u00eat que vous portez \u00e0 Inuvika. Dites-nous comment nous pouvons vous aider.<\/span><\/h4>\n<h4 class=\"brz-tp-lg-heading4 ql-align-center brz-text-lg-center brz-css-r6q95\" data-generated-css=\"brz-css-zbvWX\" data-uniq-id=\"raa4M\"><span class=\"brz-cp-color1\">Champs obligatoires marqu\u00e9s *<\/span><\/h4>\n<\/div>\n<\/div>\n<\/div>\n<div id=\"\" class=\"brz-css-yy9zn8 brz-css-khizbe brz-wrapper\">\n<div class=\"brz-embed-code brz-css-161y9pb brz-css-1s8f3gb\" data-brz-custom-id=\"jnojS6i_euzf\">\n<div class=\"brz-embed-content\">\n<div><\/div>\n<\/div>\n<\/div>\n<\/div>\n<div id=\"\" class=\"brz-css-yy9zn8 brz-css-16zs0d2 brz-wrapper\">\n<div class=\"brz-rich-text brz-rich-text__custom brz-css-3bvrj3 brz-css-5z7pwo\" data-brz-custom-id=\"vsnLu_tbzAk8\">\n<div data-brz-translate-text=\"1\">\n<p class=\"brz-tp-lg-paragraph brz-css-uVysj\" data-uniq-id=\"tl6Gn\" data-generated-css=\"brz-css-yENza\"><span class=\"brz-cp-color1\">Inuvika prend votre vie priv\u00e9e tr\u00e8s au s\u00e9rieux. Toutes les donn\u00e9es personnelles sont conserv\u00e9es conform\u00e9ment \u00e0 notre <\/span><a class=\"link--page brz-cp-color1\" style=\"background-color: #ffffff\" href=\"https:\/\/www.inuvika.com\/fr\/politique-de-confidentialite\/\" data-brz-link-type=\"page\">Politique de confidentialit\u00e9<\/a><span class=\"brz-cp-color1\">. Vous pouvez vous d\u00e9sabonner de nos mises \u00e0 jour \u00e0 tout moment en cliquant sur le lien de d\u00e9sabonnement dans le pied de page de tout courriel que vous recevez de notre part, ou en nous contactant \u00e0 l'adresse suivante <\/span><a class=\"brz-cp-color1 link--external\" href=\"mailto:marketing@inuvika.com\" data-brz-link-type=\"external\">marketing@inuvika.com<\/a><span class=\"brz-cp-color1\">.<\/span><\/p>\n<\/div>\n<\/div>\n<\/div>\n<\/div>\n<\/div>\n<\/section>\n<\/div>\n<p><!-- version:1747422781 --><\/p>","protected":false},"excerpt":{"rendered":"<p>Contact Us Got a question? Get in touch with us. Inuvika Inc 1 King Street West, 48th Floor Toronto, Ontario, Canada, M5H 1A1 Sales:\u00a0sales@inuvika.com\u00a0 General:\u00a0info@inuvika.com Thank you for your interest [&hellip;]<\/p>\n","protected":false},"author":9,"featured_media":2510,"parent":0,"menu_order":0,"comment_status":"closed","ping_status":"closed","template":"","meta":{"footnotes":""},"class_list":["post-2039","page","type-page","status-publish","has-post-thumbnail","hentry"],"blocksy_meta":[],"yoast_head":"<!-- This site is optimized with the Yoast SEO plugin v27.3 - https:\/\/yoast.com\/product\/yoast-seo-wordpress\/ -->\n<title>Contact Us - Inuvika<\/title>\n<meta name=\"description\" content=\"Contact us for sales or general inquiries about Inuvika, our products, or becoming an Inuvika partner .\" \/>\n<meta name=\"robots\" content=\"index, follow, max-snippet:-1, max-image-preview:large, max-video-preview:-1\" \/>\n<link rel=\"canonical\" href=\"https:\/\/www.inuvika.com\/fr\/nous-contacter\/\" \/>\n<meta property=\"og:locale\" content=\"fr_FR\" \/>\n<meta property=\"og:type\" content=\"article\" \/>\n<meta property=\"og:title\" content=\"Contact Us - Inuvika\" \/>\n<meta property=\"og:description\" content=\"Contact us for sales or general inquiries about Inuvika, our products, or becoming an Inuvika partner .\" \/>\n<meta property=\"og:url\" content=\"https:\/\/www.inuvika.com\/fr\/nous-contacter\/\" \/>\n<meta property=\"og:site_name\" content=\"Inuvika\" \/>\n<meta property=\"article:publisher\" content=\"https:\/\/www.facebook.com\/inuvika\/\" \/>\n<meta property=\"article:modified_time\" content=\"2026-03-26T19:22:29+00:00\" \/>\n<meta property=\"og:image\" content=\"https:\/\/www.inuvika.com\/wp-content\/uploads\/2018\/12\/inuvika-default-header-1.jpg\" \/>\n\t<meta property=\"og:image:width\" content=\"1920\" \/>\n\t<meta property=\"og:image:height\" content=\"1000\" \/>\n\t<meta property=\"og:image:type\" content=\"image\/jpeg\" \/>\n<meta name=\"twitter:card\" content=\"summary_large_image\" \/>\n<meta name=\"twitter:site\" content=\"@InuvikaInc\" \/>\n<meta name=\"twitter:label1\" content=\"Dur\u00e9e de lecture estim\u00e9e\" \/>\n\t<meta name=\"twitter:data1\" content=\"1 minute\" \/>\n<script type=\"application\/ld+json\" class=\"yoast-schema-graph\">{\"@context\":\"https:\\\/\\\/schema.org\",\"@graph\":[{\"@type\":[\"WebPage\",\"ContactPage\"],\"@id\":\"https:\\\/\\\/www.inuvika.com\\\/contact-us\\\/\",\"url\":\"https:\\\/\\\/www.inuvika.com\\\/contact-us\\\/\",\"name\":\"Contact Us - Inuvika\",\"isPartOf\":{\"@id\":\"https:\\\/\\\/www.inuvika.com\\\/#website\"},\"primaryImageOfPage\":{\"@id\":\"https:\\\/\\\/www.inuvika.com\\\/contact-us\\\/#primaryimage\"},\"image\":{\"@id\":\"https:\\\/\\\/www.inuvika.com\\\/contact-us\\\/#primaryimage\"},\"thumbnailUrl\":\"https:\\\/\\\/www.inuvika.com\\\/wp-content\\\/uploads\\\/2018\\\/12\\\/inuvika-default-header-1.jpg\",\"datePublished\":\"2018-11-20T18:53:49+00:00\",\"dateModified\":\"2026-03-26T19:22:29+00:00\",\"description\":\"Contact us for sales or general inquiries about Inuvika, our products, or becoming an Inuvika partner .\",\"breadcrumb\":{\"@id\":\"https:\\\/\\\/www.inuvika.com\\\/contact-us\\\/#breadcrumb\"},\"inLanguage\":\"fr-FR\",\"potentialAction\":[{\"@type\":\"ReadAction\",\"target\":[\"https:\\\/\\\/www.inuvika.com\\\/contact-us\\\/\"]}]},{\"@type\":\"ImageObject\",\"inLanguage\":\"fr-FR\",\"@id\":\"https:\\\/\\\/www.inuvika.com\\\/contact-us\\\/#primaryimage\",\"url\":\"https:\\\/\\\/www.inuvika.com\\\/wp-content\\\/uploads\\\/2018\\\/12\\\/inuvika-default-header-1.jpg\",\"contentUrl\":\"https:\\\/\\\/www.inuvika.com\\\/wp-content\\\/uploads\\\/2018\\\/12\\\/inuvika-default-header-1.jpg\",\"width\":1920,\"height\":1000,\"caption\":\"Inuvika support resources\"},{\"@type\":\"BreadcrumbList\",\"@id\":\"https:\\\/\\\/www.inuvika.com\\\/contact-us\\\/#breadcrumb\",\"itemListElement\":[{\"@type\":\"ListItem\",\"position\":1,\"name\":\"Home\",\"item\":\"https:\\\/\\\/www.inuvika.com\\\/\"},{\"@type\":\"ListItem\",\"position\":2,\"name\":\"Contact Us\"}]},{\"@type\":\"WebSite\",\"@id\":\"https:\\\/\\\/www.inuvika.com\\\/#website\",\"url\":\"https:\\\/\\\/www.inuvika.com\\\/\",\"name\":\"inuvika.com\",\"description\":\"Apps + Desktops to any device!\",\"publisher\":{\"@id\":\"https:\\\/\\\/www.inuvika.com\\\/#organization\"},\"potentialAction\":[{\"@type\":\"SearchAction\",\"target\":{\"@type\":\"EntryPoint\",\"urlTemplate\":\"https:\\\/\\\/www.inuvika.com\\\/?s={search_term_string}\"},\"query-input\":{\"@type\":\"PropertyValueSpecification\",\"valueRequired\":true,\"valueName\":\"search_term_string\"}}],\"inLanguage\":\"fr-FR\"},{\"@type\":\"Organization\",\"@id\":\"https:\\\/\\\/www.inuvika.com\\\/#organization\",\"name\":\"Inuvika Inc\",\"url\":\"https:\\\/\\\/www.inuvika.com\\\/\",\"logo\":{\"@type\":\"ImageObject\",\"inLanguage\":\"fr-FR\",\"@id\":\"https:\\\/\\\/www.inuvika.com\\\/#\\\/schema\\\/logo\\\/image\\\/\",\"url\":\"https:\\\/\\\/www.inuvika.com\\\/wp-content\\\/uploads\\\/2018\\\/10\\\/inuvika-logo.png\",\"contentUrl\":\"https:\\\/\\\/www.inuvika.com\\\/wp-content\\\/uploads\\\/2018\\\/10\\\/inuvika-logo.png\",\"width\":718,\"height\":169,\"caption\":\"Inuvika Inc\"},\"image\":{\"@id\":\"https:\\\/\\\/www.inuvika.com\\\/#\\\/schema\\\/logo\\\/image\\\/\"},\"sameAs\":[\"https:\\\/\\\/www.facebook.com\\\/inuvika\\\/\",\"https:\\\/\\\/x.com\\\/InuvikaInc\",\"https:\\\/\\\/www.linkedin.com\\\/company\\\/inuvika-inc-\\\/\",\"https:\\\/\\\/www.youtube.com\\\/channel\\\/UC4nWPydrDItH1KMWqfQw8aA\"]}]}<\/script>\n<!-- \/ Yoast SEO plugin. -->","yoast_head_json":{"title":"Nous contacter - Inuvika","description":"Contactez-nous pour toute question commerciale ou g\u00e9n\u00e9rale concernant Inuvika, nos produits ou pour devenir un partenaire d'Inuvika.","robots":{"index":"index","follow":"follow","max-snippet":"max-snippet:-1","max-image-preview":"max-image-preview:large","max-video-preview":"max-video-preview:-1"},"canonical":"https:\/\/www.inuvika.com\/fr\/nous-contacter\/","og_locale":"fr_FR","og_type":"article","og_title":"Contact Us - Inuvika","og_description":"Contact us for sales or general inquiries about Inuvika, our products, or becoming an Inuvika partner .","og_url":"https:\/\/www.inuvika.com\/fr\/nous-contacter\/","og_site_name":"Inuvika","article_publisher":"https:\/\/www.facebook.com\/inuvika\/","article_modified_time":"2026-03-26T19:22:29+00:00","og_image":[{"width":1920,"height":1000,"url":"https:\/\/www.inuvika.com\/wp-content\/uploads\/2018\/12\/inuvika-default-header-1.jpg","type":"image\/jpeg"}],"twitter_card":"summary_large_image","twitter_site":"@InuvikaInc","twitter_misc":{"Dur\u00e9e de lecture estim\u00e9e":"1 minute"},"schema":{"@context":"https:\/\/schema.org","@graph":[{"@type":["WebPage","ContactPage"],"@id":"https:\/\/www.inuvika.com\/contact-us\/","url":"https:\/\/www.inuvika.com\/contact-us\/","name":"Nous contacter - Inuvika","isPartOf":{"@id":"https:\/\/www.inuvika.com\/#website"},"primaryImageOfPage":{"@id":"https:\/\/www.inuvika.com\/contact-us\/#primaryimage"},"image":{"@id":"https:\/\/www.inuvika.com\/contact-us\/#primaryimage"},"thumbnailUrl":"https:\/\/www.inuvika.com\/wp-content\/uploads\/2018\/12\/inuvika-default-header-1.jpg","datePublished":"2018-11-20T18:53:49+00:00","dateModified":"2026-03-26T19:22:29+00:00","description":"Contactez-nous pour toute question commerciale ou g\u00e9n\u00e9rale concernant Inuvika, nos produits ou pour devenir un partenaire d'Inuvika.","breadcrumb":{"@id":"https:\/\/www.inuvika.com\/contact-us\/#breadcrumb"},"inLanguage":"fr-FR","potentialAction":[{"@type":"ReadAction","target":["https:\/\/www.inuvika.com\/contact-us\/"]}]},{"@type":"ImageObject","inLanguage":"fr-FR","@id":"https:\/\/www.inuvika.com\/contact-us\/#primaryimage","url":"https:\/\/www.inuvika.com\/wp-content\/uploads\/2018\/12\/inuvika-default-header-1.jpg","contentUrl":"https:\/\/www.inuvika.com\/wp-content\/uploads\/2018\/12\/inuvika-default-header-1.jpg","width":1920,"height":1000,"caption":"Inuvika support resources"},{"@type":"BreadcrumbList","@id":"https:\/\/www.inuvika.com\/contact-us\/#breadcrumb","itemListElement":[{"@type":"ListItem","position":1,"name":"Home","item":"https:\/\/www.inuvika.com\/"},{"@type":"ListItem","position":2,"name":"Contact Us"}]},{"@type":"WebSite","@id":"https:\/\/www.inuvika.com\/#website","url":"https:\/\/www.inuvika.com\/","name":"inuvika.com","description":"Apps + Desktops sur n'importe quel appareil !","publisher":{"@id":"https:\/\/www.inuvika.com\/#organization"},"potentialAction":[{"@type":"SearchAction","target":{"@type":"EntryPoint","urlTemplate":"https:\/\/www.inuvika.com\/?s={search_term_string}"},"query-input":{"@type":"PropertyValueSpecification","valueRequired":true,"valueName":"search_term_string"}}],"inLanguage":"fr-FR"},{"@type":"Organization","@id":"https:\/\/www.inuvika.com\/#organization","name":"Inuvika Inc","url":"https:\/\/www.inuvika.com\/","logo":{"@type":"ImageObject","inLanguage":"fr-FR","@id":"https:\/\/www.inuvika.com\/#\/schema\/logo\/image\/","url":"https:\/\/www.inuvika.com\/wp-content\/uploads\/2018\/10\/inuvika-logo.png","contentUrl":"https:\/\/www.inuvika.com\/wp-content\/uploads\/2018\/10\/inuvika-logo.png","width":718,"height":169,"caption":"Inuvika Inc"},"image":{"@id":"https:\/\/www.inuvika.com\/#\/schema\/logo\/image\/"},"sameAs":["https:\/\/www.facebook.com\/inuvika\/","https:\/\/x.com\/InuvikaInc","https:\/\/www.linkedin.com\/company\/inuvika-inc-\/","https:\/\/www.youtube.com\/channel\/UC4nWPydrDItH1KMWqfQw8aA"]}]}},"brizy_media":[{"id":7349,"url":"https:\/\/www.inuvika.com\/wp-content\/uploads\/2020\/03\/Work_Remote_header_1920_1000_2.jpg","name":"Work_Remote_header_1920_1000_2.jpg","meta":{"brizy_attachment_uid":"wp-89f093534461f99e0c41abec4a36271f.jpg","brizy_post_uid":["07c1884ab8c8b85913188819c92ee5ba"]}},{"id":17941,"url":"https:\/\/www.inuvika.com\/wp-content\/uploads\/2020\/03\/OVD-2_8_messaging_header4_1920_1000.webp","name":"OVD-2_8_messaging_header4_1920_1000.webp","meta":{"brizy_attachment_uid":"wp-37cf1f8c522de55789afcad3a3dafcd7.webp","brizy_post_uid":["07c1884ab8c8b85913188819c92ee5ba"]}},{"id":24037,"url":"https:\/\/www.inuvika.com\/wp-content\/uploads\/2024\/10\/3.4header.webp","name":"3.4header.webp","meta":{"brizy_attachment_uid":"wp-79639b44b3a165849133668f8a3413b1.webp","brizy_post_uid":["eed286d32aaf560b8a411786d953c88c","07c1884ab8c8b85913188819c92ee5ba"]}}],"_links":{"self":[{"href":"https:\/\/www.inuvika.com\/fr\/wp-json\/wp\/v2\/pages\/2039","targetHints":{"allow":["GET"]}}],"collection":[{"href":"https:\/\/www.inuvika.com\/fr\/wp-json\/wp\/v2\/pages"}],"about":[{"href":"https:\/\/www.inuvika.com\/fr\/wp-json\/wp\/v2\/types\/page"}],"author":[{"embeddable":true,"href":"https:\/\/www.inuvika.com\/fr\/wp-json\/wp\/v2\/users\/9"}],"replies":[{"embeddable":true,"href":"https:\/\/www.inuvika.com\/fr\/wp-json\/wp\/v2\/comments?post=2039"}],"version-history":[{"count":0,"href":"https:\/\/www.inuvika.com\/fr\/wp-json\/wp\/v2\/pages\/2039\/revisions"}],"wp:featuredmedia":[{"embeddable":true,"href":"https:\/\/www.inuvika.com\/fr\/wp-json\/wp\/v2\/media\/2510"}],"wp:attachment":[{"href":"https:\/\/www.inuvika.com\/fr\/wp-json\/wp\/v2\/media?parent=2039"}],"curies":[{"name":"wp","href":"https:\/\/api.w.org\/{rel}","templated":true}]}}