{"id":19561,"date":"2024-04-15T09:21:48","date_gmt":"2024-04-15T13:21:48","guid":{"rendered":"https:\/\/newsite.inuvika.com\/?page_id=19561"},"modified":"2026-04-08T07:15:15","modified_gmt":"2026-04-08T11:15:15","slug":"ou-acheter","status":"publish","type":"page","link":"https:\/\/www.inuvika.com\/fr\/where-to-buy\/","title":{"rendered":"O\u00f9 acheter"},"content":{"rendered":"<div class=\"brz-root__container brz-reset-all brz brz-root__container-page\">\n<section id=\"48e7fe4b4f464a2291f0_aOcWYtrzArzH\" class=\"brz-section brz-css-12of2k6 brz-css-1eccwzr\">\n<div class=\"brz-section__content brz-section--boxed brz-css-134wpe1 brz-css-hlkqhr\" data-brz-custom-id=\"zKwGjG2DPIap\">\n<div class=\"brz-bg\">\n<div class=\"brz-bg-image\"><\/div>\n<\/div>\n<div class=\"brz-container brz-css-8zzte\">\n<div class=\"brz-row__container brz-css-44jsnk\" data-brz-custom-id=\"mG0wAjpTGsXV\">\n<div class=\"brz-bg\"><\/div>\n<div class=\"brz-row brz-css-ufc0w0 brz-css-imiz4z\">\n<div class=\"brz-columns brz-css-1awtw12\" data-brz-custom-id=\"wuKJu0AOnVVs\">\n<div class=\"brz-bg\"><\/div>\n<div class=\"brz-column__items brz-css-1gdwkqk\">\n<div id=\"\" class=\"brz-css-1qnseq0 brz-wrapper\">\n<div class=\"brz-rich-text brz-rich-text__custom brz-css-7o3s6t\" data-brz-custom-id=\"jqkSbLSd0lsf\">\n<div data-brz-translate-text=\"1\">\n<h1 class=\"brz-ls-lg-0 brz-lh-lg-1_2 brz-vfw-lg-400 brz-fwdth-lg-100 brz-fsft-lg-0 brz-tp-lg-empty brz-ff-roboto brz-ft-google brz-fs-lg-46 brz-fss-lg-px brz-fw-lg-300 brz-css-xlehc\" data-uniq-id=\"nvlp5\" data-generated-css=\"brz-css-uoHx_\"><span class=\"brz-cp-color8\">O\u00f9 acheter<\/span><\/h1>\n<\/div>\n<\/div>\n<\/div>\n<div id=\"\" class=\"brz-css-1qnseq0 brz-css-biktiq brz-wrapper\">\n<div class=\"brz-line brz-line-default brz-css-yiofot brz-css-e7awfa\" data-brz-custom-id=\"zclj1Kq9Yxhz\">\n<hr class=\"brz-hr\"><\/div>\n<\/div>\n<div id=\"\" class=\"brz-css-1qnseq0 brz-wrapper\">\n<div class=\"brz-rich-text brz-rich-text__custom brz-css-7o3s6t\" data-brz-custom-id=\"egQxWlQS5Utd\">\n<div data-brz-translate-text=\"1\">\n<h4 class=\"brz-vfw-lg-400 brz-fwdth-lg-100 brz-fsft-lg-0 brz-fss-lg-px brz-fw-lg-300 brz-ls-lg-0 brz-lh-lg-1_4 brz-tp-lg-empty brz-ff-roboto brz-ft-google brz-fs-lg-30 brz-css-bgbnT\" data-generated-css=\"brz-css-gEooW\" data-uniq-id=\"xdlT3\"><span class=\"brz-cp-color8\">Inuvika OVD Enterprise est disponible via notre r\u00e9seau mondial de partenaires.<\/span><\/h4>\n<\/div>\n<\/div>\n<\/div>\n<\/div>\n<\/div>\n<div class=\"brz-columns brz-css-1awtw12\" data-brz-custom-id=\"ukDg2CMg3iom\">\n<div class=\"brz-bg\"><\/div>\n<div class=\"brz-column__items brz-css-1gdwkqk\"><\/div>\n<\/div>\n<\/div>\n<\/div>\n<\/div>\n<\/div>\n<\/section>\n<section id=\"0178bc3e1fde23fb4c7f_meuMOPRJA4vz\" class=\"brz-section brz-css-12of2k6\">\n<div class=\"brz-section__content brz-section--boxed brz-css-134wpe1\" data-brz-custom-id=\"hlqGcpO45rvK\">\n<div class=\"brz-container brz-css-8zzte\">\n<div id=\"\" class=\"brz-css-1qnseq0 brz-wrapper\">\n<div class=\"brz-rich-text brz-rich-text__custom brz-css-7o3s6t\" data-brz-custom-id=\"h2W7IzLMPqRh\">\n<div data-brz-translate-text=\"1\">\n<h3 class=\"brz-fw-lg-300 brz-fss-lg-px brz-fsft-lg-0 brz-fwdth-lg-100 brz-vfw-lg-400 brz-lh-lg-1_2 brz-ls-lg-0 brz-text-lg-center brz-tp-lg-empty brz-ff-roboto brz-ft-google brz-fs-lg-30 brz-css-hJsEb\" data-generated-css=\"brz-css-tiOj1\" data-uniq-id=\"njl5J\"><span>Il vous suffit de saisir votre ville ou votre code postal ci-dessous pour trouver un partenaire Inuvika.<\/span><\/h3>\n<\/div>\n<\/div>\n<\/div>\n<div id=\"\" class=\"brz-css-1qnseq0 brz-css-6bnhav brz-wrapper\">\n<div class=\"brz-spacer brz-css-1xljdfz brz-css-1s8gykd\"><\/div>\n<\/div>\n<div class=\"brz-wrapper-clone brz-css-ibwv4z\">\n<div class=\"brz-d-xs-flex brz-flex-xs-wrap brz-css-v233w0\" data-brz-custom-id=\"\">\n<div class=\"brz-wrapper-clone__item\" id=\"m02F0P4v7ms8\"><a class=\"brz-a brz-btn brz-css-eua51n brz-css-1v20ah brz-css-18ceg6x brz-css-1whmrkh\" href=\"https:\/\/www.inuvika.com\/fr\/acheter\/\" target=\"_self\" rel=\"noopener\" id=\"m02F0P4v7ms8\"><span data-brz-translate-text=\"1\" class=\"brz-span brz-text__editor\">OU DEMANDER UN DEVIS DIRECTEMENT<\/span><\/a><\/div>\n<\/div>\n<\/div>\n<\/div>\n<\/div>\n<\/section>\n<section id=\"f1fcc6b58e370f49e833_iFfMcBgPZIIo\" class=\"brz-section brz-css-12of2k6\">\n<div class=\"brz-section__content brz-section--boxed brz-css-134wpe1 brz-css-grwjid\" data-brz-custom-id=\"zBcxmea4GeMQ\">\n<div class=\"brz-container brz-css-8zzte\">\n<div id=\"\" class=\"brz-css-1qnseq0 brz-wrapper\">\n<div class=\"brz-wp-shortcode brz-css-1sqa7sn\" data-brz-custom-id=\"bQuAMQdYSFgK\">\n<div><style>\r\n\t#wpsl-stores .wpsl-store-thumb {height:45px !important; width:45px !important;}\r\n\t#wpsl-stores, #wpsl-direction-details, #wpsl-gmap {height:460px !important;}\r\n\t#wpsl-gmap .wpsl-info-window {max-width:225px !important;}\r\n\t.wpsl-input label, #wpsl-radius label, #wpsl-category label {width:150px;}\r\n\t#wpsl-search-input ,#wpsl-category .wpsl-dropdown {width:300px;}\r\n<\/style>\r\n<div id=\"wpsl-wrap\">\r\n\t<div class=\"wpsl-search wpsl-clearfix wpsl-cat-results-filter\">\r\n\t\t<div id=\"wpsl-search-wrap\">\r\n\t\t\t<form autocomplete=\"off\" action=\"\">\r\n\t\t\t<div class=\"wpsl-input\">\r\n\t\t\t\t<div><label for=\"wpsl-search-input\">Ville ou code postal\/ZIP<\/label><\/div>\r\n\t\t\t\t<input id=\"wpsl-search-input\" type=\"text\" value=\"\" name=\"wpsl-search-input\" placeholder=\"\" aria-required=\"true\" \/>\r\n\t\t\t<\/div>\r\n\t\t\t<div class=\"wpsl-select-wrap\">\r\n\t\t\t\t<div id=\"wpsl-results\">\r\n\t\t\t\t\t<label for=\"wpsl-results-dropdown\">R\u00e9sultats<\/label>\r\n\t\t\t\t\t<select id=\"wpsl-results-dropdown\" class=\"wpsl-dropdown\" name=\"wpsl-results\">\r\n\t\t\t\t\t\t<option selected=\"selected\" value=\"25\">25<\/option><option value=\"50\">50<\/option><option value=\"75\">75<\/option><option value=\"100\">100<\/option>\r\n\t\t\t\t\t<\/select>\r\n\t\t\t\t<\/div>\r\n\t\t\t<\/div>\r\n<div id=\"wpsl-category\">\r\n<label for=\"wpsl-category-list\">Type de partenaire<\/label>\r\n<select  name='wpsl-category' id='wpsl-category-list' class='wpsl-dropdown'>\n\t<option value='0'>Tous<\/option>\n\t<option class=\"level-0\" value=\"55\">Distributeur<\/option>\n\t<option class=\"level-0\" value=\"57\">Services d'h\u00e9bergement<\/option>\n\t<option class=\"level-0\" value=\"56\">Revendeur<\/option>\n<\/select>\n<\/div>\r\n\t\t\t\t<div class=\"wpsl-search-btn-wrap\"><input id=\"wpsl-search-btn\" type=\"submit\" value=\"Recherche\"><\/div>\r\n\t\t<input type=\"hidden\" name=\"trp-form-language\" value=\"fr\"\/><\/form>\r\n\t\t<\/div>\r\n\t<\/div>\r\n\t<div id=\"wpsl-gmap\" class=\"wpsl-gmap-canvas\"><\/div>\r\n\t<div id=\"wpsl-result-list\">\r\n\t\t<div id=\"wpsl-stores\" >\r\n\t\t\t<ul><\/ul>\r\n\t\t<\/div>\r\n\t\t<div id=\"wpsl-direction-details\">\r\n\t\t\t<ul><\/ul>\r\n\t\t<\/div>\r\n\t<\/div>\r\n<\/div>\r\n<\/div>\n<\/div>\n<\/div>\n<\/div>\n<\/div>\n<\/section>\n<section id=\"38cd531e66a4bb938ada_jLJfJFGLbyE_\" class=\"brz-section brz-css-12of2k6\">\n<div class=\"brz-section__content brz-section--boxed brz-css-134wpe1\" data-brz-custom-id=\"lf4wQYh3PJZT\">\n<div class=\"brz-container brz-css-8zzte\">\n<div id=\"\" class=\"brz-css-1qnseq0 brz-wrapper\">\n<div class=\"brz-rich-text brz-rich-text__custom brz-css-7o3s6t\" data-brz-custom-id=\"wuhrIsuOJ4GA\">\n<div data-brz-translate-text=\"1\">\n<h3 class=\"brz-lh-lg-1_4 brz-ls-lg-0 brz-fw-lg-300 brz-fss-lg-px brz-fsft-lg-0 brz-fwdth-lg-100 brz-vfw-lg-400 brz-text-lg-center brz-tp-lg-empty brz-ff-roboto brz-ft-google brz-fs-lg-30 brz-css-nIxyJ\" data-uniq-id=\"qr9oj\" data-generated-css=\"brz-css-rfyk_\"><span>Vous ne reconnaissez pas un partenaire ?<\/span><\/h3>\n<h3 class=\"brz-lh-lg-1_4 brz-ls-lg-0 brz-fw-lg-300 brz-fss-lg-px brz-fsft-lg-0 brz-fwdth-lg-100 brz-vfw-lg-400 brz-text-lg-center brz-tp-lg-empty brz-ff-roboto brz-ft-google brz-fs-lg-30 brz-css-mbPvu\" data-uniq-id=\"u1sel\" data-generated-css=\"brz-css-k60Fp\"><span>Laissez-nous vous pr\u00e9senter un partenaire local qui peut vous aider.<\/span><\/h3>\n<\/div>\n<\/div>\n<\/div>\n<div id=\"\" class=\"brz-css-1qnseq0 brz-css-6bnhav brz-wrapper\">\n<div class=\"brz-spacer brz-css-1xljdfz brz-css-16xe4uk\"><\/div>\n<\/div>\n<div class=\"brz-wrapper-clone brz-css-ibwv4z\">\n<div class=\"brz-d-xs-flex brz-flex-xs-wrap brz-css-v233w0\" data-brz-custom-id=\"\">\n<div class=\"brz-wrapper-clone__item\" id=\"cpGIgpt4NWou\"><a class=\"brz-a brz-btn brz-css-eua51n brz-css-1u2z06j brz-css-18ceg6x brz-css-17fb7ra\" href=\"https:\/\/www.inuvika.com\/fr\/acheter\/\" target=\"_self\" rel=\"noopener\" id=\"cpGIgpt4NWou\"><span data-brz-translate-text=\"1\" class=\"brz-span brz-text__editor\">REMPLIR LE FORMULAIRE DE PARTENARIAT<\/span><\/a><\/div>\n<\/div>\n<\/div>\n<\/div>\n<\/div>\n<\/section>\n<\/div>\n<p>    <!-- version:1744305144 --><\/p>","protected":false},"excerpt":{"rendered":"<p>Where to Buy Inuvika OVD Enterprise is available via our worldwide partner network. Simply enter your city or postal code below to find an Inuvika Partner OR REQUEST A QUOTE [&hellip;]<\/p>\n","protected":false},"author":532,"featured_media":0,"parent":0,"menu_order":0,"comment_status":"closed","ping_status":"closed","template":"","meta":{"footnotes":""},"class_list":["post-19561","page","type-page","status-publish","hentry"],"blocksy_meta":[],"yoast_head":"<!-- This site is optimized with the Yoast SEO plugin v27.3 - https:\/\/yoast.com\/product\/yoast-seo-wordpress\/ -->\n<title>Where to Buy - Inuvika<\/title>\n<meta name=\"description\" content=\"Find a partner to buy Inuvika OVD Enterprise from today from our worldwide partner network spanning over 60 countries!\" \/>\n<meta name=\"robots\" content=\"index, follow, max-snippet:-1, max-image-preview:large, max-video-preview:-1\" \/>\n<link rel=\"canonical\" href=\"https:\/\/www.inuvika.com\/fr\/ou-acheter\/\" \/>\n<meta property=\"og:locale\" content=\"fr_FR\" \/>\n<meta property=\"og:type\" content=\"article\" \/>\n<meta property=\"og:title\" content=\"Where to Buy - Inuvika\" \/>\n<meta property=\"og:description\" content=\"Find a partner to buy Inuvika OVD Enterprise from today from our worldwide partner network spanning over 60 countries!\" \/>\n<meta property=\"og:url\" content=\"https:\/\/www.inuvika.com\/fr\/ou-acheter\/\" \/>\n<meta property=\"og:site_name\" content=\"Inuvika\" \/>\n<meta property=\"article:publisher\" content=\"https:\/\/www.facebook.com\/inuvika\/\" \/>\n<meta property=\"article:modified_time\" content=\"2026-04-08T11:15:15+00:00\" \/>\n<meta property=\"og:image\" content=\"https:\/\/www.inuvika.com\/wp-content\/uploads\/2018\/10\/inuvika-logo.jpg\" \/>\n\t<meta property=\"og:image:width\" content=\"718\" \/>\n\t<meta property=\"og:image:height\" content=\"169\" \/>\n\t<meta property=\"og:image:type\" content=\"image\/jpeg\" \/>\n<meta name=\"twitter:card\" content=\"summary_large_image\" \/>\n<meta name=\"twitter:site\" content=\"@InuvikaInc\" \/>\n<meta name=\"twitter:label1\" content=\"Dur\u00e9e de lecture estim\u00e9e\" \/>\n\t<meta name=\"twitter:data1\" content=\"1 minute\" \/>\n<script type=\"application\/ld+json\" class=\"yoast-schema-graph\">{\"@context\":\"https:\\\/\\\/schema.org\",\"@graph\":[{\"@type\":\"WebPage\",\"@id\":\"https:\\\/\\\/www.inuvika.com\\\/where-to-buy\\\/\",\"url\":\"https:\\\/\\\/www.inuvika.com\\\/where-to-buy\\\/\",\"name\":\"Where to Buy - Inuvika\",\"isPartOf\":{\"@id\":\"https:\\\/\\\/www.inuvika.com\\\/#website\"},\"datePublished\":\"2024-04-15T13:21:48+00:00\",\"dateModified\":\"2026-04-08T11:15:15+00:00\",\"description\":\"Find a partner to buy Inuvika OVD Enterprise from today from our worldwide partner network spanning over 60 countries!\",\"breadcrumb\":{\"@id\":\"https:\\\/\\\/www.inuvika.com\\\/where-to-buy\\\/#breadcrumb\"},\"inLanguage\":\"fr-FR\",\"potentialAction\":[{\"@type\":\"ReadAction\",\"target\":[\"https:\\\/\\\/www.inuvika.com\\\/where-to-buy\\\/\"]}]},{\"@type\":\"BreadcrumbList\",\"@id\":\"https:\\\/\\\/www.inuvika.com\\\/where-to-buy\\\/#breadcrumb\",\"itemListElement\":[{\"@type\":\"ListItem\",\"position\":1,\"name\":\"Home\",\"item\":\"https:\\\/\\\/www.inuvika.com\\\/\"},{\"@type\":\"ListItem\",\"position\":2,\"name\":\"Where to Buy\"}]},{\"@type\":\"WebSite\",\"@id\":\"https:\\\/\\\/www.inuvika.com\\\/#website\",\"url\":\"https:\\\/\\\/www.inuvika.com\\\/\",\"name\":\"inuvika.com\",\"description\":\"Apps + Desktops to any device!\",\"publisher\":{\"@id\":\"https:\\\/\\\/www.inuvika.com\\\/#organization\"},\"potentialAction\":[{\"@type\":\"SearchAction\",\"target\":{\"@type\":\"EntryPoint\",\"urlTemplate\":\"https:\\\/\\\/www.inuvika.com\\\/?s={search_term_string}\"},\"query-input\":{\"@type\":\"PropertyValueSpecification\",\"valueRequired\":true,\"valueName\":\"search_term_string\"}}],\"inLanguage\":\"fr-FR\"},{\"@type\":\"Organization\",\"@id\":\"https:\\\/\\\/www.inuvika.com\\\/#organization\",\"name\":\"Inuvika Inc\",\"url\":\"https:\\\/\\\/www.inuvika.com\\\/\",\"logo\":{\"@type\":\"ImageObject\",\"inLanguage\":\"fr-FR\",\"@id\":\"https:\\\/\\\/www.inuvika.com\\\/#\\\/schema\\\/logo\\\/image\\\/\",\"url\":\"https:\\\/\\\/www.inuvika.com\\\/wp-content\\\/uploads\\\/2018\\\/10\\\/inuvika-logo.png\",\"contentUrl\":\"https:\\\/\\\/www.inuvika.com\\\/wp-content\\\/uploads\\\/2018\\\/10\\\/inuvika-logo.png\",\"width\":718,\"height\":169,\"caption\":\"Inuvika Inc\"},\"image\":{\"@id\":\"https:\\\/\\\/www.inuvika.com\\\/#\\\/schema\\\/logo\\\/image\\\/\"},\"sameAs\":[\"https:\\\/\\\/www.facebook.com\\\/inuvika\\\/\",\"https:\\\/\\\/x.com\\\/InuvikaInc\",\"https:\\\/\\\/www.linkedin.com\\\/company\\\/inuvika-inc-\\\/\",\"https:\\\/\\\/www.youtube.com\\\/channel\\\/UC4nWPydrDItH1KMWqfQw8aA\"]}]}<\/script>\n<!-- \/ Yoast SEO plugin. -->","yoast_head_json":{"title":"O\u00f9 acheter - Inuvika","description":"Trouvez un partenaire pour acheter Inuvika OVD Enterprise d\u00e8s aujourd'hui gr\u00e2ce \u00e0 notre r\u00e9seau mondial de partenaires couvrant plus de 60 pays !","robots":{"index":"index","follow":"follow","max-snippet":"max-snippet:-1","max-image-preview":"max-image-preview:large","max-video-preview":"max-video-preview:-1"},"canonical":"https:\/\/www.inuvika.com\/fr\/ou-acheter\/","og_locale":"fr_FR","og_type":"article","og_title":"Where to Buy - Inuvika","og_description":"Find a partner to buy Inuvika OVD Enterprise from today from our worldwide partner network spanning over 60 countries!","og_url":"https:\/\/www.inuvika.com\/fr\/ou-acheter\/","og_site_name":"Inuvika","article_publisher":"https:\/\/www.facebook.com\/inuvika\/","article_modified_time":"2026-04-08T11:15:15+00:00","og_image":[{"width":718,"height":169,"url":"https:\/\/www.inuvika.com\/wp-content\/uploads\/2018\/10\/inuvika-logo.jpg","type":"image\/jpeg"}],"twitter_card":"summary_large_image","twitter_site":"@InuvikaInc","twitter_misc":{"Dur\u00e9e de lecture estim\u00e9e":"1 minute"},"schema":{"@context":"https:\/\/schema.org","@graph":[{"@type":"WebPage","@id":"https:\/\/www.inuvika.com\/where-to-buy\/","url":"https:\/\/www.inuvika.com\/where-to-buy\/","name":"O\u00f9 acheter - Inuvika","isPartOf":{"@id":"https:\/\/www.inuvika.com\/#website"},"datePublished":"2024-04-15T13:21:48+00:00","dateModified":"2026-04-08T11:15:15+00:00","description":"Trouvez un partenaire pour acheter Inuvika OVD Enterprise d\u00e8s aujourd'hui gr\u00e2ce \u00e0 notre r\u00e9seau mondial de partenaires couvrant plus de 60 pays !","breadcrumb":{"@id":"https:\/\/www.inuvika.com\/where-to-buy\/#breadcrumb"},"inLanguage":"fr-FR","potentialAction":[{"@type":"ReadAction","target":["https:\/\/www.inuvika.com\/where-to-buy\/"]}]},{"@type":"BreadcrumbList","@id":"https:\/\/www.inuvika.com\/where-to-buy\/#breadcrumb","itemListElement":[{"@type":"ListItem","position":1,"name":"Home","item":"https:\/\/www.inuvika.com\/"},{"@type":"ListItem","position":2,"name":"Where to Buy"}]},{"@type":"WebSite","@id":"https:\/\/www.inuvika.com\/#website","url":"https:\/\/www.inuvika.com\/","name":"inuvika.com","description":"Apps + Desktops sur n'importe quel appareil !","publisher":{"@id":"https:\/\/www.inuvika.com\/#organization"},"potentialAction":[{"@type":"SearchAction","target":{"@type":"EntryPoint","urlTemplate":"https:\/\/www.inuvika.com\/?s={search_term_string}"},"query-input":{"@type":"PropertyValueSpecification","valueRequired":true,"valueName":"search_term_string"}}],"inLanguage":"fr-FR"},{"@type":"Organization","@id":"https:\/\/www.inuvika.com\/#organization","name":"Inuvika Inc","url":"https:\/\/www.inuvika.com\/","logo":{"@type":"ImageObject","inLanguage":"fr-FR","@id":"https:\/\/www.inuvika.com\/#\/schema\/logo\/image\/","url":"https:\/\/www.inuvika.com\/wp-content\/uploads\/2018\/10\/inuvika-logo.png","contentUrl":"https:\/\/www.inuvika.com\/wp-content\/uploads\/2018\/10\/inuvika-logo.png","width":718,"height":169,"caption":"Inuvika Inc"},"image":{"@id":"https:\/\/www.inuvika.com\/#\/schema\/logo\/image\/"},"sameAs":["https:\/\/www.facebook.com\/inuvika\/","https:\/\/x.com\/InuvikaInc","https:\/\/www.linkedin.com\/company\/inuvika-inc-\/","https:\/\/www.youtube.com\/channel\/UC4nWPydrDItH1KMWqfQw8aA"]}]}},"brizy_media":[{"id":16852,"url":"https:\/\/www.inuvika.com\/wp-content\/uploads\/2023\/02\/Inuvika-BookDemo.jpg","name":"Inuvika-BookDemo.jpg","meta":{"brizy_attachment_uid":"wp-400d059f2d252cd5a55c50f575cc1a8b.jpg","brizy_post_uid":["1da676a599e689480dcbc6e8826efe65"]}}],"_links":{"self":[{"href":"https:\/\/www.inuvika.com\/fr\/wp-json\/wp\/v2\/pages\/19561","targetHints":{"allow":["GET"]}}],"collection":[{"href":"https:\/\/www.inuvika.com\/fr\/wp-json\/wp\/v2\/pages"}],"about":[{"href":"https:\/\/www.inuvika.com\/fr\/wp-json\/wp\/v2\/types\/page"}],"author":[{"embeddable":true,"href":"https:\/\/www.inuvika.com\/fr\/wp-json\/wp\/v2\/users\/532"}],"replies":[{"embeddable":true,"href":"https:\/\/www.inuvika.com\/fr\/wp-json\/wp\/v2\/comments?post=19561"}],"version-history":[{"count":0,"href":"https:\/\/www.inuvika.com\/fr\/wp-json\/wp\/v2\/pages\/19561\/revisions"}],"wp:attachment":[{"href":"https:\/\/www.inuvika.com\/fr\/wp-json\/wp\/v2\/media?parent=19561"}],"curies":[{"name":"wp","href":"https:\/\/api.w.org\/{rel}","templated":true}]}}