{"id":9397,"date":"2021-02-26T16:37:08","date_gmt":"2021-02-26T20:37:08","guid":{"rendered":"https:\/\/newsite.inuvika.com\/?page_id=9397"},"modified":"2026-04-08T06:32:10","modified_gmt":"2026-04-08T10:32:10","slug":"2fa","status":"publish","type":"page","link":"https:\/\/www.inuvika.com\/es\/ovd_overview\/2fa\/","title":{"rendered":"Autenticaci\u00f3n de dos factores"},"content":{"rendered":"<div class=\"brz-root__container brz-reset-all brz brz-root__container-page\"><\/div>\n<p>    <!-- version:1737157160 --><\/p>","protected":false},"excerpt":{"rendered":"","protected":false},"author":5,"featured_media":0,"parent":12714,"menu_order":16,"comment_status":"closed","ping_status":"closed","template":"","meta":{"footnotes":""},"class_list":["post-9397","page","type-page","status-publish","hentry"],"blocksy_meta":[],"yoast_head":"<!-- This site is optimized with the Yoast SEO plugin v27.4 - https:\/\/yoast.com\/product\/yoast-seo-wordpress\/ -->\n<title>Inuvika Two Factor Authentication | Authenticator app for iOS and Android<\/title>\n<meta name=\"description\" content=\"With Inuvika Two Factor Authentication, you add additional security to your OVD Enteprise 3.0 account using your phone. Read more &gt;\" \/>\n<meta name=\"robots\" content=\"noindex, nofollow\" \/>\n<meta property=\"og:locale\" content=\"es_ES\" \/>\n<meta property=\"og:type\" content=\"article\" \/>\n<meta property=\"og:title\" content=\"Inuvika Two Factor Authentication | Authenticator app for iOS and Android\" \/>\n<meta property=\"og:description\" content=\"With Inuvika Two Factor Authentication, you add additional security to your OVD Enteprise 3.0 account using your phone. Read more &gt;\" \/>\n<meta property=\"og:url\" content=\"https:\/\/www.inuvika.com\/es\/ovd_overview\/2fa\/\" \/>\n<meta property=\"og:site_name\" content=\"Inuvika\" \/>\n<meta property=\"article:publisher\" content=\"https:\/\/www.facebook.com\/inuvika\/\" \/>\n<meta property=\"article:modified_time\" content=\"2026-04-08T10:32:10+00:00\" \/>\n<meta property=\"og:image\" content=\"https:\/\/www.inuvika.com\/wp-content\/uploads\/2018\/10\/inuvika-logo.jpg\" \/>\n\t<meta property=\"og:image:width\" content=\"718\" \/>\n\t<meta property=\"og:image:height\" content=\"169\" \/>\n\t<meta property=\"og:image:type\" content=\"image\/jpeg\" \/>\n<meta name=\"twitter:card\" content=\"summary_large_image\" \/>\n<meta name=\"twitter:site\" content=\"@InuvikaInc\" \/>\n<script type=\"application\/ld+json\" class=\"yoast-schema-graph\">{\"@context\":\"https:\\\/\\\/schema.org\",\"@graph\":[{\"@type\":\"WebPage\",\"@id\":\"https:\\\/\\\/www.inuvika.com\\\/de\\\/ovd_overview\\\/2fa\\\/\",\"url\":\"https:\\\/\\\/www.inuvika.com\\\/de\\\/ovd_overview\\\/2fa\\\/\",\"name\":\"Inuvika Two Factor Authentication | Authenticator app for iOS and Android\",\"isPartOf\":{\"@id\":\"https:\\\/\\\/www.inuvika.com\\\/#website\"},\"datePublished\":\"2021-02-26T20:37:08+00:00\",\"dateModified\":\"2026-04-08T10:32:10+00:00\",\"description\":\"With Inuvika Two Factor Authentication, you add additional security to your OVD Enteprise 3.0 account using your phone. Read more >\",\"breadcrumb\":{\"@id\":\"https:\\\/\\\/www.inuvika.com\\\/de\\\/ovd_overview\\\/2fa\\\/#breadcrumb\"},\"inLanguage\":\"es\",\"potentialAction\":[{\"@type\":\"ReadAction\",\"target\":[\"https:\\\/\\\/www.inuvika.com\\\/de\\\/ovd_overview\\\/2fa\\\/\"]}]},{\"@type\":\"BreadcrumbList\",\"@id\":\"https:\\\/\\\/www.inuvika.com\\\/de\\\/ovd_overview\\\/2fa\\\/#breadcrumb\",\"itemListElement\":[{\"@type\":\"ListItem\",\"position\":1,\"name\":\"Home\",\"item\":\"https:\\\/\\\/www.inuvika.com\\\/\"},{\"@type\":\"ListItem\",\"position\":2,\"name\":\"OVD Enterprise Overview\",\"item\":\"https:\\\/\\\/www.inuvika.com\\\/ovd_overview\\\/\"},{\"@type\":\"ListItem\",\"position\":3,\"name\":\"Two Factor Authentication\"}]},{\"@type\":\"WebSite\",\"@id\":\"https:\\\/\\\/www.inuvika.com\\\/#website\",\"url\":\"https:\\\/\\\/www.inuvika.com\\\/\",\"name\":\"inuvika.com\",\"description\":\"Apps + Desktops to any device!\",\"publisher\":{\"@id\":\"https:\\\/\\\/www.inuvika.com\\\/#organization\"},\"potentialAction\":[{\"@type\":\"SearchAction\",\"target\":{\"@type\":\"EntryPoint\",\"urlTemplate\":\"https:\\\/\\\/www.inuvika.com\\\/?s={search_term_string}\"},\"query-input\":{\"@type\":\"PropertyValueSpecification\",\"valueRequired\":true,\"valueName\":\"search_term_string\"}}],\"inLanguage\":\"es\"},{\"@type\":\"Organization\",\"@id\":\"https:\\\/\\\/www.inuvika.com\\\/#organization\",\"name\":\"Inuvika Inc\",\"url\":\"https:\\\/\\\/www.inuvika.com\\\/\",\"logo\":{\"@type\":\"ImageObject\",\"inLanguage\":\"es\",\"@id\":\"https:\\\/\\\/www.inuvika.com\\\/#\\\/schema\\\/logo\\\/image\\\/\",\"url\":\"https:\\\/\\\/www.inuvika.com\\\/wp-content\\\/uploads\\\/2018\\\/10\\\/inuvika-logo.png\",\"contentUrl\":\"https:\\\/\\\/www.inuvika.com\\\/wp-content\\\/uploads\\\/2018\\\/10\\\/inuvika-logo.png\",\"width\":718,\"height\":169,\"caption\":\"Inuvika Inc\"},\"image\":{\"@id\":\"https:\\\/\\\/www.inuvika.com\\\/#\\\/schema\\\/logo\\\/image\\\/\"},\"sameAs\":[\"https:\\\/\\\/www.facebook.com\\\/inuvika\\\/\",\"https:\\\/\\\/x.com\\\/InuvikaInc\",\"https:\\\/\\\/www.linkedin.com\\\/company\\\/inuvika-inc-\\\/\",\"https:\\\/\\\/www.youtube.com\\\/channel\\\/UC4nWPydrDItH1KMWqfQw8aA\"]}]}<\/script>\n<!-- \/ Yoast SEO plugin. -->","yoast_head_json":{"title":"Aplicaci\u00f3n Inuvika Two Factor Authentication | Authenticator para iOS y Android","description":"Con Inuvika Two Factor Authentication, puede a\u00f1adir seguridad adicional a su cuenta OVD Enteprise 3.0 utilizando su tel\u00e9fono. Leer m\u00e1s &gt;","robots":{"index":"noindex","follow":"nofollow"},"og_locale":"es_ES","og_type":"article","og_title":"Inuvika Two Factor Authentication | Authenticator app for iOS and Android","og_description":"With Inuvika Two Factor Authentication, you add additional security to your OVD Enteprise 3.0 account using your phone. Read more >","og_url":"https:\/\/www.inuvika.com\/es\/ovd_overview\/2fa\/","og_site_name":"Inuvika","article_publisher":"https:\/\/www.facebook.com\/inuvika\/","article_modified_time":"2026-04-08T10:32:10+00:00","og_image":[{"width":718,"height":169,"url":"https:\/\/www.inuvika.com\/wp-content\/uploads\/2018\/10\/inuvika-logo.jpg","type":"image\/jpeg"}],"twitter_card":"summary_large_image","twitter_site":"@InuvikaInc","schema":{"@context":"https:\/\/schema.org","@graph":[{"@type":"WebPage","@id":"https:\/\/www.inuvika.com\/de\/ovd_overview\/2fa\/","url":"https:\/\/www.inuvika.com\/de\/ovd_overview\/2fa\/","name":"Aplicaci\u00f3n Inuvika Two Factor Authentication | Authenticator para iOS y Android","isPartOf":{"@id":"https:\/\/www.inuvika.com\/#website"},"datePublished":"2021-02-26T20:37:08+00:00","dateModified":"2026-04-08T10:32:10+00:00","description":"Con Inuvika Two Factor Authentication, puede a\u00f1adir seguridad adicional a su cuenta OVD Enteprise 3.0 utilizando su tel\u00e9fono. Leer m\u00e1s &gt;","breadcrumb":{"@id":"https:\/\/www.inuvika.com\/de\/ovd_overview\/2fa\/#breadcrumb"},"inLanguage":"es","potentialAction":[{"@type":"ReadAction","target":["https:\/\/www.inuvika.com\/de\/ovd_overview\/2fa\/"]}]},{"@type":"BreadcrumbList","@id":"https:\/\/www.inuvika.com\/de\/ovd_overview\/2fa\/#breadcrumb","itemListElement":[{"@type":"ListItem","position":1,"name":"Home","item":"https:\/\/www.inuvika.com\/"},{"@type":"ListItem","position":2,"name":"OVD Enterprise Overview","item":"https:\/\/www.inuvika.com\/ovd_overview\/"},{"@type":"ListItem","position":3,"name":"Two Factor Authentication"}]},{"@type":"WebSite","@id":"https:\/\/www.inuvika.com\/#website","url":"https:\/\/www.inuvika.com\/","name":"inuvika.com","description":"Aplicaciones y escritorios en cualquier dispositivo","publisher":{"@id":"https:\/\/www.inuvika.com\/#organization"},"potentialAction":[{"@type":"SearchAction","target":{"@type":"EntryPoint","urlTemplate":"https:\/\/www.inuvika.com\/?s={search_term_string}"},"query-input":{"@type":"PropertyValueSpecification","valueRequired":true,"valueName":"search_term_string"}}],"inLanguage":"es"},{"@type":"Organization","@id":"https:\/\/www.inuvika.com\/#organization","name":"Inuvika Inc","url":"https:\/\/www.inuvika.com\/","logo":{"@type":"ImageObject","inLanguage":"es","@id":"https:\/\/www.inuvika.com\/#\/schema\/logo\/image\/","url":"https:\/\/www.inuvika.com\/wp-content\/uploads\/2018\/10\/inuvika-logo.png","contentUrl":"https:\/\/www.inuvika.com\/wp-content\/uploads\/2018\/10\/inuvika-logo.png","width":718,"height":169,"caption":"Inuvika Inc"},"image":{"@id":"https:\/\/www.inuvika.com\/#\/schema\/logo\/image\/"},"sameAs":["https:\/\/www.facebook.com\/inuvika\/","https:\/\/x.com\/InuvikaInc","https:\/\/www.linkedin.com\/company\/inuvika-inc-\/","https:\/\/www.youtube.com\/channel\/UC4nWPydrDItH1KMWqfQw8aA"]}]}},"brizy_media":[],"_links":{"self":[{"href":"https:\/\/www.inuvika.com\/es\/wp-json\/wp\/v2\/pages\/9397","targetHints":{"allow":["GET"]}}],"collection":[{"href":"https:\/\/www.inuvika.com\/es\/wp-json\/wp\/v2\/pages"}],"about":[{"href":"https:\/\/www.inuvika.com\/es\/wp-json\/wp\/v2\/types\/page"}],"author":[{"embeddable":true,"href":"https:\/\/www.inuvika.com\/es\/wp-json\/wp\/v2\/users\/5"}],"replies":[{"embeddable":true,"href":"https:\/\/www.inuvika.com\/es\/wp-json\/wp\/v2\/comments?post=9397"}],"version-history":[{"count":0,"href":"https:\/\/www.inuvika.com\/es\/wp-json\/wp\/v2\/pages\/9397\/revisions"}],"up":[{"embeddable":true,"href":"https:\/\/www.inuvika.com\/es\/wp-json\/wp\/v2\/pages\/12714"}],"wp:attachment":[{"href":"https:\/\/www.inuvika.com\/es\/wp-json\/wp\/v2\/media?parent=9397"}],"curies":[{"name":"wp","href":"https:\/\/api.w.org\/{rel}","templated":true}]}}