{"id":35619,"date":"2026-02-10T12:57:06","date_gmt":"2026-02-10T16:57:06","guid":{"rendered":"https:\/\/www.inuvika.com\/?page_id=35619"},"modified":"2026-04-08T06:56:38","modified_gmt":"2026-04-08T10:56:38","slug":"hojas-de-datos-libros-blancos","status":"publish","type":"page","link":"https:\/\/www.inuvika.com\/es\/datasheets-whitepapers\/","title":{"rendered":"Fichas t\u00e9cnicas y libros blancos"},"content":{"rendered":"<div class=\"brz brz-root__container brz-reset-all brz-root__container-page\">\n<section id=\"gIoa9u2NnbCc_gIoa9u2NnbCc\" class=\"brz-section brz-css-d-section brz-css-ul09d8\">\n<div class=\"brz-section__content brz-section--boxed brz-css-d-sectionitem-bg brz-css-1qe0ib2\" data-brz-custom-id=\"hsJE95GbOloP\">\n<div class=\"brz-bg\">\n<div class=\"brz-bg-color\"><\/div>\n<div class=\"brz-bg-shape brz-bg-shape__bottom\"><\/div>\n<\/div>\n<div class=\"brz-container brz-css-d-sectionitem-container brz-css-zm0fza\">\n<div class=\"brz-row__container brz-css-d-row-row brz-css-1sdmqop\" data-brz-custom-id=\"rbiuhePINddB\">\n<div class=\"brz-row brz-css-d-row-container brz-css-r-row-container brz-css-1o86fc6\">\n<div class=\"brz-columns brz-css-d-column-column brz-css-1b1it8y\" data-brz-custom-id=\"pdXKVCpIhpfD\">\n<div class=\"brz-column__items brz-css-d-column-bg brz-css-9tboqy\">\n<div id=\"\" class=\"brz-css-d-wrapper brz-css-w3zibw brz-wrapper\">\n<div class=\"brz-wp-title brz-css-d-wppoststitle brz-css-osgan9\" data-brz-custom-id=\"agnDQlk2cXmj\"><span class=\"brz-wp-title-content\" style=\"min-height:20px\">Fichas t\u00e9cnicas y libros blancos<\/span><\/div>\n<\/div>\n<\/div>\n<\/div>\n<div class=\"brz-columns brz-css-d-column-column brz-css-t2qvxb\" data-brz-custom-id=\"epZTDNDs_ayN\">\n<div class=\"brz-column__items brz-css-d-column-bg brz-css-1tq5ayn\">\n<div class=\"brz-wrapper-clone brz-flex-xs-wrap brz-css-d-cloneable brz-css-z7uhq4\" data-brz-custom-id=\"bgCmvR6l5As5\"><a class=\"brz-a brz-btn brz-css-d-button brz-css-h92dbz brz-css-d-button-bg brz-css-lwnjxu\" target=\"_self\" rel=\"noopener\" href=\"https:\/\/www.inuvika.com\/es\/recursos\/\" data-brz-link-type=\"external\" data-brz-custom-id=\"fj5mwEHeeh1F\"><span data-brz-translate-text=\"1\" class=\"brz-span brz-text__editor\">Volver a Recursos<\/span><\/a><\/div>\n<\/div>\n<\/div>\n<\/div>\n<\/div>\n<\/div>\n<\/div>\n<\/section>\n<section id=\"j6HhTi5gpnhu_j6HhTi5gpnhu\" class=\"brz-section brz-css-d-section brz-css-1iaiwgf\">\n<div class=\"brz-section__content brz-section--boxed brz-css-d-sectionitem-bg brz-css-1iijx5u\" data-brz-custom-id=\"ks19gZtdGsc4\">\n<div class=\"brz-container brz-css-d-sectionitem-container brz-css-4mhgrn\">\n<div id=\"\" class=\"brz-css-d-wrapper brz-css-r-wrapper brz-css-h5zao9 brz-wrapper\">\n<div class=\"brz-posts brz-css-d-posts brz-css-mbmexl\" data-brz-custom-id=\"n58jAktupAdB\">\n<div class=\"brz-posts__wrapper\">\n<div class=\"brz-posts__item\">\n<div class=\"brz-columns brz-css-d-column-column brz-css-r-column-column brz-css-130ve76\" data-brz-custom-id=\"tPEVxVJXC5lJ\">\n<div class=\"brz-column__items brz-css-d-column-bg brz-css-3glet5\">\n<div id=\"\" class=\"brz-css-d-wrapper brz-css-yu7ght brz-wrapper\">\n<div class=\"brz-image brz-css-d-image-owmjxg70clou-parent brz-css-8f0cxe\" data-brz-custom-id=\"owmJXg70clOu\"><img decoding=\"async\" class=\"brz-img\" src=\"https:\/\/www.inuvika.com\/wp-content\/uploads\/brizy\/imgs\/ResoluteOS_Resources_tile_800_400-526x263x88x0x350x263x1756393204.webp\" loading=\"lazy\" title=\"\"><\/div>\n<\/div>\n<div id=\"\" class=\"brz-css-d-wrapper brz-css-16m1o8y brz-wrapper\">\n<div class=\"brz-wp-title brz-css-d-wppoststitle brz-css-r-wppoststitle brz-css-1ybgjsr\" data-brz-custom-id=\"jVCTnDPH8zPe\"><span class=\"brz-wp-title-content\" style=\"min-height:20px\">ResoluteOS\u2122 Descripci\u00f3n general - Ficha t\u00e9cnica<\/span><\/div>\n<\/div>\n<div id=\"\" class=\"brz-css-d-wrapper brz-css-e9a0rp brz-wrapper\">\n<div class=\"brz-wp-post-excerpt brz-css-d-wppostexcerpt brz-css-r-wppostexcerpt brz-css-55bcz3\" data-brz-custom-id=\"pN160FcPw_jd\"><span class=\"brz-wp-post-excerpt-content\" style=\"min-height:20px\">ResoluteOS es el sistema operativo Linux para clientes ligeros de Inuvika que proporciona de forma segura aplicaciones y escritorios virtuales OVD de Inuvika a cualquier dispositivo. Dise\u00f1ado para ofrecer rendimiento y simplicidad, transforma el hardware existente en puntos finales seguros y gestionados de forma centralizada. ResoluteOS combina tiempos de arranque r\u00e1pidos, una huella m\u00ednima y un control de nivel empresarial, lo que permite una experiencia de espacio de trabajo moderna desde pr\u00e1cticamente cualquier lugar. Descargar este informe<\/span><\/div>\n<\/div>\n<div id=\"readmore\" class=\"brz-wrapper-clone brz-flex-xs-wrap brz-css-d-cloneable brz-css-hp189i\" data-brz-custom-id=\"bPWditVMojXY\"><a class=\"brz-a brz-btn brz-css-d-button brz-css-1en0s4x brz-css-d-button-bg brz-css-r-button-bg brz-css-3oxn7o\" target=\"_self\" rel=\"noopener\" href=\"https:\/\/www.inuvika.com\/es\/recursos\/resoluteos-ficha-tecnica\/\" data-brz-link-type=\"external\" data-brz-custom-id=\"uMjPVLof7NGI\"><span data-brz-translate-text=\"1\" class=\"brz-span brz-text__editor\">LEER M\u00c1S<\/span><\/a><\/div>\n<\/div>\n<\/div>\n<\/div>\n<div class=\"brz-posts__item\">\n<div class=\"brz-columns brz-css-d-column-column brz-css-r-column-column brz-css-130ve76\" data-brz-custom-id=\"tPEVxVJXC5lJ\">\n<div class=\"brz-column__items brz-css-d-column-bg brz-css-3glet5\">\n<div id=\"\" class=\"brz-css-d-wrapper brz-css-yu7ght brz-wrapper\">\n<div class=\"brz-image brz-css-d-image-owmjxg70clou-parent brz-css-8f0cxe\" data-brz-custom-id=\"owmJXg70clOu\"><img decoding=\"async\" class=\"brz-img\" src=\"https:\/\/www.inuvika.com\/wp-content\/uploads\/brizy\/imgs\/inuvikalogodevices-397x263x23x0x350x263x1755797359.png\" loading=\"lazy\" title=\"\"><\/div>\n<\/div>\n<div id=\"\" class=\"brz-css-d-wrapper brz-css-16m1o8y brz-wrapper\">\n<div class=\"brz-wp-title brz-css-d-wppoststitle brz-css-r-wppoststitle brz-css-1ybgjsr\" data-brz-custom-id=\"jVCTnDPH8zPe\"><span class=\"brz-wp-title-content\" style=\"min-height:20px\">Visi\u00f3n general de OVD Enterprise - Hoja de datos<\/span><\/div>\n<\/div>\n<div id=\"\" class=\"brz-css-d-wrapper brz-css-e9a0rp brz-wrapper\">\n<div class=\"brz-wp-post-excerpt brz-css-d-wppostexcerpt brz-css-r-wppostexcerpt brz-css-55bcz3\" data-brz-custom-id=\"pN160FcPw_jd\"><span class=\"brz-wp-post-excerpt-content\" style=\"min-height:20px\">Inuvika OVD Enterprise ofrece aplicaciones y escritorios Windows y Linux a los usuarios en cualquier dispositivo y en cualquier lugar. Se trata de una s\u00f3lida soluci\u00f3n de aplicaciones virtualizadas que centraliza los datos y las aplicaciones y protege la informaci\u00f3n confidencial de la empresa, al tiempo que crea entornos de espacio de trabajo digital seguros y accesibles de forma remota. Descargar este informe<\/span><\/div>\n<\/div>\n<div id=\"readmore\" class=\"brz-wrapper-clone brz-flex-xs-wrap brz-css-d-cloneable brz-css-hp189i\" data-brz-custom-id=\"bPWditVMojXY\"><a class=\"brz-a brz-btn brz-css-d-button brz-css-1en0s4x brz-css-d-button-bg brz-css-r-button-bg brz-css-3oxn7o\" target=\"_self\" rel=\"noopener\" href=\"https:\/\/www.inuvika.com\/es\/recursos\/ficha-tecnica-de-ovd-enterprise\/\" data-brz-link-type=\"external\" data-brz-custom-id=\"uMjPVLof7NGI\"><span data-brz-translate-text=\"1\" class=\"brz-span brz-text__editor\">LEER M\u00c1S<\/span><\/a><\/div>\n<\/div>\n<\/div>\n<\/div>\n<div class=\"brz-posts__item\">\n<div class=\"brz-columns brz-css-d-column-column brz-css-r-column-column brz-css-130ve76\" data-brz-custom-id=\"tPEVxVJXC5lJ\">\n<div class=\"brz-column__items brz-css-d-column-bg brz-css-3glet5\">\n<div id=\"\" class=\"brz-css-d-wrapper brz-css-yu7ght brz-wrapper\">\n<div class=\"brz-image brz-css-d-image-owmjxg70clou-parent brz-css-8f0cxe\" data-brz-custom-id=\"owmJXg70clOu\"><img decoding=\"async\" class=\"brz-img\" src=\"https:\/\/www.inuvika.com\/wp-content\/uploads\/brizy\/imgs\/16076-393x263x21x0x350x263x1758902986.jpg\" loading=\"lazy\" title=\"Alternativa a Citrix Workspace\"><\/div>\n<\/div>\n<div id=\"\" class=\"brz-css-d-wrapper brz-css-16m1o8y brz-wrapper\">\n<div class=\"brz-wp-title brz-css-d-wppoststitle brz-css-r-wppoststitle brz-css-1ybgjsr\" data-brz-custom-id=\"jVCTnDPH8zPe\"><span class=\"brz-wp-title-content\" style=\"min-height:20px\">La alternativa a Citrix y VMware<\/span><\/div>\n<\/div>\n<div id=\"\" class=\"brz-css-d-wrapper brz-css-e9a0rp brz-wrapper\">\n<div class=\"brz-wp-post-excerpt brz-css-d-wppostexcerpt brz-css-r-wppostexcerpt brz-css-55bcz3\" data-brz-custom-id=\"pN160FcPw_jd\"><span class=\"brz-wp-post-excerpt-content\" style=\"min-height:20px\">OVD Enterprise elimina la complejidad y reduce los costes asociados a Citrix y VMware. Proporciona una soluci\u00f3n integrada y directa que es r\u00e1pida y f\u00e1cil de implementar, sencilla de gestionar y ofrece una gran experiencia de usuario. Descargar este Whitepaper<\/span><\/div>\n<\/div>\n<div id=\"readmore\" class=\"brz-wrapper-clone brz-flex-xs-wrap brz-css-d-cloneable brz-css-hp189i\" data-brz-custom-id=\"bPWditVMojXY\"><a class=\"brz-a brz-btn brz-css-d-button brz-css-1en0s4x brz-css-d-button-bg brz-css-r-button-bg brz-css-3oxn7o\" target=\"_self\" rel=\"noopener\" href=\"https:\/\/www.inuvika.com\/es\/recursos\/la-alternativa-a-citrix-y-vmware\/\" data-brz-link-type=\"external\" data-brz-custom-id=\"uMjPVLof7NGI\"><span data-brz-translate-text=\"1\" class=\"brz-span brz-text__editor\">LEER M\u00c1S<\/span><\/a><\/div>\n<\/div>\n<\/div>\n<\/div>\n<div class=\"brz-posts__item\">\n<div class=\"brz-columns brz-css-d-column-column brz-css-r-column-column brz-css-130ve76\" data-brz-custom-id=\"tPEVxVJXC5lJ\">\n<div class=\"brz-column__items brz-css-d-column-bg brz-css-3glet5\">\n<div id=\"\" class=\"brz-css-d-wrapper brz-css-yu7ght brz-wrapper\">\n<div class=\"brz-image brz-css-d-image-owmjxg70clou-parent brz-css-8f0cxe\" data-brz-custom-id=\"owmJXg70clOu\"><img decoding=\"async\" class=\"brz-img\" src=\"https:\/\/www.inuvika.com\/wp-content\/uploads\/brizy\/imgs\/Screenshot-2026-02-02-at-23-41-22-Remote-Access-Business-Continuity-v1-03-25-20.pdf-436x263x43x0x350x263x1770055901.png\" loading=\"lazy\" title=\"\"><\/div>\n<\/div>\n<div id=\"\" class=\"brz-css-d-wrapper brz-css-16m1o8y brz-wrapper\">\n<div class=\"brz-wp-title brz-css-d-wppoststitle brz-css-r-wppoststitle brz-css-1ybgjsr\" data-brz-custom-id=\"jVCTnDPH8zPe\"><span class=\"brz-wp-title-content\" style=\"min-height:20px\">Acceso remoto y continuidad de la actividad<\/span><\/div>\n<\/div>\n<div id=\"\" class=\"brz-css-d-wrapper brz-css-e9a0rp brz-wrapper\">\n<div class=\"brz-wp-post-excerpt brz-css-d-wppostexcerpt brz-css-r-wppostexcerpt brz-css-55bcz3\" data-brz-custom-id=\"pN160FcPw_jd\"><span class=\"brz-wp-post-excerpt-content\" style=\"min-height:20px\">Con una lista cada vez mayor de riesgos para las empresas, la necesidad de planificar la continuidad del negocio es m\u00e1s cr\u00edtica que nunca. Las interrupciones actuales pueden ser tanto de origen humano (por ejemplo, acciones laborales y amenazas cibern\u00e9ticas) como natural (por ejemplo, emergencias de salud p\u00fablica y terremotos), por lo que necesita preparar su negocio para lo inesperado. Descargar este informe<\/span><\/div>\n<\/div>\n<div id=\"readmore\" class=\"brz-wrapper-clone brz-flex-xs-wrap brz-css-d-cloneable brz-css-hp189i\" data-brz-custom-id=\"bPWditVMojXY\"><a class=\"brz-a brz-btn brz-css-d-button brz-css-1en0s4x brz-css-d-button-bg brz-css-r-button-bg brz-css-3oxn7o\" target=\"_self\" rel=\"noopener\" href=\"https:\/\/www.inuvika.com\/es\/recursos\/acceso-remoto-y-continuidad-de-la-actividad\/\" data-brz-link-type=\"external\" data-brz-custom-id=\"uMjPVLof7NGI\"><span data-brz-translate-text=\"1\" class=\"brz-span brz-text__editor\">LEER M\u00c1S<\/span><\/a><\/div>\n<\/div>\n<\/div>\n<\/div>\n<div class=\"brz-posts__item\">\n<div class=\"brz-columns brz-css-d-column-column brz-css-r-column-column brz-css-130ve76\" data-brz-custom-id=\"tPEVxVJXC5lJ\">\n<div class=\"brz-column__items brz-css-d-column-bg brz-css-3glet5\">\n<div id=\"\" class=\"brz-css-d-wrapper brz-css-yu7ght brz-wrapper\">\n<div class=\"brz-image brz-css-d-image-owmjxg70clou-parent brz-css-8f0cxe\" data-brz-custom-id=\"owmJXg70clOu\"><img decoding=\"async\" class=\"brz-img\" src=\"https:\/\/www.inuvika.com\/wp-content\/uploads\/brizy\/imgs\/Screenshot-2026-01-23-at-21-59-29-Solution-Brief-Appl-Virtualization-in-Education-.pdf-421x263x35x0x350x263x1769185779.png\" loading=\"lazy\" title=\"\"><\/div>\n<\/div>\n<div id=\"\" class=\"brz-css-d-wrapper brz-css-16m1o8y brz-wrapper\">\n<div class=\"brz-wp-title brz-css-d-wppoststitle brz-css-r-wppoststitle brz-css-1ybgjsr\" data-brz-custom-id=\"jVCTnDPH8zPe\"><span class=\"brz-wp-title-content\" style=\"min-height:20px\">Entrega de aplicaciones para la educaci\u00f3n, de forma inteligente<\/span><\/div>\n<\/div>\n<div id=\"\" class=\"brz-css-d-wrapper brz-css-e9a0rp brz-wrapper\">\n<div class=\"brz-wp-post-excerpt brz-css-d-wppostexcerpt brz-css-r-wppostexcerpt brz-css-55bcz3\" data-brz-custom-id=\"pN160FcPw_jd\"><span class=\"brz-wp-post-excerpt-content\" style=\"min-height:20px\">La ense\u00f1anza ha cambiado considerablemente desde la pandemia. Aunque el aprendizaje basado en la tecnolog\u00eda digital ya estaba teniendo un enorme impacto en la forma en que se imparte la educaci\u00f3n hoy en d\u00eda, el problema principal que sigue existiendo es la naturaleza est\u00e1tica de su impartici\u00f3n. Descargar este informe<\/span><\/div>\n<\/div>\n<div id=\"readmore\" class=\"brz-wrapper-clone brz-flex-xs-wrap brz-css-d-cloneable brz-css-hp189i\" data-brz-custom-id=\"bPWditVMojXY\"><a class=\"brz-a brz-btn brz-css-d-button brz-css-1en0s4x brz-css-d-button-bg brz-css-r-button-bg brz-css-3oxn7o\" target=\"_self\" rel=\"noopener\" href=\"https:\/\/www.inuvika.com\/es\/recursos\/entrega-inteligente-de-aplicaciones-educativas\/\" data-brz-link-type=\"external\" data-brz-custom-id=\"uMjPVLof7NGI\"><span data-brz-translate-text=\"1\" class=\"brz-span brz-text__editor\">LEER M\u00c1S<\/span><\/a><\/div>\n<\/div>\n<\/div>\n<\/div>\n<div class=\"brz-posts__item\">\n<div class=\"brz-columns brz-css-d-column-column brz-css-r-column-column brz-css-130ve76\" data-brz-custom-id=\"tPEVxVJXC5lJ\">\n<div class=\"brz-column__items brz-css-d-column-bg brz-css-3glet5\">\n<div id=\"\" class=\"brz-css-d-wrapper brz-css-yu7ght brz-wrapper\">\n<div class=\"brz-image brz-css-d-image-owmjxg70clou-parent brz-css-8f0cxe\" data-brz-custom-id=\"owmJXg70clOu\"><img decoding=\"async\" class=\"brz-img\" src=\"https:\/\/www.inuvika.com\/wp-content\/uploads\/brizy\/imgs\/govback-394x263x22x0x350x263x1694616119.webp\" loading=\"lazy\" title=\"\"><\/div>\n<\/div>\n<div id=\"\" class=\"brz-css-d-wrapper brz-css-16m1o8y brz-wrapper\">\n<div class=\"brz-wp-title brz-css-d-wppoststitle brz-css-r-wppoststitle brz-css-1ybgjsr\" data-brz-custom-id=\"jVCTnDPH8zPe\"><span class=\"brz-wp-title-content\" style=\"min-height:20px\">C\u00f3mo la virtualizaci\u00f3n de aplicaciones de Inuvika reduce el coste de distribuci\u00f3n de aplicaciones<\/span><\/div>\n<\/div>\n<div id=\"\" class=\"brz-css-d-wrapper brz-css-e9a0rp brz-wrapper\">\n<div class=\"brz-wp-post-excerpt brz-css-d-wppostexcerpt brz-css-r-wppostexcerpt brz-css-55bcz3\" data-brz-custom-id=\"pN160FcPw_jd\"><span class=\"brz-wp-post-excerpt-content\" style=\"min-height:20px\">The way in which we work today has changed. That change was always coming. Slowly but surely, we were headed in the direction of working from wherever we chose to work from and using a multitude of different devices. Then the unthinkable happened. We found ourselves in the mid dle of a global pandemic. Covid had hit! Download This Whitepaper<\/span><\/div>\n<\/div>\n<div id=\"readmore\" class=\"brz-wrapper-clone brz-flex-xs-wrap brz-css-d-cloneable brz-css-hp189i\" data-brz-custom-id=\"bPWditVMojXY\"><a class=\"brz-a brz-btn brz-css-d-button brz-css-1en0s4x brz-css-d-button-bg brz-css-r-button-bg brz-css-3oxn7o\" target=\"_self\" rel=\"noopener\" href=\"https:\/\/www.inuvika.com\/es\/recursos\/como-la-virtualizacion-de-aplicaciones-inuvikas-reduce-el-coste-de-suministro-de-aplicaciones\/\" data-brz-link-type=\"external\" data-brz-custom-id=\"uMjPVLof7NGI\"><span data-brz-translate-text=\"1\" class=\"brz-span brz-text__editor\">LEER M\u00c1S<\/span><\/a><\/div>\n<\/div>\n<\/div>\n<\/div>\n<\/div>\n<div class=\"brz-posts__pagination\"><\/div>\n<\/div>\n<\/div>\n<\/div>\n<\/div>\n<\/section><\/div>\n<p><!-- version:1770223621 --><\/p>","protected":false},"excerpt":{"rendered":"<p>Datasheets &#038; Whitepapers Back to Resources ResoluteOS\u2122 Overview &#8211; Datasheet ResoluteOS is Inuvika\u2019s purpose-built Linux thin client OS that securely delivers Inuvika OVD virtual desktops and apps to any device. [&hellip;]<\/p>\n","protected":false},"author":532,"featured_media":0,"parent":0,"menu_order":0,"comment_status":"closed","ping_status":"closed","template":"","meta":{"footnotes":""},"class_list":["post-35619","page","type-page","status-publish","hentry"],"blocksy_meta":[],"yoast_head":"<!-- This site is optimized with the Yoast SEO plugin v27.3 - https:\/\/yoast.com\/product\/yoast-seo-wordpress\/ -->\n<title>Datasheets &#038; Whitepapers - Inuvika<\/title>\n<meta name=\"robots\" content=\"index, follow, max-snippet:-1, max-image-preview:large, max-video-preview:-1\" \/>\n<link rel=\"canonical\" href=\"https:\/\/www.inuvika.com\/es\/hojas-de-datos-libros-blancos\/\" \/>\n<meta property=\"og:locale\" content=\"es_ES\" \/>\n<meta property=\"og:type\" content=\"article\" \/>\n<meta property=\"og:title\" content=\"Datasheets &#038; Whitepapers - Inuvika\" \/>\n<meta property=\"og:description\" content=\"Datasheets &#038; Whitepapers Back to Resources ResoluteOS\u2122 Overview &#8211; Datasheet ResoluteOS is Inuvika\u2019s purpose-built Linux thin client OS that securely delivers Inuvika OVD virtual desktops and apps to any device. [&hellip;]\" \/>\n<meta property=\"og:url\" content=\"https:\/\/www.inuvika.com\/es\/hojas-de-datos-libros-blancos\/\" \/>\n<meta property=\"og:site_name\" content=\"Inuvika\" \/>\n<meta property=\"article:publisher\" content=\"https:\/\/www.facebook.com\/inuvika\/\" \/>\n<meta property=\"article:modified_time\" content=\"2026-04-08T10:56:38+00:00\" \/>\n<meta property=\"og:image\" content=\"https:\/\/www.inuvika.com\/wp-content\/uploads\/brizy\/imgs\/ResoluteOS_Resources_tile_800_400-526x263x88x0x350x263x1756393204.webp\" \/>\n<meta name=\"twitter:card\" content=\"summary_large_image\" \/>\n<meta name=\"twitter:site\" content=\"@InuvikaInc\" \/>\n<script type=\"application\/ld+json\" class=\"yoast-schema-graph\">{\"@context\":\"https:\\\/\\\/schema.org\",\"@graph\":[{\"@type\":\"WebPage\",\"@id\":\"https:\\\/\\\/www.inuvika.com\\\/fr\\\/datasheets-whitepapers\\\/\",\"url\":\"https:\\\/\\\/www.inuvika.com\\\/fr\\\/datasheets-whitepapers\\\/\",\"name\":\"Datasheets &#038; Whitepapers - Inuvika\",\"isPartOf\":{\"@id\":\"https:\\\/\\\/www.inuvika.com\\\/#website\"},\"primaryImageOfPage\":{\"@id\":\"https:\\\/\\\/www.inuvika.com\\\/fr\\\/datasheets-whitepapers\\\/#primaryimage\"},\"image\":{\"@id\":\"https:\\\/\\\/www.inuvika.com\\\/fr\\\/datasheets-whitepapers\\\/#primaryimage\"},\"thumbnailUrl\":\"https:\\\/\\\/www.inuvika.com\\\/wp-content\\\/uploads\\\/brizy\\\/imgs\\\/ResoluteOS_Resources_tile_800_400-526x263x88x0x350x263x1756393204.webp\",\"datePublished\":\"2026-02-10T16:57:06+00:00\",\"dateModified\":\"2026-04-08T10:56:38+00:00\",\"breadcrumb\":{\"@id\":\"https:\\\/\\\/www.inuvika.com\\\/fr\\\/datasheets-whitepapers\\\/#breadcrumb\"},\"inLanguage\":\"es\",\"potentialAction\":[{\"@type\":\"ReadAction\",\"target\":[\"https:\\\/\\\/www.inuvika.com\\\/fr\\\/datasheets-whitepapers\\\/\"]}]},{\"@type\":\"ImageObject\",\"inLanguage\":\"es\",\"@id\":\"https:\\\/\\\/www.inuvika.com\\\/fr\\\/datasheets-whitepapers\\\/#primaryimage\",\"url\":\"https:\\\/\\\/www.inuvika.com\\\/wp-content\\\/uploads\\\/brizy\\\/imgs\\\/ResoluteOS_Resources_tile_800_400-526x263x88x0x350x263x1756393204.webp\",\"contentUrl\":\"https:\\\/\\\/www.inuvika.com\\\/wp-content\\\/uploads\\\/brizy\\\/imgs\\\/ResoluteOS_Resources_tile_800_400-526x263x88x0x350x263x1756393204.webp\"},{\"@type\":\"BreadcrumbList\",\"@id\":\"https:\\\/\\\/www.inuvika.com\\\/fr\\\/datasheets-whitepapers\\\/#breadcrumb\",\"itemListElement\":[{\"@type\":\"ListItem\",\"position\":1,\"name\":\"Home\",\"item\":\"https:\\\/\\\/www.inuvika.com\\\/\"},{\"@type\":\"ListItem\",\"position\":2,\"name\":\"Datasheets &#038; Whitepapers\"}]},{\"@type\":\"WebSite\",\"@id\":\"https:\\\/\\\/www.inuvika.com\\\/#website\",\"url\":\"https:\\\/\\\/www.inuvika.com\\\/\",\"name\":\"inuvika.com\",\"description\":\"Apps + Desktops to any device!\",\"publisher\":{\"@id\":\"https:\\\/\\\/www.inuvika.com\\\/#organization\"},\"potentialAction\":[{\"@type\":\"SearchAction\",\"target\":{\"@type\":\"EntryPoint\",\"urlTemplate\":\"https:\\\/\\\/www.inuvika.com\\\/?s={search_term_string}\"},\"query-input\":{\"@type\":\"PropertyValueSpecification\",\"valueRequired\":true,\"valueName\":\"search_term_string\"}}],\"inLanguage\":\"es\"},{\"@type\":\"Organization\",\"@id\":\"https:\\\/\\\/www.inuvika.com\\\/#organization\",\"name\":\"Inuvika Inc\",\"url\":\"https:\\\/\\\/www.inuvika.com\\\/\",\"logo\":{\"@type\":\"ImageObject\",\"inLanguage\":\"es\",\"@id\":\"https:\\\/\\\/www.inuvika.com\\\/#\\\/schema\\\/logo\\\/image\\\/\",\"url\":\"https:\\\/\\\/www.inuvika.com\\\/wp-content\\\/uploads\\\/2018\\\/10\\\/inuvika-logo.png\",\"contentUrl\":\"https:\\\/\\\/www.inuvika.com\\\/wp-content\\\/uploads\\\/2018\\\/10\\\/inuvika-logo.png\",\"width\":718,\"height\":169,\"caption\":\"Inuvika Inc\"},\"image\":{\"@id\":\"https:\\\/\\\/www.inuvika.com\\\/#\\\/schema\\\/logo\\\/image\\\/\"},\"sameAs\":[\"https:\\\/\\\/www.facebook.com\\\/inuvika\\\/\",\"https:\\\/\\\/x.com\\\/InuvikaInc\",\"https:\\\/\\\/www.linkedin.com\\\/company\\\/inuvika-inc-\\\/\",\"https:\\\/\\\/www.youtube.com\\\/channel\\\/UC4nWPydrDItH1KMWqfQw8aA\"]}]}<\/script>\n<!-- \/ Yoast SEO plugin. -->","yoast_head_json":{"title":"Fichas t\u00e9cnicas y libros blancos - Inuvika","robots":{"index":"index","follow":"follow","max-snippet":"max-snippet:-1","max-image-preview":"max-image-preview:large","max-video-preview":"max-video-preview:-1"},"canonical":"https:\/\/www.inuvika.com\/es\/hojas-de-datos-libros-blancos\/","og_locale":"es_ES","og_type":"article","og_title":"Datasheets &#038; Whitepapers - Inuvika","og_description":"Datasheets &#038; Whitepapers Back to Resources ResoluteOS\u2122 Overview &#8211; Datasheet ResoluteOS is Inuvika\u2019s purpose-built Linux thin client OS that securely delivers Inuvika OVD virtual desktops and apps to any device. [&hellip;]","og_url":"https:\/\/www.inuvika.com\/es\/hojas-de-datos-libros-blancos\/","og_site_name":"Inuvika","article_publisher":"https:\/\/www.facebook.com\/inuvika\/","article_modified_time":"2026-04-08T10:56:38+00:00","og_image":[{"url":"https:\/\/www.inuvika.com\/wp-content\/uploads\/brizy\/imgs\/ResoluteOS_Resources_tile_800_400-526x263x88x0x350x263x1756393204.webp","type":"","width":"","height":""}],"twitter_card":"summary_large_image","twitter_site":"@InuvikaInc","schema":{"@context":"https:\/\/schema.org","@graph":[{"@type":"WebPage","@id":"https:\/\/www.inuvika.com\/fr\/datasheets-whitepapers\/","url":"https:\/\/www.inuvika.com\/fr\/datasheets-whitepapers\/","name":"Fichas t\u00e9cnicas y libros blancos - Inuvika","isPartOf":{"@id":"https:\/\/www.inuvika.com\/#website"},"primaryImageOfPage":{"@id":"https:\/\/www.inuvika.com\/fr\/datasheets-whitepapers\/#primaryimage"},"image":{"@id":"https:\/\/www.inuvika.com\/fr\/datasheets-whitepapers\/#primaryimage"},"thumbnailUrl":"https:\/\/www.inuvika.com\/wp-content\/uploads\/brizy\/imgs\/ResoluteOS_Resources_tile_800_400-526x263x88x0x350x263x1756393204.webp","datePublished":"2026-02-10T16:57:06+00:00","dateModified":"2026-04-08T10:56:38+00:00","breadcrumb":{"@id":"https:\/\/www.inuvika.com\/fr\/datasheets-whitepapers\/#breadcrumb"},"inLanguage":"es","potentialAction":[{"@type":"ReadAction","target":["https:\/\/www.inuvika.com\/fr\/datasheets-whitepapers\/"]}]},{"@type":"ImageObject","inLanguage":"es","@id":"https:\/\/www.inuvika.com\/fr\/datasheets-whitepapers\/#primaryimage","url":"https:\/\/www.inuvika.com\/wp-content\/uploads\/brizy\/imgs\/ResoluteOS_Resources_tile_800_400-526x263x88x0x350x263x1756393204.webp","contentUrl":"https:\/\/www.inuvika.com\/wp-content\/uploads\/brizy\/imgs\/ResoluteOS_Resources_tile_800_400-526x263x88x0x350x263x1756393204.webp"},{"@type":"BreadcrumbList","@id":"https:\/\/www.inuvika.com\/fr\/datasheets-whitepapers\/#breadcrumb","itemListElement":[{"@type":"ListItem","position":1,"name":"Home","item":"https:\/\/www.inuvika.com\/"},{"@type":"ListItem","position":2,"name":"Datasheets &#038; Whitepapers"}]},{"@type":"WebSite","@id":"https:\/\/www.inuvika.com\/#website","url":"https:\/\/www.inuvika.com\/","name":"inuvika.com","description":"Aplicaciones y escritorios en cualquier dispositivo","publisher":{"@id":"https:\/\/www.inuvika.com\/#organization"},"potentialAction":[{"@type":"SearchAction","target":{"@type":"EntryPoint","urlTemplate":"https:\/\/www.inuvika.com\/?s={search_term_string}"},"query-input":{"@type":"PropertyValueSpecification","valueRequired":true,"valueName":"search_term_string"}}],"inLanguage":"es"},{"@type":"Organization","@id":"https:\/\/www.inuvika.com\/#organization","name":"Inuvika Inc","url":"https:\/\/www.inuvika.com\/","logo":{"@type":"ImageObject","inLanguage":"es","@id":"https:\/\/www.inuvika.com\/#\/schema\/logo\/image\/","url":"https:\/\/www.inuvika.com\/wp-content\/uploads\/2018\/10\/inuvika-logo.png","contentUrl":"https:\/\/www.inuvika.com\/wp-content\/uploads\/2018\/10\/inuvika-logo.png","width":718,"height":169,"caption":"Inuvika Inc"},"image":{"@id":"https:\/\/www.inuvika.com\/#\/schema\/logo\/image\/"},"sameAs":["https:\/\/www.facebook.com\/inuvika\/","https:\/\/x.com\/InuvikaInc","https:\/\/www.linkedin.com\/company\/inuvika-inc-\/","https:\/\/www.youtube.com\/channel\/UC4nWPydrDItH1KMWqfQw8aA"]}]}},"brizy_media":[],"_links":{"self":[{"href":"https:\/\/www.inuvika.com\/es\/wp-json\/wp\/v2\/pages\/35619","targetHints":{"allow":["GET"]}}],"collection":[{"href":"https:\/\/www.inuvika.com\/es\/wp-json\/wp\/v2\/pages"}],"about":[{"href":"https:\/\/www.inuvika.com\/es\/wp-json\/wp\/v2\/types\/page"}],"author":[{"embeddable":true,"href":"https:\/\/www.inuvika.com\/es\/wp-json\/wp\/v2\/users\/532"}],"replies":[{"embeddable":true,"href":"https:\/\/www.inuvika.com\/es\/wp-json\/wp\/v2\/comments?post=35619"}],"version-history":[{"count":0,"href":"https:\/\/www.inuvika.com\/es\/wp-json\/wp\/v2\/pages\/35619\/revisions"}],"wp:attachment":[{"href":"https:\/\/www.inuvika.com\/es\/wp-json\/wp\/v2\/media?parent=35619"}],"curies":[{"name":"wp","href":"https:\/\/api.w.org\/{rel}","templated":true}]}}