{"id":19781,"date":"2024-04-17T16:53:58","date_gmt":"2024-04-17T20:53:58","guid":{"rendered":"https:\/\/newsite.inuvika.com\/?page_id=19781"},"modified":"2026-04-08T07:36:32","modified_gmt":"2026-04-08T11:36:32","slug":"solicitud-de-acceso-a-la-central-de-socios","status":"publish","type":"page","link":"https:\/\/www.inuvika.com\/es\/partner-central-access-request\/","title":{"rendered":"Solicitud de acceso a Partner Central"},"content":{"rendered":"<div class=\"brz-root__container brz-reset-all brz brz-root__container-page\">\n<section id=\"4ac665607fff642e304f_v9zjNMqS1Vhb\" class=\"brz-section brz-css-1l5r8nq brz-css-zklhgl\">\n<div class=\"brz-section__content brz-section--boxed brz-css-e4te8r brz-css-nh846q\" data-brz-custom-id=\"wZnMOyqGDgdx\">\n<div class=\"brz-container brz-css-1onsctc brz-css-1801jmz\">\n<div class=\"brz-row__container brz-css-zxjsar brz-css-1q5o2br\" data-brz-custom-id=\"zn8LtrxKEBlA\">\n<div class=\"brz-row brz-css-trkei0 brz-css-6k5wn7 brz-css-q3gbe8\">\n<div class=\"brz-columns brz-css-fgmdd5 brz-css-18b87id\" data-brz-custom-id=\"eBkn_JgRmJ9q\">\n<div class=\"brz-column__items brz-css-15p67wj brz-css-1xp7qak\">\n<div id=\"\" class=\"brz-css-1xwq9ud brz-css-uc3p3w brz-css-wfkixx brz-wrapper\">\n<div class=\"brz-spacer brz-css-59zkyd brz-css-1km9ifn\"><\/div>\n<\/div>\n<div id=\"\" class=\"brz-css-1xwq9ud brz-css-5pktqz brz-wrapper\">\n<div class=\"brz-rich-text brz-rich-text__custom brz-css-10jai26 brz-css-vvoc1c\" data-brz-custom-id=\"jzXCQgTHu475\">\n<div data-brz-translate-text=\"1\">\n<h1 class=\"brz-fw-lg-100 brz-fss-lg-px brz-fs-lg-50 brz-ft-google brz-ff-roboto brz-fsft-lg-0 brz-fwdth-lg-100 brz-vfw-lg-400 brz-lh-lg-1_2 brz-ls-lg-0 brz-tp-lg-heading1 brz-css-pYSmE\" data-generated-css=\"brz-css-jjPgL\" data-uniq-id=\"xUJFI\"><span class=\"brz-cp-color1\">Solicitar acceso a Partner Central <\/span><\/h1>\n<\/div>\n<\/div>\n<\/div>\n<div id=\"\" class=\"brz-css-1xwq9ud brz-css-ax6g3 brz-wrapper\">\n<div class=\"brz-rich-text brz-rich-text__custom brz-css-10jai26 brz-css-10v0o0b\" data-brz-custom-id=\"t4cQlGBNO6_6\">\n<div data-brz-translate-text=\"1\">\n<h5 class=\"brz-vfw-lg-400 brz-fwdth-lg-100 brz-fsft-lg-0 brz-tp-lg-empty brz-ff-roboto brz-ft-google brz-fs-lg-20 brz-fss-lg-px brz-fw-lg-300 brz-ls-lg-0 brz-lh-lg-1_5 brz-css-bVwZb\" data-uniq-id=\"n8jKh\" data-generated-css=\"brz-css-jkuF9\"><span class=\"brz-cp-color1\">El acceso a Partner Central est\u00e1 restringido \u00fanicamente a los socios autorizados de Inuvika.<\/span><\/h5>\n<p class=\"brz-tp-lg-empty brz-ff-roboto brz-ft-google brz-fs-lg-16 brz-fss-lg-px brz-fw-lg-300 brz-ls-lg-0 brz-lh-lg-1_7 brz-vfw-lg-400 brz-fwdth-lg-100 brz-fsft-lg-0 brz-css-zqPMU\" data-uniq-id=\"gpiMy\" data-generated-css=\"brz-css-nGc0W\">\n<p class=\"brz-tp-lg-empty brz-ff-roboto brz-ft-google brz-fs-lg-16 brz-fss-lg-px brz-fw-lg-300 brz-ls-lg-0 brz-lh-lg-1_7 brz-vfw-lg-400 brz-fwdth-lg-100 brz-fsft-lg-0 brz-css-s22PW\" data-uniq-id=\"m23os\" data-generated-css=\"brz-css-ds3YW\"><span class=\"brz-cp-color1\">Rellene y env\u00ede su formulario. Para ser aprobado, debe utilizar una direcci\u00f3n de correo electr\u00f3nico corporativa que pertenezca a un socio autorizado de Inuvika.<\/span><\/p>\n<\/div>\n<\/div>\n<\/div>\n<\/div>\n<\/div>\n<div class=\"brz-columns brz-css-fgmdd5 brz-css-t30i9j\" data-brz-custom-id=\"mm6jHs0ZxjZe\">\n<div class=\"brz-column__items brz-css-15p67wj brz-css-16p3fpt\">\n<div id=\"\" class=\"brz-css-1xwq9ud brz-css-jm3z3i brz-wrapper\">\n<div class=\"brz-embed-code brz-css-15oknld brz-css-11kl85i\" data-brz-custom-id=\"vSD5lSRTeldB\">\n<div class=\"brz-embed-content\">\n<div><\/div>\n<\/div>\n<\/div>\n<\/div>\n<\/div>\n<\/div>\n<\/div>\n<\/div>\n<\/div>\n<\/div>\n<\/section>\n<\/div>\n<p><!-- version:1751295759 --><\/p>","protected":false},"excerpt":{"rendered":"<p>Request Access to Partner Central Access to Partner Central is restricted to authorized Inuvika partners only. Complete and submit your form. In order to be approved, you must use a [&hellip;]<\/p>\n","protected":false},"author":532,"featured_media":0,"parent":0,"menu_order":0,"comment_status":"closed","ping_status":"closed","template":"","meta":{"footnotes":""},"class_list":["post-19781","page","type-page","status-publish","hentry"],"blocksy_meta":[],"yoast_head":"<!-- This site is optimized with the Yoast SEO plugin v27.4 - https:\/\/yoast.com\/product\/yoast-seo-wordpress\/ -->\n<title>Partner Central Access Request - Inuvika<\/title>\n<meta name=\"description\" content=\"Request access to Inuvika\u2019s Partner Central portal. Gain exclusive tools, resources, and support to grow your business and succeed as an Inuvika partner.\" \/>\n<meta name=\"robots\" content=\"index, follow, max-snippet:-1, max-image-preview:large, max-video-preview:-1\" \/>\n<link rel=\"canonical\" href=\"https:\/\/www.inuvika.com\/es\/solicitud-de-acceso-a-la-central-de-socios\/\" \/>\n<meta property=\"og:locale\" content=\"es_ES\" \/>\n<meta property=\"og:type\" content=\"article\" \/>\n<meta property=\"og:title\" content=\"Partner Central Access Request - Inuvika\" \/>\n<meta property=\"og:description\" content=\"Request access to Inuvika\u2019s Partner Central portal. Gain exclusive tools, resources, and support to grow your business and succeed as an Inuvika partner.\" \/>\n<meta property=\"og:url\" content=\"https:\/\/www.inuvika.com\/es\/solicitud-de-acceso-a-la-central-de-socios\/\" \/>\n<meta property=\"og:site_name\" content=\"Inuvika\" \/>\n<meta property=\"article:publisher\" content=\"https:\/\/www.facebook.com\/inuvika\/\" \/>\n<meta property=\"article:modified_time\" content=\"2026-04-08T11:36:32+00:00\" \/>\n<meta property=\"og:image\" content=\"https:\/\/www.inuvika.com\/wp-content\/uploads\/2018\/10\/inuvika-logo.jpg\" \/>\n\t<meta property=\"og:image:width\" content=\"718\" \/>\n\t<meta property=\"og:image:height\" content=\"169\" \/>\n\t<meta property=\"og:image:type\" content=\"image\/jpeg\" \/>\n<meta name=\"twitter:card\" content=\"summary_large_image\" \/>\n<meta name=\"twitter:site\" content=\"@InuvikaInc\" \/>\n<meta name=\"twitter:label1\" content=\"Tiempo de lectura\" \/>\n\t<meta name=\"twitter:data1\" content=\"1 minuto\" \/>\n<script type=\"application\/ld+json\" class=\"yoast-schema-graph\">{\"@context\":\"https:\\\/\\\/schema.org\",\"@graph\":[{\"@type\":\"WebPage\",\"@id\":\"https:\\\/\\\/www.inuvika.com\\\/de\\\/partner-central-access-request\\\/\",\"url\":\"https:\\\/\\\/www.inuvika.com\\\/de\\\/partner-central-access-request\\\/\",\"name\":\"Partner Central Access Request - Inuvika\",\"isPartOf\":{\"@id\":\"https:\\\/\\\/www.inuvika.com\\\/#website\"},\"datePublished\":\"2024-04-17T20:53:58+00:00\",\"dateModified\":\"2026-04-08T11:36:32+00:00\",\"description\":\"Request access to Inuvika\u2019s Partner Central portal. Gain exclusive tools, resources, and support to grow your business and succeed as an Inuvika partner.\",\"breadcrumb\":{\"@id\":\"https:\\\/\\\/www.inuvika.com\\\/de\\\/partner-central-access-request\\\/#breadcrumb\"},\"inLanguage\":\"es\",\"potentialAction\":[{\"@type\":\"ReadAction\",\"target\":[\"https:\\\/\\\/www.inuvika.com\\\/de\\\/partner-central-access-request\\\/\"]}]},{\"@type\":\"BreadcrumbList\",\"@id\":\"https:\\\/\\\/www.inuvika.com\\\/de\\\/partner-central-access-request\\\/#breadcrumb\",\"itemListElement\":[{\"@type\":\"ListItem\",\"position\":1,\"name\":\"Home\",\"item\":\"https:\\\/\\\/www.inuvika.com\\\/\"},{\"@type\":\"ListItem\",\"position\":2,\"name\":\"Partner Central Access Request\"}]},{\"@type\":\"WebSite\",\"@id\":\"https:\\\/\\\/www.inuvika.com\\\/#website\",\"url\":\"https:\\\/\\\/www.inuvika.com\\\/\",\"name\":\"inuvika.com\",\"description\":\"Apps + Desktops to any device!\",\"publisher\":{\"@id\":\"https:\\\/\\\/www.inuvika.com\\\/#organization\"},\"potentialAction\":[{\"@type\":\"SearchAction\",\"target\":{\"@type\":\"EntryPoint\",\"urlTemplate\":\"https:\\\/\\\/www.inuvika.com\\\/?s={search_term_string}\"},\"query-input\":{\"@type\":\"PropertyValueSpecification\",\"valueRequired\":true,\"valueName\":\"search_term_string\"}}],\"inLanguage\":\"es\"},{\"@type\":\"Organization\",\"@id\":\"https:\\\/\\\/www.inuvika.com\\\/#organization\",\"name\":\"Inuvika Inc\",\"url\":\"https:\\\/\\\/www.inuvika.com\\\/\",\"logo\":{\"@type\":\"ImageObject\",\"inLanguage\":\"es\",\"@id\":\"https:\\\/\\\/www.inuvika.com\\\/#\\\/schema\\\/logo\\\/image\\\/\",\"url\":\"https:\\\/\\\/www.inuvika.com\\\/wp-content\\\/uploads\\\/2018\\\/10\\\/inuvika-logo.png\",\"contentUrl\":\"https:\\\/\\\/www.inuvika.com\\\/wp-content\\\/uploads\\\/2018\\\/10\\\/inuvika-logo.png\",\"width\":718,\"height\":169,\"caption\":\"Inuvika Inc\"},\"image\":{\"@id\":\"https:\\\/\\\/www.inuvika.com\\\/#\\\/schema\\\/logo\\\/image\\\/\"},\"sameAs\":[\"https:\\\/\\\/www.facebook.com\\\/inuvika\\\/\",\"https:\\\/\\\/x.com\\\/InuvikaInc\",\"https:\\\/\\\/www.linkedin.com\\\/company\\\/inuvika-inc-\\\/\",\"https:\\\/\\\/www.youtube.com\\\/channel\\\/UC4nWPydrDItH1KMWqfQw8aA\"]}]}<\/script>\n<!-- \/ Yoast SEO plugin. -->","yoast_head_json":{"title":"Solicitud de acceso a Partner Central - Inuvika","description":"Solicite acceso al portal Partner Central de Inuvika. Obtenga herramientas exclusivas, recursos y soporte para hacer crecer su negocio y tener \u00e9xito como socio de Inuvika.","robots":{"index":"index","follow":"follow","max-snippet":"max-snippet:-1","max-image-preview":"max-image-preview:large","max-video-preview":"max-video-preview:-1"},"canonical":"https:\/\/www.inuvika.com\/es\/solicitud-de-acceso-a-la-central-de-socios\/","og_locale":"es_ES","og_type":"article","og_title":"Partner Central Access Request - Inuvika","og_description":"Request access to Inuvika\u2019s Partner Central portal. Gain exclusive tools, resources, and support to grow your business and succeed as an Inuvika partner.","og_url":"https:\/\/www.inuvika.com\/es\/solicitud-de-acceso-a-la-central-de-socios\/","og_site_name":"Inuvika","article_publisher":"https:\/\/www.facebook.com\/inuvika\/","article_modified_time":"2026-04-08T11:36:32+00:00","og_image":[{"width":718,"height":169,"url":"https:\/\/www.inuvika.com\/wp-content\/uploads\/2018\/10\/inuvika-logo.jpg","type":"image\/jpeg"}],"twitter_card":"summary_large_image","twitter_site":"@InuvikaInc","twitter_misc":{"Tiempo de lectura":"1 minuto"},"schema":{"@context":"https:\/\/schema.org","@graph":[{"@type":"WebPage","@id":"https:\/\/www.inuvika.com\/de\/partner-central-access-request\/","url":"https:\/\/www.inuvika.com\/de\/partner-central-access-request\/","name":"Solicitud de acceso a Partner Central - Inuvika","isPartOf":{"@id":"https:\/\/www.inuvika.com\/#website"},"datePublished":"2024-04-17T20:53:58+00:00","dateModified":"2026-04-08T11:36:32+00:00","description":"Solicite acceso al portal Partner Central de Inuvika. Obtenga herramientas exclusivas, recursos y soporte para hacer crecer su negocio y tener \u00e9xito como socio de Inuvika.","breadcrumb":{"@id":"https:\/\/www.inuvika.com\/de\/partner-central-access-request\/#breadcrumb"},"inLanguage":"es","potentialAction":[{"@type":"ReadAction","target":["https:\/\/www.inuvika.com\/de\/partner-central-access-request\/"]}]},{"@type":"BreadcrumbList","@id":"https:\/\/www.inuvika.com\/de\/partner-central-access-request\/#breadcrumb","itemListElement":[{"@type":"ListItem","position":1,"name":"Home","item":"https:\/\/www.inuvika.com\/"},{"@type":"ListItem","position":2,"name":"Partner Central Access Request"}]},{"@type":"WebSite","@id":"https:\/\/www.inuvika.com\/#website","url":"https:\/\/www.inuvika.com\/","name":"inuvika.com","description":"Aplicaciones y escritorios en cualquier dispositivo","publisher":{"@id":"https:\/\/www.inuvika.com\/#organization"},"potentialAction":[{"@type":"SearchAction","target":{"@type":"EntryPoint","urlTemplate":"https:\/\/www.inuvika.com\/?s={search_term_string}"},"query-input":{"@type":"PropertyValueSpecification","valueRequired":true,"valueName":"search_term_string"}}],"inLanguage":"es"},{"@type":"Organization","@id":"https:\/\/www.inuvika.com\/#organization","name":"Inuvika Inc","url":"https:\/\/www.inuvika.com\/","logo":{"@type":"ImageObject","inLanguage":"es","@id":"https:\/\/www.inuvika.com\/#\/schema\/logo\/image\/","url":"https:\/\/www.inuvika.com\/wp-content\/uploads\/2018\/10\/inuvika-logo.png","contentUrl":"https:\/\/www.inuvika.com\/wp-content\/uploads\/2018\/10\/inuvika-logo.png","width":718,"height":169,"caption":"Inuvika Inc"},"image":{"@id":"https:\/\/www.inuvika.com\/#\/schema\/logo\/image\/"},"sameAs":["https:\/\/www.facebook.com\/inuvika\/","https:\/\/x.com\/InuvikaInc","https:\/\/www.linkedin.com\/company\/inuvika-inc-\/","https:\/\/www.youtube.com\/channel\/UC4nWPydrDItH1KMWqfQw8aA"]}]}},"brizy_media":[],"_links":{"self":[{"href":"https:\/\/www.inuvika.com\/es\/wp-json\/wp\/v2\/pages\/19781","targetHints":{"allow":["GET"]}}],"collection":[{"href":"https:\/\/www.inuvika.com\/es\/wp-json\/wp\/v2\/pages"}],"about":[{"href":"https:\/\/www.inuvika.com\/es\/wp-json\/wp\/v2\/types\/page"}],"author":[{"embeddable":true,"href":"https:\/\/www.inuvika.com\/es\/wp-json\/wp\/v2\/users\/532"}],"replies":[{"embeddable":true,"href":"https:\/\/www.inuvika.com\/es\/wp-json\/wp\/v2\/comments?post=19781"}],"version-history":[{"count":0,"href":"https:\/\/www.inuvika.com\/es\/wp-json\/wp\/v2\/pages\/19781\/revisions"}],"wp:attachment":[{"href":"https:\/\/www.inuvika.com\/es\/wp-json\/wp\/v2\/media?parent=19781"}],"curies":[{"name":"wp","href":"https:\/\/api.w.org\/{rel}","templated":true}]}}