{"id":19743,"date":"2024-04-17T13:32:02","date_gmt":"2024-04-17T17:32:02","guid":{"rendered":"https:\/\/newsite.inuvika.com\/?page_id=19743"},"modified":"2026-03-26T17:39:58","modified_gmt":"2026-03-26T21:39:58","slug":"encontrar-un-socio","status":"publish","type":"page","link":"https:\/\/www.inuvika.com\/es\/find-a-partner\/","title":{"rendered":"Encontrar un socio"},"content":{"rendered":"<div class=\"brz-root__container brz-reset-all brz brz-root__container-page\">\n<section id=\"_ob3OJgCEDhIe\" class=\"brz-section brz-css-1kloduc\">\n<div class=\"brz-section__content brz-section--boxed brz-css-1mmwe2u brz-css-zdzafz\" data-brz-custom-id=\"jDB3j2Wda7ve\">\n<div class=\"brz-bg\">\n<div class=\"brz-bg-image\"><\/div>\n<\/div>\n<div class=\"brz-container brz-css-7r2fkt\">\n<div id=\"\" class=\"brz-css-9qsm9b brz-wrapper\">\n<div class=\"brz-rich-text brz-rich-text__custom brz-css-1iuldqr\" data-brz-custom-id=\"lJTPb6vuI9l5\">\n<div data-brz-translate-text=\"1\">\n<h1 data-generated-css=\"brz-css-gLAMR\" class=\"brz-text-lg-center brz-tp-lg-empty brz-ff-roboto brz-ft-google brz-fs-lg-46 brz-fss-lg-px brz-fw-lg-700 brz-ls-lg-0 brz-lh-lg-1_2 brz-vfw-lg-400 brz-fwdth-lg-100 brz-fsft-lg-0 brz-css-x18k9\"><span class=\"brz-cp-color8\">Find a Partner<\/span><\/h1>\n<\/div>\n<\/div>\n<\/div>\n<\/div>\n<\/div>\n<\/section>\n<section id=\"_sxBI6HFOUEP6\" class=\"brz-section brz-css-1kloduc\">\n<div class=\"brz-section__content brz-section--boxed brz-css-1mmwe2u brz-css-bs6z3u\" data-brz-custom-id=\"tHNbRPX1SpKk\">\n<div class=\"brz-bg\">\n<div class=\"brz-bg-color\"><\/div>\n<\/div>\n<div class=\"brz-container brz-css-7r2fkt\">\n<div id=\"\" class=\"brz-css-9qsm9b brz-wrapper\">\n<div class=\"brz-rich-text brz-rich-text__custom brz-css-1iuldqr\" data-brz-custom-id=\"lRAuzDvqdK_X\">\n<div data-brz-translate-text=\"1\">\n<h3 class=\"brz-ls-lg-0 brz-fw-lg-300 brz-fss-lg-px brz-fs-lg-30 brz-ft-google brz-ff-roboto brz-tp-lg-empty brz-fsft-lg-0 brz-fwdth-lg-100 brz-vfw-lg-400 brz-lh-lg-1_2 brz-text-lg-justify brz-css-oHgxO\" data-uniq-id=\"ew7O2\" data-generated-css=\"brz-css-nhfim\"><span>Missing a Partner in Your Region?<\/span><\/h3>\n<\/div>\n<\/div>\n<\/div>\n<div id=\"\" class=\"brz-css-9qsm9b brz-wrapper\">\n<div class=\"brz-rich-text brz-rich-text__custom brz-css-1iuldqr\" data-brz-custom-id=\"vvKHkVIww7Pr\">\n<div data-brz-translate-text=\"1\">\n<p class=\"brz-fw-lg-300 brz-fss-lg-px brz-fs-lg-16 brz-ft-google brz-ff-roboto brz-tp-lg-empty brz-fsft-lg-0 brz-fwdth-lg-100 brz-vfw-lg-400 brz-lh-lg-1_7 brz-ls-lg-0 brz-css-hCyjn\" data-uniq-id=\"nH4l1\" data-generated-css=\"brz-css-w_kQ6\"><span class=\"brz-cp-color1\">We deliver our products through integration, service provider and reseller partners. Our partners provide the expertise and professional services for design, implementation and support. To find a partner to help you with your requirements please enter your details below and we will get back to you very shortly.<\/span><\/p>\n<p class=\"brz-fw-lg-300 brz-fss-lg-px brz-fs-lg-16 brz-ft-google brz-ff-roboto brz-tp-lg-empty brz-fsft-lg-0 brz-fwdth-lg-100 brz-vfw-lg-400 brz-lh-lg-1_7 brz-ls-lg-0 brz-css-cM1BK\" data-uniq-id=\"vOjf9\" data-generated-css=\"brz-css-mw2Sl\"><span class=\"brz-cp-color1\">Required fields marked <\/span><span>*<\/span><\/p>\n<\/div>\n<\/div>\n<\/div>\n<\/div>\n<\/div>\n<\/section>\n<section id=\"_uCa3m1TH9iwn\" class=\"brz-section brz-css-1kloduc\">\n<div class=\"brz-section__content brz-section--boxed brz-css-1mmwe2u brz-css-1fjzxqa\" data-brz-custom-id=\"icBlLqbWtJ_6\">\n<div class=\"brz-bg\">\n<div class=\"brz-bg-color\"><\/div>\n<\/div>\n<div class=\"brz-container brz-css-7r2fkt\">\n<div id=\"\" class=\"brz-css-9qsm9b brz-wrapper\">\n<div class=\"brz-wp-shortcode brz-css-1jep7pr\" data-brz-custom-id=\"lQb3PG36nM9l\">\n<div>\n<div id=\"crmWebToEntityForm\">\n<p>\t\t\t\t\t\ttr , td {<br \/>\n\t\t\t\t\t\t\t\tpadding:6px;<br \/>\n\t\t\t\t\t\t\t\tborder-spacing:0px;<br \/>\n\t\t\t\t\t\t\t\tborder-width:0px;<br \/>\n\t\t\t\t\t\t\t\t}<br \/>\n\t\t\t\t\t\t.error_info {<br \/>\n\t\t\t\t\t\t\t\tcolor: #ff0000;<br \/>\n\t\t\t\t\t\t}<\/p>\n<table>\n<tbody>\n<tr>\n<td colspan=\"2\">\n<div class=\"error_info\"><\/div>\n<\/td>\n<\/tr>\n<tr>\n<td colspan=\"2\">\n<strong>Get In Touch<\/strong>\n<\/td>\n<\/tr>\n<tr>\n<td>\nFirst Name<span>*<\/span>\n<\/td>\n<td>\n<\/td>\n<\/tr>\n<tr>\n<td>\nLast Name<span>*<\/span>\n<\/td>\n<td>\n<\/td>\n<\/tr>\n<tr>\n<td>\nCompany<span>*<\/span>\n<\/td>\n<td>\n<\/td>\n<\/tr>\n<tr>\n<td>\nLanguage<span>*<\/span>\n<\/td>\n<td>\n<p>-None-<br \/>\nEnglish<br \/>\nSpanish<br \/>\nFrench<br \/>\nPortuguese<\/p>\n<\/td>\n<\/tr>\n<tr>\n<td>\nEmail<span>*<\/span>\n<\/td>\n<td>\n<\/td>\n<\/tr>\n<tr>\n<td>\nPhone<span>*<\/span>\n<\/td>\n<td>\n<\/td>\n<\/tr>\n<tr>\n<td>\nCountry<span>*<\/span>\n<\/td>\n<td>\n<\/td>\n<\/tr>\n<tr>\n<td>\nJob Role<span>*<\/span>\n<\/td>\n<td>\n<\/td>\n<\/tr>\n<tr>\n<td>\nHow can we help you?<span>*<\/span>\n<\/td>\n<td>\n<textarea name=\"LEADCF5\">&nbsp;<\/textarea>\n<\/td>\n<\/tr>\n<tr>\n<td>\nWould you like to subscribe to our mailing list?\n<\/td>\n<td>\n<\/td>\n<\/tr>\n<tr>\n<td><\/td>\n<td>\n<div class=\"g-recaptcha\" data-sitekey=\"6LfgPqAUAAAAAF5vis9NjuQD69AjyIcheuPyyB2n\" data-callback=\"recaptchaCallback\"><\/div>\n<\/td>\n<\/tr>\n<tr>\n<td colspan=\"2\">\n<\/td>\n<\/tr>\n<\/tbody>\n<\/table>\n<p>\t\t\t\t\t\tvar mndFileds=new Array(&#8216;First_Name&#8217;,&#8217;Last_Name&#8217;,&#8217;Company&#8217;,&#8217;LEADCF32&#8242;,&#8217;Email&#8217;,&#8217;Phone&#8217;,&#8217;Country&#8217;,&#8217;LEADCF42&#8242;,&#8217;LEADCF5&#8242;);<br \/>\n\t\t\t\t\t\tvar fldLangVal=new Array(&#8216;First Name&#8217;,&#8217;Last Name&#8217;,&#8217;Company&#8217;,&#8217;Language&#8217;,&#8217;Email&#8217;,&#8217;Phone&#8217;,&#8217;Country&#8217;,&#8217;Job Role&#8217;,&#8217;How can we help you?&#8217;);<br \/>\n\t\t\t\t\t\tvar name=&#8221;;<br \/>\n\t\t\t\t\t\tvar email=&#8221;;<\/p>\n<p>\t\t\t\t\t\t\/\/ For Zoho<br \/>\n\t\t\t\t\t\tvar mndFields=new Array(&#8216;First Name&#8217;,&#8217;Last Name&#8217;,&#8217;Company&#8217;,&#8217;LEADCF32&#8242;,&#8217;Email&#8217;,&#8217;Phone&#8217;,&#8217;Country&#8217;,&#8217;LEADCF42&#8242;,&#8217;LEADCF5&#8242;);<br \/>\n\t\t\t\t\t\tfunction checkMandatory1659837000014252036() {<br \/>\n\t\t\t\t\t\t\tfor(i=0;i 0) {<br \/>\n\t\t\t\t\t\t\t\t\t\t\t\t\t\t\t\tjQuery(&#8216;.error_info&#8217;).append(err.required_msg + &#8220;<br \/>&#8220;);<br \/>\n\t\t\t\t\t\t\t\t\t\t\t\t\t\t}<br \/>\n\t\t\t\t\t\t\t\t\t\t\t\t\t\tif(err.name.length &gt; 0) {<br \/>\n\t\t\t\t\t\t\t\t\t\t\t\t\t\t\t\tjQuery(&#8220;.error_info&#8221;).append(err.name + &#8220;<br \/>&#8220;);<br \/>\n\t\t\t\t\t\t\t\t\t\t\t\t\t\t}<br \/>\n\t\t\t\t\t\t\t\t\t\t\t\t\t\tif(err.captcha.length &gt; 0) {<br \/>\n\t\t\t\t\t\t\t\t\t\t\t\t\t\t\t\tjQuery(&#8220;.error_info&#8221;).append(err.captcha + &#8220;<br \/>&#8220;);<br \/>\n\t\t\t\t\t\t\t\t\t\t\t\t\t\t}<br \/>\n\t\t\t\t\t\t\t\t\t\t\t\t\t\tif(err.captcha_error.length &gt; 0) {<br \/>\n\t\t\t\t\t\t\t\t\t\t\t\t\t\t\t\tjQuery(&#8220;.error_info&#8221;).append(err.captcha_error + &#8220;<br \/>&#8220;);<br \/>\n\t\t\t\t\t\t\t\t\t\t\t\t\t\t}<br \/>\n\t\t\t\t\t\t\t\t\t\t\t\t\t\tjQuery(&#8216;html,body&#8217;).animate({<br \/>\n\t\t\t\t\t\t\t\t\t\t\t\t\t\t\tscrollTop: jQuery(&#8220;.error_info&#8221;).offset().top &#8211; 100},<br \/>\n\t\t\t\t\t\t\t\t\t\t\t\t\t\t&#8216;slow&#8217;);<br \/>\n\t\t\t\t\t\t\t\t\t\t\t\t\t\treturn false;<br \/>\n\t\t\t\t\t\t\t\t\t\t\t\t}<br \/>\n\t\t\t\t\t\t\t\t\t\t\t\telse {<br \/>\n\t\t\t\t\t\t\t\t\t\t\t\t\t\twindow.location = &#8216;https:\/\/www.inuvika.com\/thank-you-contact\/&#8217;;<br \/>\n\t\t\t\t\t\t\t\t\t\t\t\t}<br \/>\n\t\t\t\t\t\t\t\t\t\t},<br \/>\n\t\t\t\t\t\t\t\t\t\terror: function(xhr, status, error) {<br \/>\n\t\t\t\t\t\t\t\t\t\t\t\tjQuery(&#8216;.error_info&#8217;).html(&#8221;);<br \/>\n\t\t\t\t\t\t\t\t\t\t\t\tjQuery(&#8216;.error_info&#8217;).html(error);<br \/>\n\t\t\t\t\t\t\t\t\t\t},<br \/>\n\t\t\t\t\t\t\t\t});<br \/>\n\t\t\t\t\t\t\t\treturn false;<br \/>\n\t\t\t\t\t\t}<\/p>\n<p>var $zoho= $zoho || {};$zoho.salesiq = $zoho.salesiq || {widgetcode:&#8217;eeec52d901dae15edebe63fa615cb9fe4ab412a22a62891b52efdb6ad3058133&#8242;, values:{},ready:function(){$zoho.salesiq.floatbutton.visible(&#8216;hide&#8217;);}};var d=document;s=d.createElement(&#8216;script&#8217;);s.type=&#8217;text\/javascript&#8217;;s.id=&#8217;zsiqscript&#8217;;s.defer=true;s.src=&#8217;https:\/\/salesiq.zoho.com\/widget&#8217;;t=d.getElementsByTagName(&#8216;script&#8217;)[0];t.parentNode.insertBefore(s,t);function trackVisitor(){try{if($zoho){var LDTuvidObj = document.forms[&#8216;WebToLeads1659837000014252036&#8217;][&#8216;LDTuvid&#8217;];if(LDTuvidObj){LDTuvidObj.value = $zoho.salesiq.visitor.uniqueid();}var firstnameObj = document.forms[&#8216;WebToLeads1659837000014252036&#8217;][&#8216;First Name&#8217;];if(firstnameObj){name = firstnameObj.value +&#8217; &#8216;+name;}$zoho.salesiq.visitor.name(name);var emailObj = document.forms[&#8216;WebToLeads1659837000014252036&#8217;][&#8216;Email&#8217;];if(emailObj){email = emailObj.value;$zoho.salesiq.visitor.email(email);}}} catch(e){}}<\/p>\n<\/div>\n<\/div>\n<\/div>\n<\/div>\n<\/div>\n<\/div>\n<\/section>\n<section id=\"_n7G9FxWsOSPo\" class=\"brz-section brz-css-1kloduc\">\n<div class=\"brz-section__content brz-section--boxed brz-css-1mmwe2u brz-css-kkpps7\" data-brz-custom-id=\"xCa6k6YiThH6\">\n<div class=\"brz-bg\">\n<div class=\"brz-bg-color\"><\/div>\n<\/div>\n<div class=\"brz-container brz-css-7r2fkt\">\n<div id=\"\" class=\"brz-css-9qsm9b brz-wrapper\">\n<div class=\"brz-rich-text brz-rich-text__custom brz-css-1iuldqr\" data-brz-custom-id=\"z9WfAolQiCqz\">\n<div data-brz-translate-text=\"1\">\n<p class=\"brz-fsft-lg-0 brz-fwdth-lg-100 brz-vfw-lg-400 brz-lh-lg-1_7 brz-ls-lg-0 brz-fw-lg-300 brz-fss-lg-px brz-fs-lg-16 brz-ft-google brz-ff-roboto brz-tp-lg-empty brz-text-lg-center brz-css-f5WzX\" data-uniq-id=\"kIbbm\" data-generated-css=\"brz-css-zFEb2\"><span class=\"brz-cp-color1\">Inuvika takes your privacy very seriously. The information that you provide to us in the form above will be used for the purposes of contacting you with information on Inuvika. We will not disclose your details to third parties other than an authorized partner that can service your needs. We will only disclose to other third parties with your express permission and then only for the purposes of assisting you in reviewing our products and services. You can unsubscribe from our news updates at any time by clicking the unsubscribe link in the footer of any email you receive from us, or by contacting us at <\/span><a class=\"link--external brz-cp-color5\" href=\"mailto:marketing@inuvika.com\" data-brz-link-type=\"external\">marketing@inuvika.com<\/a><span class=\"brz-cp-color1\">.<\/span><\/p>\n<\/div>\n<\/div>\n<\/div>\n<\/div>\n<\/div>\n<\/section>\n<\/div>\n<p>    <!-- version:1736954367 --><\/p>\n","protected":false},"excerpt":{"rendered":"<p>Find a Partner Missing a Partner in Your Region? We deliver our products through integration, service provider and reseller partners. Our partners provide the expertise and professional services for design, [&hellip;]<\/p>\n","protected":false},"author":532,"featured_media":0,"parent":0,"menu_order":0,"comment_status":"closed","ping_status":"closed","template":"","meta":{"footnotes":""},"class_list":["post-19743","page","type-page","status-publish","hentry"],"blocksy_meta":[],"yoast_head":"<!-- This site is optimized with the Yoast SEO plugin v27.3 - https:\/\/yoast.com\/product\/yoast-seo-wordpress\/ -->\n<title>Find a Partner - Inuvika<\/title>\n<meta name=\"description\" content=\"Are we missing an Inuvika partner near you? Please enter your details below and we will get back to you shortly with some helpful recommendations.\" \/>\n<meta name=\"robots\" content=\"index, follow, max-snippet:-1, max-image-preview:large, max-video-preview:-1\" \/>\n<link rel=\"canonical\" href=\"https:\/\/www.inuvika.com\/es\/encontrar-un-socio\/\" \/>\n<meta property=\"og:locale\" content=\"es_ES\" \/>\n<meta property=\"og:type\" content=\"article\" \/>\n<meta property=\"og:title\" content=\"Find a Partner - Inuvika\" \/>\n<meta property=\"og:description\" content=\"Are we missing an Inuvika partner near you? Please enter your details below and we will get back to you shortly with some helpful recommendations.\" \/>\n<meta property=\"og:url\" content=\"https:\/\/www.inuvika.com\/es\/encontrar-un-socio\/\" \/>\n<meta property=\"og:site_name\" content=\"Inuvika\" \/>\n<meta property=\"article:publisher\" content=\"https:\/\/www.facebook.com\/inuvika\/\" \/>\n<meta property=\"article:modified_time\" content=\"2026-03-26T21:39:58+00:00\" \/>\n<meta property=\"og:image\" content=\"https:\/\/www.inuvika.com\/wp-content\/uploads\/2018\/10\/inuvika-logo.jpg\" \/>\n\t<meta property=\"og:image:width\" content=\"718\" \/>\n\t<meta property=\"og:image:height\" content=\"169\" \/>\n\t<meta property=\"og:image:type\" content=\"image\/jpeg\" \/>\n<meta name=\"twitter:card\" content=\"summary_large_image\" \/>\n<meta name=\"twitter:site\" content=\"@InuvikaInc\" \/>\n<meta name=\"twitter:label1\" content=\"Tiempo de lectura\" \/>\n\t<meta name=\"twitter:data1\" content=\"1 minuto\" \/>\n<script type=\"application\/ld+json\" class=\"yoast-schema-graph\">{\"@context\":\"https:\\\/\\\/schema.org\",\"@graph\":[{\"@type\":\"WebPage\",\"@id\":\"https:\\\/\\\/www.inuvika.com\\\/es\\\/find-a-partner\\\/\",\"url\":\"https:\\\/\\\/www.inuvika.com\\\/es\\\/find-a-partner\\\/\",\"name\":\"Find a Partner - Inuvika\",\"isPartOf\":{\"@id\":\"https:\\\/\\\/www.inuvika.com\\\/#website\"},\"datePublished\":\"2024-04-17T17:32:02+00:00\",\"dateModified\":\"2026-03-26T21:39:58+00:00\",\"description\":\"Are we missing an Inuvika partner near you? Please enter your details below and we will get back to you shortly with some helpful recommendations.\",\"breadcrumb\":{\"@id\":\"https:\\\/\\\/www.inuvika.com\\\/es\\\/find-a-partner\\\/#breadcrumb\"},\"inLanguage\":\"es\",\"potentialAction\":[{\"@type\":\"ReadAction\",\"target\":[\"https:\\\/\\\/www.inuvika.com\\\/es\\\/find-a-partner\\\/\"]}]},{\"@type\":\"BreadcrumbList\",\"@id\":\"https:\\\/\\\/www.inuvika.com\\\/es\\\/find-a-partner\\\/#breadcrumb\",\"itemListElement\":[{\"@type\":\"ListItem\",\"position\":1,\"name\":\"Home\",\"item\":\"https:\\\/\\\/www.inuvika.com\\\/\"},{\"@type\":\"ListItem\",\"position\":2,\"name\":\"Find a Partner\"}]},{\"@type\":\"WebSite\",\"@id\":\"https:\\\/\\\/www.inuvika.com\\\/#website\",\"url\":\"https:\\\/\\\/www.inuvika.com\\\/\",\"name\":\"inuvika.com\",\"description\":\"Apps + Desktops to any device!\",\"publisher\":{\"@id\":\"https:\\\/\\\/www.inuvika.com\\\/#organization\"},\"potentialAction\":[{\"@type\":\"SearchAction\",\"target\":{\"@type\":\"EntryPoint\",\"urlTemplate\":\"https:\\\/\\\/www.inuvika.com\\\/?s={search_term_string}\"},\"query-input\":{\"@type\":\"PropertyValueSpecification\",\"valueRequired\":true,\"valueName\":\"search_term_string\"}}],\"inLanguage\":\"es\"},{\"@type\":\"Organization\",\"@id\":\"https:\\\/\\\/www.inuvika.com\\\/#organization\",\"name\":\"Inuvika Inc\",\"url\":\"https:\\\/\\\/www.inuvika.com\\\/\",\"logo\":{\"@type\":\"ImageObject\",\"inLanguage\":\"es\",\"@id\":\"https:\\\/\\\/www.inuvika.com\\\/#\\\/schema\\\/logo\\\/image\\\/\",\"url\":\"https:\\\/\\\/www.inuvika.com\\\/wp-content\\\/uploads\\\/2018\\\/10\\\/inuvika-logo.png\",\"contentUrl\":\"https:\\\/\\\/www.inuvika.com\\\/wp-content\\\/uploads\\\/2018\\\/10\\\/inuvika-logo.png\",\"width\":718,\"height\":169,\"caption\":\"Inuvika Inc\"},\"image\":{\"@id\":\"https:\\\/\\\/www.inuvika.com\\\/#\\\/schema\\\/logo\\\/image\\\/\"},\"sameAs\":[\"https:\\\/\\\/www.facebook.com\\\/inuvika\\\/\",\"https:\\\/\\\/x.com\\\/InuvikaInc\",\"https:\\\/\\\/www.linkedin.com\\\/company\\\/inuvika-inc-\\\/\",\"https:\\\/\\\/www.youtube.com\\\/channel\\\/UC4nWPydrDItH1KMWqfQw8aA\"]}]}<\/script>\n<!-- \/ Yoast SEO plugin. -->","yoast_head_json":{"title":"Encontrar un socio - Inuvika","description":"\u00bfNos falta alg\u00fan socio de Inuvika cerca de usted? Introduzca sus datos a continuaci\u00f3n y nos pondremos en contacto con usted en breve con algunas recomendaciones \u00fatiles.","robots":{"index":"index","follow":"follow","max-snippet":"max-snippet:-1","max-image-preview":"max-image-preview:large","max-video-preview":"max-video-preview:-1"},"canonical":"https:\/\/www.inuvika.com\/es\/encontrar-un-socio\/","og_locale":"es_ES","og_type":"article","og_title":"Find a Partner - Inuvika","og_description":"Are we missing an Inuvika partner near you? Please enter your details below and we will get back to you shortly with some helpful recommendations.","og_url":"https:\/\/www.inuvika.com\/es\/encontrar-un-socio\/","og_site_name":"Inuvika","article_publisher":"https:\/\/www.facebook.com\/inuvika\/","article_modified_time":"2026-03-26T21:39:58+00:00","og_image":[{"width":718,"height":169,"url":"https:\/\/www.inuvika.com\/wp-content\/uploads\/2018\/10\/inuvika-logo.jpg","type":"image\/jpeg"}],"twitter_card":"summary_large_image","twitter_site":"@InuvikaInc","twitter_misc":{"Tiempo de lectura":"1 minuto"},"schema":{"@context":"https:\/\/schema.org","@graph":[{"@type":"WebPage","@id":"https:\/\/www.inuvika.com\/es\/find-a-partner\/","url":"https:\/\/www.inuvika.com\/es\/find-a-partner\/","name":"Encontrar un socio - Inuvika","isPartOf":{"@id":"https:\/\/www.inuvika.com\/#website"},"datePublished":"2024-04-17T17:32:02+00:00","dateModified":"2026-03-26T21:39:58+00:00","description":"\u00bfNos falta alg\u00fan socio de Inuvika cerca de usted? Introduzca sus datos a continuaci\u00f3n y nos pondremos en contacto con usted en breve con algunas recomendaciones \u00fatiles.","breadcrumb":{"@id":"https:\/\/www.inuvika.com\/es\/find-a-partner\/#breadcrumb"},"inLanguage":"es","potentialAction":[{"@type":"ReadAction","target":["https:\/\/www.inuvika.com\/es\/find-a-partner\/"]}]},{"@type":"BreadcrumbList","@id":"https:\/\/www.inuvika.com\/es\/find-a-partner\/#breadcrumb","itemListElement":[{"@type":"ListItem","position":1,"name":"Home","item":"https:\/\/www.inuvika.com\/"},{"@type":"ListItem","position":2,"name":"Find a Partner"}]},{"@type":"WebSite","@id":"https:\/\/www.inuvika.com\/#website","url":"https:\/\/www.inuvika.com\/","name":"inuvika.com","description":"Aplicaciones y escritorios en cualquier dispositivo","publisher":{"@id":"https:\/\/www.inuvika.com\/#organization"},"potentialAction":[{"@type":"SearchAction","target":{"@type":"EntryPoint","urlTemplate":"https:\/\/www.inuvika.com\/?s={search_term_string}"},"query-input":{"@type":"PropertyValueSpecification","valueRequired":true,"valueName":"search_term_string"}}],"inLanguage":"es"},{"@type":"Organization","@id":"https:\/\/www.inuvika.com\/#organization","name":"Inuvika Inc","url":"https:\/\/www.inuvika.com\/","logo":{"@type":"ImageObject","inLanguage":"es","@id":"https:\/\/www.inuvika.com\/#\/schema\/logo\/image\/","url":"https:\/\/www.inuvika.com\/wp-content\/uploads\/2018\/10\/inuvika-logo.png","contentUrl":"https:\/\/www.inuvika.com\/wp-content\/uploads\/2018\/10\/inuvika-logo.png","width":718,"height":169,"caption":"Inuvika Inc"},"image":{"@id":"https:\/\/www.inuvika.com\/#\/schema\/logo\/image\/"},"sameAs":["https:\/\/www.facebook.com\/inuvika\/","https:\/\/x.com\/InuvikaInc","https:\/\/www.linkedin.com\/company\/inuvika-inc-\/","https:\/\/www.youtube.com\/channel\/UC4nWPydrDItH1KMWqfQw8aA"]}]}},"brizy_media":[{"id":19582,"url":"https:\/\/www.inuvika.com\/wp-content\/uploads\/2024\/04\/bg_sky.webp","name":"bg_sky.webp","meta":{"brizy_attachment_uid":"wp-38859cc9a2b243c323c757ac10f011ed.webp","brizy_post_uid":["167d1255b79ae8fd8e3c61613b3c5846","4ec1728640fba338a70e51f56e5a45d8","d235fc7dc2ad3d09d3917a7b64f7a36f","7cc0ada3cd999bc834449bcb695023d1"]}}],"_links":{"self":[{"href":"https:\/\/www.inuvika.com\/es\/wp-json\/wp\/v2\/pages\/19743","targetHints":{"allow":["GET"]}}],"collection":[{"href":"https:\/\/www.inuvika.com\/es\/wp-json\/wp\/v2\/pages"}],"about":[{"href":"https:\/\/www.inuvika.com\/es\/wp-json\/wp\/v2\/types\/page"}],"author":[{"embeddable":true,"href":"https:\/\/www.inuvika.com\/es\/wp-json\/wp\/v2\/users\/532"}],"replies":[{"embeddable":true,"href":"https:\/\/www.inuvika.com\/es\/wp-json\/wp\/v2\/comments?post=19743"}],"version-history":[{"count":0,"href":"https:\/\/www.inuvika.com\/es\/wp-json\/wp\/v2\/pages\/19743\/revisions"}],"wp:attachment":[{"href":"https:\/\/www.inuvika.com\/es\/wp-json\/wp\/v2\/media?parent=19743"}],"curies":[{"name":"wp","href":"https:\/\/api.w.org\/{rel}","templated":true}]}}