{"id":35619,"date":"2026-02-10T12:57:06","date_gmt":"2026-02-10T16:57:06","guid":{"rendered":"https:\/\/www.inuvika.com\/?page_id=35619"},"modified":"2026-04-08T06:56:38","modified_gmt":"2026-04-08T10:56:38","slug":"datenblatter-whitepapers","status":"publish","type":"page","link":"https:\/\/www.inuvika.com\/de\/datasheets-whitepapers\/","title":{"rendered":"Datenbl\u00e4tter &amp; Whitepapers"},"content":{"rendered":"<div class=\"brz brz-root__container brz-reset-all brz-root__container-page\">\n<section id=\"gIoa9u2NnbCc_gIoa9u2NnbCc\" class=\"brz-section brz-css-d-section brz-css-ul09d8\">\n<div class=\"brz-section__content brz-section--boxed brz-css-d-sectionitem-bg brz-css-1qe0ib2\" data-brz-custom-id=\"hsJE95GbOloP\">\n<div class=\"brz-bg\">\n<div class=\"brz-bg-color\"><\/div>\n<div class=\"brz-bg-shape brz-bg-shape__bottom\"><\/div>\n<\/div>\n<div class=\"brz-container brz-css-d-sectionitem-container brz-css-zm0fza\">\n<div class=\"brz-row__container brz-css-d-row-row brz-css-1sdmqop\" data-brz-custom-id=\"rbiuhePINddB\">\n<div class=\"brz-row brz-css-d-row-container brz-css-r-row-container brz-css-1o86fc6\">\n<div class=\"brz-columns brz-css-d-column-column brz-css-1b1it8y\" data-brz-custom-id=\"pdXKVCpIhpfD\">\n<div class=\"brz-column__items brz-css-d-column-bg brz-css-9tboqy\">\n<div id=\"\" class=\"brz-css-d-wrapper brz-css-w3zibw brz-wrapper\">\n<div class=\"brz-wp-title brz-css-d-wppoststitle brz-css-osgan9\" data-brz-custom-id=\"agnDQlk2cXmj\"><span class=\"brz-wp-title-content\" style=\"min-height:20px\">Datenbl\u00e4tter &amp; Whitepapers<\/span><\/div>\n<\/div>\n<\/div>\n<\/div>\n<div class=\"brz-columns brz-css-d-column-column brz-css-t2qvxb\" data-brz-custom-id=\"epZTDNDs_ayN\">\n<div class=\"brz-column__items brz-css-d-column-bg brz-css-1tq5ayn\">\n<div class=\"brz-wrapper-clone brz-flex-xs-wrap brz-css-d-cloneable brz-css-z7uhq4\" data-brz-custom-id=\"bgCmvR6l5As5\"><a class=\"brz-a brz-btn brz-css-d-button brz-css-h92dbz brz-css-d-button-bg brz-css-lwnjxu\" target=\"_self\" rel=\"noopener\" href=\"https:\/\/www.inuvika.com\/de\/ressourcen\/\" data-brz-link-type=\"external\" data-brz-custom-id=\"fj5mwEHeeh1F\"><span data-brz-translate-text=\"1\" class=\"brz-span brz-text__editor\">Zur\u00fcck zu Ressourcen<\/span><\/a><\/div>\n<\/div>\n<\/div>\n<\/div>\n<\/div>\n<\/div>\n<\/div>\n<\/section>\n<section id=\"j6HhTi5gpnhu_j6HhTi5gpnhu\" class=\"brz-section brz-css-d-section brz-css-1iaiwgf\">\n<div class=\"brz-section__content brz-section--boxed brz-css-d-sectionitem-bg brz-css-1iijx5u\" data-brz-custom-id=\"ks19gZtdGsc4\">\n<div class=\"brz-container brz-css-d-sectionitem-container brz-css-4mhgrn\">\n<div id=\"\" class=\"brz-css-d-wrapper brz-css-r-wrapper brz-css-h5zao9 brz-wrapper\">\n<div class=\"brz-posts brz-css-d-posts brz-css-mbmexl\" data-brz-custom-id=\"n58jAktupAdB\">\n<div class=\"brz-posts__wrapper\">\n<div class=\"brz-posts__item\">\n<div class=\"brz-columns brz-css-d-column-column brz-css-r-column-column brz-css-130ve76\" data-brz-custom-id=\"tPEVxVJXC5lJ\">\n<div class=\"brz-column__items brz-css-d-column-bg brz-css-3glet5\">\n<div id=\"\" class=\"brz-css-d-wrapper brz-css-yu7ght brz-wrapper\">\n<div class=\"brz-image brz-css-d-image-owmjxg70clou-parent brz-css-8f0cxe\" data-brz-custom-id=\"owmJXg70clOu\"><img decoding=\"async\" class=\"brz-img\" src=\"https:\/\/www.inuvika.com\/wp-content\/uploads\/brizy\/imgs\/ResoluteOS_Resources_tile_800_400-526x263x88x0x350x263x1756393204.webp\" loading=\"lazy\" title=\"\"><\/div>\n<\/div>\n<div id=\"\" class=\"brz-css-d-wrapper brz-css-16m1o8y brz-wrapper\">\n<div class=\"brz-wp-title brz-css-d-wppoststitle brz-css-r-wppoststitle brz-css-1ybgjsr\" data-brz-custom-id=\"jVCTnDPH8zPe\"><span class=\"brz-wp-title-content\" style=\"min-height:20px\">ResoluteOS\u2122 \u00dcberblick - Datenblatt<\/span><\/div>\n<\/div>\n<div id=\"\" class=\"brz-css-d-wrapper brz-css-e9a0rp brz-wrapper\">\n<div class=\"brz-wp-post-excerpt brz-css-d-wppostexcerpt brz-css-r-wppostexcerpt brz-css-55bcz3\" data-brz-custom-id=\"pN160FcPw_jd\"><span class=\"brz-wp-post-excerpt-content\" style=\"min-height:20px\">ResoluteOS ist das speziell entwickelte Linux-Thin-Client-Betriebssystem von Inuvika, das virtuelle Desktops und Anwendungen von Inuvika OVD sicher auf jedem Ger\u00e4t bereitstellt. Es ist auf Leistung und Einfachheit ausgelegt und verwandelt vorhandene Hardware in sichere, zentral verwaltete Endpunkte. ResoluteOS kombiniert schnelle Boot-Zeiten, minimalen Platzbedarf und Kontrolle auf Unternehmensniveau und erm\u00f6glicht so ein modernes Workspace-Erlebnis von praktisch \u00fcberall. Dieses Whitepaper herunterladen<\/span><\/div>\n<\/div>\n<div id=\"readmore\" class=\"brz-wrapper-clone brz-flex-xs-wrap brz-css-d-cloneable brz-css-hp189i\" data-brz-custom-id=\"bPWditVMojXY\"><a class=\"brz-a brz-btn brz-css-d-button brz-css-1en0s4x brz-css-d-button-bg brz-css-r-button-bg brz-css-3oxn7o\" target=\"_self\" rel=\"noopener\" href=\"https:\/\/www.inuvika.com\/de\/ressourcen\/resoluteos-ubersicht-datenblatt\/\" data-brz-link-type=\"external\" data-brz-custom-id=\"uMjPVLof7NGI\"><span data-brz-translate-text=\"1\" class=\"brz-span brz-text__editor\">READ MORE<\/span><\/a><\/div>\n<\/div>\n<\/div>\n<\/div>\n<div class=\"brz-posts__item\">\n<div class=\"brz-columns brz-css-d-column-column brz-css-r-column-column brz-css-130ve76\" data-brz-custom-id=\"tPEVxVJXC5lJ\">\n<div class=\"brz-column__items brz-css-d-column-bg brz-css-3glet5\">\n<div id=\"\" class=\"brz-css-d-wrapper brz-css-yu7ght brz-wrapper\">\n<div class=\"brz-image brz-css-d-image-owmjxg70clou-parent brz-css-8f0cxe\" data-brz-custom-id=\"owmJXg70clOu\"><img decoding=\"async\" class=\"brz-img\" src=\"https:\/\/www.inuvika.com\/wp-content\/uploads\/brizy\/imgs\/inuvikalogodevices-397x263x23x0x350x263x1755797359.png\" loading=\"lazy\" title=\"\"><\/div>\n<\/div>\n<div id=\"\" class=\"brz-css-d-wrapper brz-css-16m1o8y brz-wrapper\">\n<div class=\"brz-wp-title brz-css-d-wppoststitle brz-css-r-wppoststitle brz-css-1ybgjsr\" data-brz-custom-id=\"jVCTnDPH8zPe\"><span class=\"brz-wp-title-content\" style=\"min-height:20px\">OVD Enterprise \u00dcbersicht - Datenblatt<\/span><\/div>\n<\/div>\n<div id=\"\" class=\"brz-css-d-wrapper brz-css-e9a0rp brz-wrapper\">\n<div class=\"brz-wp-post-excerpt brz-css-d-wppostexcerpt brz-css-r-wppostexcerpt brz-css-55bcz3\" data-brz-custom-id=\"pN160FcPw_jd\"><span class=\"brz-wp-post-excerpt-content\" style=\"min-height:20px\">Inuvika OVD Enterprise stellt Anwendern Windows- und Linux-Anwendungen und -Desktops auf jedem Ger\u00e4t und \u00fcberall zur Verf\u00fcgung. Es handelt sich dabei um eine robuste L\u00f6sung f\u00fcr virtualisierte Anwendungen, die Daten und Anwendungen zentralisiert und sensible Unternehmensinformationen sch\u00fctzt, w\u00e4hrend sie gleichzeitig sichere, von au\u00dfen zug\u00e4ngliche digitale Arbeitsumgebungen schafft. Dieses Whitepaper herunterladen<\/span><\/div>\n<\/div>\n<div id=\"readmore\" class=\"brz-wrapper-clone brz-flex-xs-wrap brz-css-d-cloneable brz-css-hp189i\" data-brz-custom-id=\"bPWditVMojXY\"><a class=\"brz-a brz-btn brz-css-d-button brz-css-1en0s4x brz-css-d-button-bg brz-css-r-button-bg brz-css-3oxn7o\" target=\"_self\" rel=\"noopener\" href=\"https:\/\/www.inuvika.com\/de\/ressourcen\/ovd-enterprise-ubersicht-datasheet\/\" data-brz-link-type=\"external\" data-brz-custom-id=\"uMjPVLof7NGI\"><span data-brz-translate-text=\"1\" class=\"brz-span brz-text__editor\">READ MORE<\/span><\/a><\/div>\n<\/div>\n<\/div>\n<\/div>\n<div class=\"brz-posts__item\">\n<div class=\"brz-columns brz-css-d-column-column brz-css-r-column-column brz-css-130ve76\" data-brz-custom-id=\"tPEVxVJXC5lJ\">\n<div class=\"brz-column__items brz-css-d-column-bg brz-css-3glet5\">\n<div id=\"\" class=\"brz-css-d-wrapper brz-css-yu7ght brz-wrapper\">\n<div class=\"brz-image brz-css-d-image-owmjxg70clou-parent brz-css-8f0cxe\" data-brz-custom-id=\"owmJXg70clOu\"><img decoding=\"async\" class=\"brz-img\" src=\"https:\/\/www.inuvika.com\/wp-content\/uploads\/brizy\/imgs\/16076-393x263x21x0x350x263x1758902986.jpg\" loading=\"lazy\" title=\"Citrix Workspace Alternative\"><\/div>\n<\/div>\n<div id=\"\" class=\"brz-css-d-wrapper brz-css-16m1o8y brz-wrapper\">\n<div class=\"brz-wp-title brz-css-d-wppoststitle brz-css-r-wppoststitle brz-css-1ybgjsr\" data-brz-custom-id=\"jVCTnDPH8zPe\"><span class=\"brz-wp-title-content\" style=\"min-height:20px\">Die Alternative zu Citrix und VMware<\/span><\/div>\n<\/div>\n<div id=\"\" class=\"brz-css-d-wrapper brz-css-e9a0rp brz-wrapper\">\n<div class=\"brz-wp-post-excerpt brz-css-d-wppostexcerpt brz-css-r-wppostexcerpt brz-css-55bcz3\" data-brz-custom-id=\"pN160FcPw_jd\"><span class=\"brz-wp-post-excerpt-content\" style=\"min-height:20px\">OVD Enterprise beseitigt die Komplexit\u00e4t und senkt die Kosten, die mit Citrix und VMware verbunden sind. Es bietet eine integrierte und unkomplizierte L\u00f6sung, die schnell und einfach zu implementieren ist, einfach zu verwalten ist und eine gro\u00dfartige Benutzererfahrung bietet. Dieses Whitepaper herunterladen<\/span><\/div>\n<\/div>\n<div id=\"readmore\" class=\"brz-wrapper-clone brz-flex-xs-wrap brz-css-d-cloneable brz-css-hp189i\" data-brz-custom-id=\"bPWditVMojXY\"><a class=\"brz-a brz-btn brz-css-d-button brz-css-1en0s4x brz-css-d-button-bg brz-css-r-button-bg brz-css-3oxn7o\" target=\"_self\" rel=\"noopener\" href=\"https:\/\/www.inuvika.com\/de\/ressourcen\/die-alternative-zu-citrix-und-vmware\/\" data-brz-link-type=\"external\" data-brz-custom-id=\"uMjPVLof7NGI\"><span data-brz-translate-text=\"1\" class=\"brz-span brz-text__editor\">READ MORE<\/span><\/a><\/div>\n<\/div>\n<\/div>\n<\/div>\n<div class=\"brz-posts__item\">\n<div class=\"brz-columns brz-css-d-column-column brz-css-r-column-column brz-css-130ve76\" data-brz-custom-id=\"tPEVxVJXC5lJ\">\n<div class=\"brz-column__items brz-css-d-column-bg brz-css-3glet5\">\n<div id=\"\" class=\"brz-css-d-wrapper brz-css-yu7ght brz-wrapper\">\n<div class=\"brz-image brz-css-d-image-owmjxg70clou-parent brz-css-8f0cxe\" data-brz-custom-id=\"owmJXg70clOu\"><img decoding=\"async\" class=\"brz-img\" src=\"https:\/\/www.inuvika.com\/wp-content\/uploads\/brizy\/imgs\/Screenshot-2026-02-02-at-23-41-22-Remote-Access-Business-Continuity-v1-03-25-20.pdf-436x263x43x0x350x263x1770055901.png\" loading=\"lazy\" title=\"\"><\/div>\n<\/div>\n<div id=\"\" class=\"brz-css-d-wrapper brz-css-16m1o8y brz-wrapper\">\n<div class=\"brz-wp-title brz-css-d-wppoststitle brz-css-r-wppoststitle brz-css-1ybgjsr\" data-brz-custom-id=\"jVCTnDPH8zPe\"><span class=\"brz-wp-title-content\" style=\"min-height:20px\">Fernzugriff und Gesch\u00e4ftskontinuit\u00e4t<\/span><\/div>\n<\/div>\n<div id=\"\" class=\"brz-css-d-wrapper brz-css-e9a0rp brz-wrapper\">\n<div class=\"brz-wp-post-excerpt brz-css-d-wppostexcerpt brz-css-r-wppostexcerpt brz-css-55bcz3\" data-brz-custom-id=\"pN160FcPw_jd\"><span class=\"brz-wp-post-excerpt-content\" style=\"min-height:20px\">Angesichts einer st\u00e4ndig wachsenden Liste von Risiken f\u00fcr Unternehmen ist die Planung der Gesch\u00e4ftskontinuit\u00e4t wichtiger denn je. Die heutigen Unterbrechungen k\u00f6nnen sowohl von Menschen verursacht werden (z. B. Arbeitskampfma\u00dfnahmen und Cyber-Bedrohungen) als auch nat\u00fcrlicher Art sein (z. B. Notf\u00e4lle im Gesundheitswesen und Erdbeben), so dass Sie Ihr Unternehmen auf das Unerwartete vorbereiten m\u00fcssen. Dieses Whitepaper herunterladen<\/span><\/div>\n<\/div>\n<div id=\"readmore\" class=\"brz-wrapper-clone brz-flex-xs-wrap brz-css-d-cloneable brz-css-hp189i\" data-brz-custom-id=\"bPWditVMojXY\"><a class=\"brz-a brz-btn brz-css-d-button brz-css-1en0s4x brz-css-d-button-bg brz-css-r-button-bg brz-css-3oxn7o\" target=\"_self\" rel=\"noopener\" href=\"https:\/\/www.inuvika.com\/de\/ressourcen\/fernzugriff-und-geschaftskontinuitat\/\" data-brz-link-type=\"external\" data-brz-custom-id=\"uMjPVLof7NGI\"><span data-brz-translate-text=\"1\" class=\"brz-span brz-text__editor\">READ MORE<\/span><\/a><\/div>\n<\/div>\n<\/div>\n<\/div>\n<div class=\"brz-posts__item\">\n<div class=\"brz-columns brz-css-d-column-column brz-css-r-column-column brz-css-130ve76\" data-brz-custom-id=\"tPEVxVJXC5lJ\">\n<div class=\"brz-column__items brz-css-d-column-bg brz-css-3glet5\">\n<div id=\"\" class=\"brz-css-d-wrapper brz-css-yu7ght brz-wrapper\">\n<div class=\"brz-image brz-css-d-image-owmjxg70clou-parent brz-css-8f0cxe\" data-brz-custom-id=\"owmJXg70clOu\"><img decoding=\"async\" class=\"brz-img\" src=\"https:\/\/www.inuvika.com\/wp-content\/uploads\/brizy\/imgs\/Screenshot-2026-01-23-at-21-59-29-Solution-Brief-Appl-Virtualization-in-Education-.pdf-421x263x35x0x350x263x1769185779.png\" loading=\"lazy\" title=\"\"><\/div>\n<\/div>\n<div id=\"\" class=\"brz-css-d-wrapper brz-css-16m1o8y brz-wrapper\">\n<div class=\"brz-wp-title brz-css-d-wppoststitle brz-css-r-wppoststitle brz-css-1ybgjsr\" data-brz-custom-id=\"jVCTnDPH8zPe\"><span class=\"brz-wp-title-content\" style=\"min-height:20px\">Anwendungsbereitstellung f\u00fcr das Bildungswesen, die intelligente Art<\/span><\/div>\n<\/div>\n<div id=\"\" class=\"brz-css-d-wrapper brz-css-e9a0rp brz-wrapper\">\n<div class=\"brz-wp-post-excerpt brz-css-d-wppostexcerpt brz-css-r-wppostexcerpt brz-css-55bcz3\" data-brz-custom-id=\"pN160FcPw_jd\"><span class=\"brz-wp-post-excerpt-content\" style=\"min-height:20px\">Die Vermittlung von Bildung hat sich seit der Pandemie erheblich ver\u00e4ndert. Obwohl das digital gest\u00fctzte Lernen bereits enorme Auswirkungen auf die Art und Weise hat, wie Bildung heute vermittelt wird, ist das Kernproblem nach wie vor die statische Natur der Vermittlung. Dieses Whitepaper herunterladen<\/span><\/div>\n<\/div>\n<div id=\"readmore\" class=\"brz-wrapper-clone brz-flex-xs-wrap brz-css-d-cloneable brz-css-hp189i\" data-brz-custom-id=\"bPWditVMojXY\"><a class=\"brz-a brz-btn brz-css-d-button brz-css-1en0s4x brz-css-d-button-bg brz-css-r-button-bg brz-css-3oxn7o\" target=\"_self\" rel=\"noopener\" href=\"https:\/\/www.inuvika.com\/de\/ressourcen\/anwendungsbereitstellung-fur-das-bildungswesen-auf-die-intelligente-art\/\" data-brz-link-type=\"external\" data-brz-custom-id=\"uMjPVLof7NGI\"><span data-brz-translate-text=\"1\" class=\"brz-span brz-text__editor\">READ MORE<\/span><\/a><\/div>\n<\/div>\n<\/div>\n<\/div>\n<div class=\"brz-posts__item\">\n<div class=\"brz-columns brz-css-d-column-column brz-css-r-column-column brz-css-130ve76\" data-brz-custom-id=\"tPEVxVJXC5lJ\">\n<div class=\"brz-column__items brz-css-d-column-bg brz-css-3glet5\">\n<div id=\"\" class=\"brz-css-d-wrapper brz-css-yu7ght brz-wrapper\">\n<div class=\"brz-image brz-css-d-image-owmjxg70clou-parent brz-css-8f0cxe\" data-brz-custom-id=\"owmJXg70clOu\"><img decoding=\"async\" class=\"brz-img\" src=\"https:\/\/www.inuvika.com\/wp-content\/uploads\/brizy\/imgs\/govback-394x263x22x0x350x263x1694616119.webp\" loading=\"lazy\" title=\"\"><\/div>\n<\/div>\n<div id=\"\" class=\"brz-css-d-wrapper brz-css-16m1o8y brz-wrapper\">\n<div class=\"brz-wp-title brz-css-d-wppoststitle brz-css-r-wppoststitle brz-css-1ybgjsr\" data-brz-custom-id=\"jVCTnDPH8zPe\"><span class=\"brz-wp-title-content\" style=\"min-height:20px\">Wie die Anwendungsvirtualisierung von Inuvika die Kosten f\u00fcr die Bereitstellung von Anwendungen senkt<\/span><\/div>\n<\/div>\n<div id=\"\" class=\"brz-css-d-wrapper brz-css-e9a0rp brz-wrapper\">\n<div class=\"brz-wp-post-excerpt brz-css-d-wppostexcerpt brz-css-r-wppostexcerpt brz-css-55bcz3\" data-brz-custom-id=\"pN160FcPw_jd\"><span class=\"brz-wp-post-excerpt-content\" style=\"min-height:20px\">The way in which we work today has changed. That change was always coming. Slowly but surely, we were headed in the direction of working from wherever we chose to work from and using a multitude of different devices. Then the unthinkable happened. We found ourselves in the mid dle of a global pandemic. Covid had hit! Download This Whitepaper<\/span><\/div>\n<\/div>\n<div id=\"readmore\" class=\"brz-wrapper-clone brz-flex-xs-wrap brz-css-d-cloneable brz-css-hp189i\" data-brz-custom-id=\"bPWditVMojXY\"><a class=\"brz-a brz-btn brz-css-d-button brz-css-1en0s4x brz-css-d-button-bg brz-css-r-button-bg brz-css-3oxn7o\" target=\"_self\" rel=\"noopener\" href=\"https:\/\/www.inuvika.com\/de\/ressourcen\/wie-inuvikas-anwendungsvirtualisierung-die-kosten-fur-die-bereitstellung-von-anwendungen-reduziert\/\" data-brz-link-type=\"external\" data-brz-custom-id=\"uMjPVLof7NGI\"><span data-brz-translate-text=\"1\" class=\"brz-span brz-text__editor\">READ MORE<\/span><\/a><\/div>\n<\/div>\n<\/div>\n<\/div>\n<\/div>\n<div class=\"brz-posts__pagination\"><\/div>\n<\/div>\n<\/div>\n<\/div>\n<\/div>\n<\/section><\/div>\n<p><!-- version:1770223621 --><\/p>","protected":false},"excerpt":{"rendered":"<p>Datasheets &#038; Whitepapers Back to Resources ResoluteOS\u2122 Overview &#8211; Datasheet ResoluteOS is Inuvika\u2019s purpose-built Linux thin client OS that securely delivers Inuvika OVD virtual desktops and apps to any device. [&hellip;]<\/p>\n","protected":false},"author":532,"featured_media":0,"parent":0,"menu_order":0,"comment_status":"closed","ping_status":"closed","template":"","meta":{"footnotes":""},"class_list":["post-35619","page","type-page","status-publish","hentry"],"blocksy_meta":[],"yoast_head":"<!-- This site is optimized with the Yoast SEO plugin v27.3 - https:\/\/yoast.com\/product\/yoast-seo-wordpress\/ -->\n<title>Datasheets &#038; Whitepapers - Inuvika<\/title>\n<meta name=\"robots\" content=\"index, follow, max-snippet:-1, max-image-preview:large, max-video-preview:-1\" \/>\n<link rel=\"canonical\" href=\"https:\/\/www.inuvika.com\/de\/datenblatter-whitepapers\/\" \/>\n<meta property=\"og:locale\" content=\"de_DE\" \/>\n<meta property=\"og:type\" content=\"article\" \/>\n<meta property=\"og:title\" content=\"Datasheets &#038; Whitepapers - Inuvika\" \/>\n<meta property=\"og:description\" content=\"Datasheets &#038; Whitepapers Back to Resources ResoluteOS\u2122 Overview &#8211; Datasheet ResoluteOS is Inuvika\u2019s purpose-built Linux thin client OS that securely delivers Inuvika OVD virtual desktops and apps to any device. [&hellip;]\" \/>\n<meta property=\"og:url\" content=\"https:\/\/www.inuvika.com\/de\/datenblatter-whitepapers\/\" \/>\n<meta property=\"og:site_name\" content=\"Inuvika\" \/>\n<meta property=\"article:publisher\" content=\"https:\/\/www.facebook.com\/inuvika\/\" \/>\n<meta property=\"article:modified_time\" content=\"2026-04-08T10:56:38+00:00\" \/>\n<meta property=\"og:image\" content=\"https:\/\/www.inuvika.com\/wp-content\/uploads\/brizy\/imgs\/ResoluteOS_Resources_tile_800_400-526x263x88x0x350x263x1756393204.webp\" \/>\n<meta name=\"twitter:card\" content=\"summary_large_image\" \/>\n<meta name=\"twitter:site\" content=\"@InuvikaInc\" \/>\n<script type=\"application\/ld+json\" class=\"yoast-schema-graph\">{\"@context\":\"https:\\\/\\\/schema.org\",\"@graph\":[{\"@type\":\"WebPage\",\"@id\":\"https:\\\/\\\/www.inuvika.com\\\/fr\\\/datasheets-whitepapers\\\/\",\"url\":\"https:\\\/\\\/www.inuvika.com\\\/fr\\\/datasheets-whitepapers\\\/\",\"name\":\"Datasheets &#038; Whitepapers - Inuvika\",\"isPartOf\":{\"@id\":\"https:\\\/\\\/www.inuvika.com\\\/#website\"},\"primaryImageOfPage\":{\"@id\":\"https:\\\/\\\/www.inuvika.com\\\/fr\\\/datasheets-whitepapers\\\/#primaryimage\"},\"image\":{\"@id\":\"https:\\\/\\\/www.inuvika.com\\\/fr\\\/datasheets-whitepapers\\\/#primaryimage\"},\"thumbnailUrl\":\"https:\\\/\\\/www.inuvika.com\\\/wp-content\\\/uploads\\\/brizy\\\/imgs\\\/ResoluteOS_Resources_tile_800_400-526x263x88x0x350x263x1756393204.webp\",\"datePublished\":\"2026-02-10T16:57:06+00:00\",\"dateModified\":\"2026-04-08T10:56:38+00:00\",\"breadcrumb\":{\"@id\":\"https:\\\/\\\/www.inuvika.com\\\/fr\\\/datasheets-whitepapers\\\/#breadcrumb\"},\"inLanguage\":\"de\",\"potentialAction\":[{\"@type\":\"ReadAction\",\"target\":[\"https:\\\/\\\/www.inuvika.com\\\/fr\\\/datasheets-whitepapers\\\/\"]}]},{\"@type\":\"ImageObject\",\"inLanguage\":\"de\",\"@id\":\"https:\\\/\\\/www.inuvika.com\\\/fr\\\/datasheets-whitepapers\\\/#primaryimage\",\"url\":\"https:\\\/\\\/www.inuvika.com\\\/wp-content\\\/uploads\\\/brizy\\\/imgs\\\/ResoluteOS_Resources_tile_800_400-526x263x88x0x350x263x1756393204.webp\",\"contentUrl\":\"https:\\\/\\\/www.inuvika.com\\\/wp-content\\\/uploads\\\/brizy\\\/imgs\\\/ResoluteOS_Resources_tile_800_400-526x263x88x0x350x263x1756393204.webp\"},{\"@type\":\"BreadcrumbList\",\"@id\":\"https:\\\/\\\/www.inuvika.com\\\/fr\\\/datasheets-whitepapers\\\/#breadcrumb\",\"itemListElement\":[{\"@type\":\"ListItem\",\"position\":1,\"name\":\"Home\",\"item\":\"https:\\\/\\\/www.inuvika.com\\\/\"},{\"@type\":\"ListItem\",\"position\":2,\"name\":\"Datasheets &#038; Whitepapers\"}]},{\"@type\":\"WebSite\",\"@id\":\"https:\\\/\\\/www.inuvika.com\\\/#website\",\"url\":\"https:\\\/\\\/www.inuvika.com\\\/\",\"name\":\"inuvika.com\",\"description\":\"Apps + Desktops to any device!\",\"publisher\":{\"@id\":\"https:\\\/\\\/www.inuvika.com\\\/#organization\"},\"potentialAction\":[{\"@type\":\"SearchAction\",\"target\":{\"@type\":\"EntryPoint\",\"urlTemplate\":\"https:\\\/\\\/www.inuvika.com\\\/?s={search_term_string}\"},\"query-input\":{\"@type\":\"PropertyValueSpecification\",\"valueRequired\":true,\"valueName\":\"search_term_string\"}}],\"inLanguage\":\"de\"},{\"@type\":\"Organization\",\"@id\":\"https:\\\/\\\/www.inuvika.com\\\/#organization\",\"name\":\"Inuvika Inc\",\"url\":\"https:\\\/\\\/www.inuvika.com\\\/\",\"logo\":{\"@type\":\"ImageObject\",\"inLanguage\":\"de\",\"@id\":\"https:\\\/\\\/www.inuvika.com\\\/#\\\/schema\\\/logo\\\/image\\\/\",\"url\":\"https:\\\/\\\/www.inuvika.com\\\/wp-content\\\/uploads\\\/2018\\\/10\\\/inuvika-logo.png\",\"contentUrl\":\"https:\\\/\\\/www.inuvika.com\\\/wp-content\\\/uploads\\\/2018\\\/10\\\/inuvika-logo.png\",\"width\":718,\"height\":169,\"caption\":\"Inuvika Inc\"},\"image\":{\"@id\":\"https:\\\/\\\/www.inuvika.com\\\/#\\\/schema\\\/logo\\\/image\\\/\"},\"sameAs\":[\"https:\\\/\\\/www.facebook.com\\\/inuvika\\\/\",\"https:\\\/\\\/x.com\\\/InuvikaInc\",\"https:\\\/\\\/www.linkedin.com\\\/company\\\/inuvika-inc-\\\/\",\"https:\\\/\\\/www.youtube.com\\\/channel\\\/UC4nWPydrDItH1KMWqfQw8aA\"]}]}<\/script>\n<!-- \/ Yoast SEO plugin. -->","yoast_head_json":{"title":"Datenbl\u00e4tter &amp; Whitepapers - Inuvika","robots":{"index":"index","follow":"follow","max-snippet":"max-snippet:-1","max-image-preview":"max-image-preview:large","max-video-preview":"max-video-preview:-1"},"canonical":"https:\/\/www.inuvika.com\/de\/datenblatter-whitepapers\/","og_locale":"de_DE","og_type":"article","og_title":"Datasheets &#038; Whitepapers - Inuvika","og_description":"Datasheets &#038; Whitepapers Back to Resources ResoluteOS\u2122 Overview &#8211; Datasheet ResoluteOS is Inuvika\u2019s purpose-built Linux thin client OS that securely delivers Inuvika OVD virtual desktops and apps to any device. [&hellip;]","og_url":"https:\/\/www.inuvika.com\/de\/datenblatter-whitepapers\/","og_site_name":"Inuvika","article_publisher":"https:\/\/www.facebook.com\/inuvika\/","article_modified_time":"2026-04-08T10:56:38+00:00","og_image":[{"url":"https:\/\/www.inuvika.com\/wp-content\/uploads\/brizy\/imgs\/ResoluteOS_Resources_tile_800_400-526x263x88x0x350x263x1756393204.webp","type":"","width":"","height":""}],"twitter_card":"summary_large_image","twitter_site":"@InuvikaInc","schema":{"@context":"https:\/\/schema.org","@graph":[{"@type":"WebPage","@id":"https:\/\/www.inuvika.com\/fr\/datasheets-whitepapers\/","url":"https:\/\/www.inuvika.com\/fr\/datasheets-whitepapers\/","name":"Datenbl\u00e4tter &amp; Whitepapers - Inuvika","isPartOf":{"@id":"https:\/\/www.inuvika.com\/#website"},"primaryImageOfPage":{"@id":"https:\/\/www.inuvika.com\/fr\/datasheets-whitepapers\/#primaryimage"},"image":{"@id":"https:\/\/www.inuvika.com\/fr\/datasheets-whitepapers\/#primaryimage"},"thumbnailUrl":"https:\/\/www.inuvika.com\/wp-content\/uploads\/brizy\/imgs\/ResoluteOS_Resources_tile_800_400-526x263x88x0x350x263x1756393204.webp","datePublished":"2026-02-10T16:57:06+00:00","dateModified":"2026-04-08T10:56:38+00:00","breadcrumb":{"@id":"https:\/\/www.inuvika.com\/fr\/datasheets-whitepapers\/#breadcrumb"},"inLanguage":"de","potentialAction":[{"@type":"ReadAction","target":["https:\/\/www.inuvika.com\/fr\/datasheets-whitepapers\/"]}]},{"@type":"ImageObject","inLanguage":"de","@id":"https:\/\/www.inuvika.com\/fr\/datasheets-whitepapers\/#primaryimage","url":"https:\/\/www.inuvika.com\/wp-content\/uploads\/brizy\/imgs\/ResoluteOS_Resources_tile_800_400-526x263x88x0x350x263x1756393204.webp","contentUrl":"https:\/\/www.inuvika.com\/wp-content\/uploads\/brizy\/imgs\/ResoluteOS_Resources_tile_800_400-526x263x88x0x350x263x1756393204.webp"},{"@type":"BreadcrumbList","@id":"https:\/\/www.inuvika.com\/fr\/datasheets-whitepapers\/#breadcrumb","itemListElement":[{"@type":"ListItem","position":1,"name":"Home","item":"https:\/\/www.inuvika.com\/"},{"@type":"ListItem","position":2,"name":"Datasheets &#038; Whitepapers"}]},{"@type":"WebSite","@id":"https:\/\/www.inuvika.com\/#website","url":"https:\/\/www.inuvika.com\/","name":"inuvika.de","description":"Apps + Desktops auf jedem Ger\u00e4t!","publisher":{"@id":"https:\/\/www.inuvika.com\/#organization"},"potentialAction":[{"@type":"SearchAction","target":{"@type":"EntryPoint","urlTemplate":"https:\/\/www.inuvika.com\/?s={search_term_string}"},"query-input":{"@type":"PropertyValueSpecification","valueRequired":true,"valueName":"search_term_string"}}],"inLanguage":"de"},{"@type":"Organization","@id":"https:\/\/www.inuvika.com\/#organization","name":"Inuvika Inc","url":"https:\/\/www.inuvika.com\/","logo":{"@type":"ImageObject","inLanguage":"de","@id":"https:\/\/www.inuvika.com\/#\/schema\/logo\/image\/","url":"https:\/\/www.inuvika.com\/wp-content\/uploads\/2018\/10\/inuvika-logo.png","contentUrl":"https:\/\/www.inuvika.com\/wp-content\/uploads\/2018\/10\/inuvika-logo.png","width":718,"height":169,"caption":"Inuvika Inc"},"image":{"@id":"https:\/\/www.inuvika.com\/#\/schema\/logo\/image\/"},"sameAs":["https:\/\/www.facebook.com\/inuvika\/","https:\/\/x.com\/InuvikaInc","https:\/\/www.linkedin.com\/company\/inuvika-inc-\/","https:\/\/www.youtube.com\/channel\/UC4nWPydrDItH1KMWqfQw8aA"]}]}},"brizy_media":[],"_links":{"self":[{"href":"https:\/\/www.inuvika.com\/de\/wp-json\/wp\/v2\/pages\/35619","targetHints":{"allow":["GET"]}}],"collection":[{"href":"https:\/\/www.inuvika.com\/de\/wp-json\/wp\/v2\/pages"}],"about":[{"href":"https:\/\/www.inuvika.com\/de\/wp-json\/wp\/v2\/types\/page"}],"author":[{"embeddable":true,"href":"https:\/\/www.inuvika.com\/de\/wp-json\/wp\/v2\/users\/532"}],"replies":[{"embeddable":true,"href":"https:\/\/www.inuvika.com\/de\/wp-json\/wp\/v2\/comments?post=35619"}],"version-history":[{"count":0,"href":"https:\/\/www.inuvika.com\/de\/wp-json\/wp\/v2\/pages\/35619\/revisions"}],"wp:attachment":[{"href":"https:\/\/www.inuvika.com\/de\/wp-json\/wp\/v2\/media?parent=35619"}],"curies":[{"name":"wp","href":"https:\/\/api.w.org\/{rel}","templated":true}]}}